{"id":10,"date":"2024-11-29T03:13:45","date_gmt":"2024-11-29T03:13:45","guid":{"rendered":"https:\/\/kupzino.com\/cart\/"},"modified":"2025-05-15T07:37:53","modified_gmt":"2025-05-15T07:37:53","slug":"cart","status":"publish","type":"page","link":"https:\/\/hwtmart.ch\/?page_id=10","title":{"rendered":"Panier"},"content":{"rendered":"\n<div data-block-name=\"woocommerce\/cart\" class=\"wp-block-woocommerce-cart alignwide is-loading\">\n<div data-block-name=\"woocommerce\/filled-cart-block\" class=\"wp-block-woocommerce-filled-cart-block\">\n<div data-block-name=\"woocommerce\/cart-items-block\" class=\"wp-block-woocommerce-cart-items-block\">\n<div data-block-name=\"woocommerce\/cart-line-items-block\" class=\"wp-block-woocommerce-cart-line-items-block\"><\/div>\n\n\n\n<div data-block-name=\"woocommerce\/cart-cross-sells-block\" class=\"wp-block-woocommerce-cart-cross-sells-block\">\n<h2 class=\"wp-block-heading has-large-font-size\">You may be interested in\u2026<\/h2>\n\n\n\n<div data-block-name=\"woocommerce\/cart-cross-sells-products-block\" class=\"wp-block-woocommerce-cart-cross-sells-products-block\"><\/div>\n<\/div>\n<\/div>\n\n\n\n<div data-block-name=\"woocommerce\/cart-totals-block\" class=\"wp-block-woocommerce-cart-totals-block\">\n<div data-block-name=\"woocommerce\/cart-order-summary-block\" class=\"wp-block-woocommerce-cart-order-summary-block\">\n<div data-block-name=\"woocommerce\/cart-order-summary-heading-block\" class=\"wp-block-woocommerce-cart-order-summary-heading-block\"><\/div><div data-block-name=\"woocommerce\/cart-order-summary-coupon-form-block\" class=\"wp-block-woocommerce-cart-order-summary-coupon-form-block\"><\/div><div data-block-name=\"woocommerce\/cart-order-summary-totals-block\" class=\"wp-block-woocommerce-cart-order-summary-totals-block\">\n<div data-block-name=\"woocommerce\/cart-order-summary-subtotal-block\" class=\"wp-block-woocommerce-cart-order-summary-subtotal-block\"><\/div>\n<div data-block-name=\"woocommerce\/cart-order-summary-discount-block\" class=\"wp-block-woocommerce-cart-order-summary-discount-block\"><\/div>\n<div data-block-name=\"woocommerce\/cart-order-summary-fee-block\" class=\"wp-block-woocommerce-cart-order-summary-fee-block\"><\/div>\n<div data-block-name=\"woocommerce\/cart-order-summary-shipping-block\" class=\"wp-block-woocommerce-cart-order-summary-shipping-block\"><\/div>\n<div data-block-name=\"woocommerce\/cart-order-summary-taxes-block\" class=\"wp-block-woocommerce-cart-order-summary-taxes-block\"><\/div><\/div>\n<\/div>\n\n\n\n<div data-block-name=\"woocommerce\/cart-express-payment-block\" class=\"wp-block-woocommerce-cart-express-payment-block\"><\/div>\n\n\n\n<div data-block-name=\"woocommerce\/proceed-to-checkout-block\" class=\"wp-block-woocommerce-proceed-to-checkout-block\"><\/div>\n\n\n\n<div data-block-name=\"woocommerce\/cart-accepted-payment-methods-block\" class=\"wp-block-woocommerce-cart-accepted-payment-methods-block\"><\/div>\n<\/div>\n<\/div>\n\n\n\n<div data-block-name=\"woocommerce\/empty-cart-block\" class=\"wp-block-woocommerce-empty-cart-block\">\n<h2 class=\"wp-block-heading has-text-align-center with-empty-cart-icon wc-block-cart__empty-cart__title\">Your cart is currently empty!<\/h2>\n\n\n\n<hr class=\"wp-block-separator has-alpha-channel-opacity is-style-dots\"\/>\n\n\n\n<h2 class=\"wp-block-heading has-text-align-center\">New in store<\/h2>\n\n\n<div data-block-name=\"woocommerce\/product-new\" data-columns=\"4\" data-rows=\"1\" class=\"wc-block-grid wp-block-product-new wp-block-woocommerce-product-new wc-block-product-new has-4-columns\"><ul class=\"wc-block-grid__products\"><li class=\"wc-block-grid__product\">\n\t\t\t\t<a href=\"https:\/\/hwtmart.ch\/?product=adaptateur-ue-vers-suisse-certifie-ce-securite-enfants-petit-et-compact-pour-la-suisse\" class=\"wc-block-grid__product-link\">\n\t\t\t\t\t<div class=\"wc-block-grid__product-onsale\">\n\t\t\t<span aria-hidden=\"true\">Promo<\/span>\n\t\t\t<span class=\"screen-reader-text\">Produit en promotion<\/span>\n\t\t<\/div>\n\t\t\t\t\t<div class=\"wc-block-grid__product-image\"><img fetchpriority=\"high\" decoding=\"async\" width=\"500\" height=\"500\" src=\"https:\/\/hwtmart.ch\/wp-content\/uploads\/2026\/04\/6-500x500.jpg\" class=\"attachment-woocommerce_thumbnail size-woocommerce_thumbnail\" alt=\"Adaptateur de type allemand vers Suisse, mise \u00e0 la terre, type fran\u00e7ais vers Suisse, fiche tripolaire ronde 10A 250V\" srcset=\"https:\/\/hwtmart.ch\/wp-content\/uploads\/2026\/04\/6-500x500.jpg 500w, https:\/\/hwtmart.ch\/wp-content\/uploads\/2026\/04\/6-300x300.jpg 300w, https:\/\/hwtmart.ch\/wp-content\/uploads\/2026\/04\/6-150x150.jpg 150w, https:\/\/hwtmart.ch\/wp-content\/uploads\/2026\/04\/6-768x768.jpg 768w, https:\/\/hwtmart.ch\/wp-content\/uploads\/2026\/04\/6-450x450.jpg 450w, https:\/\/hwtmart.ch\/wp-content\/uploads\/2026\/04\/6-54x54.jpg 54w, https:\/\/hwtmart.ch\/wp-content\/uploads\/2026\/04\/6-50x50.jpg 50w, https:\/\/hwtmart.ch\/wp-content\/uploads\/2026\/04\/6-100x100.jpg 100w, https:\/\/hwtmart.ch\/wp-content\/uploads\/2026\/04\/6.jpg 800w\" sizes=\"(max-width: 500px) 100vw, 500px\" \/><\/div>\n\t\t\t\t\t<div class=\"wc-block-grid__product-title\">Adaptateur de type allemand vers Suisse, mise \u00e0 la terre, type fran\u00e7ais vers Suisse, fiche tripolaire ronde 10A 250V<\/div>\n\t\t\t\t<\/a>\n\t\t\t\t<div class=\"wc-block-grid__product-price price\"><del aria-hidden=\"true\"><span class=\"woocommerce-Price-amount amount\"><span class=\"woocommerce-Price-currencySymbol\">&#067;&#072;&#070;<\/span>&nbsp;7.95<\/span><\/del> <span class=\"screen-reader-text\">Le prix initial \u00e9tait\u00a0: &#067;&#072;&#070;&nbsp;7.95.<\/span><ins aria-hidden=\"true\"><span class=\"woocommerce-Price-amount amount\"><span class=\"woocommerce-Price-currencySymbol\">&#067;&#072;&#070;<\/span>&nbsp;4.95<\/span><\/ins><span class=\"screen-reader-text\">Le prix actuel est\u00a0: &#067;&#072;&#070;&nbsp;4.95.<\/span> <small class=\"woocommerce-price-suffix\">CHF<\/small><\/div>\n\t\t\t\t\n\t\t\t\t<div class=\"wp-block-button wc-block-grid__product-add-to-cart\"><a href=\"\/index.php?rest_route=%2Fwp%2Fv2%2Fpages%2F10&#038;add-to-cart=12464\" aria-label=\"Ajouter au panier\u00a0: &ldquo;Adaptateur de type allemand vers Suisse, mise \u00e0 la terre, type fran\u00e7ais vers Suisse, fiche tripolaire ronde 10A 250V&rdquo;\" data-quantity=\"1\" data-product_id=\"12464\" data-product_sku=\"\" data-price=\"4.95\" rel=\"nofollow\" class=\"wp-block-button__link  add_to_cart_button ajax_add_to_cart\">Ajouter au panier<\/a><\/div>\n\t\t\t<\/li><li class=\"wc-block-grid__product\">\n\t\t\t\t<a href=\"https:\/\/hwtmart.ch\/?product=camera-sport-main-tenue-4k-eis-ecran-ips-tactile-hd-stabilisation-renforcee\" class=\"wc-block-grid__product-link\">\n\t\t\t\t\t<div class=\"wc-block-grid__product-onsale\">\n\t\t\t<span aria-hidden=\"true\">Promo<\/span>\n\t\t\t<span class=\"screen-reader-text\">Produit en promotion<\/span>\n\t\t<\/div>\n\t\t\t\t\t<div class=\"wc-block-grid__product-image\"><img decoding=\"async\" width=\"500\" height=\"500\" src=\"https:\/\/hwtmart.ch\/wp-content\/uploads\/2026\/02\/0-500x500.jpg\" class=\"attachment-woocommerce_thumbnail size-woocommerce_thumbnail\" alt=\"Cam\u00e9ra Sport Main Tenue 4K EIS, \u00c9cran IPS Tactile HD, Stabilisation Renforc\u00e9e\" srcset=\"https:\/\/hwtmart.ch\/wp-content\/uploads\/2026\/02\/0-500x500.jpg 500w, https:\/\/hwtmart.ch\/wp-content\/uploads\/2026\/02\/0-300x300.jpg 300w, https:\/\/hwtmart.ch\/wp-content\/uploads\/2026\/02\/0-150x150.jpg 150w, https:\/\/hwtmart.ch\/wp-content\/uploads\/2026\/02\/0-768x768.jpg 768w, https:\/\/hwtmart.ch\/wp-content\/uploads\/2026\/02\/0-450x450.jpg 450w, https:\/\/hwtmart.ch\/wp-content\/uploads\/2026\/02\/0-54x54.jpg 54w, https:\/\/hwtmart.ch\/wp-content\/uploads\/2026\/02\/0-50x50.jpg 50w, https:\/\/hwtmart.ch\/wp-content\/uploads\/2026\/02\/0-100x100.jpg 100w, https:\/\/hwtmart.ch\/wp-content\/uploads\/2026\/02\/0.jpg 1000w\" sizes=\"(max-width: 500px) 100vw, 500px\" \/><\/div>\n\t\t\t\t\t<div class=\"wc-block-grid__product-title\">Cam\u00e9ra Sport Main Tenue 4K EIS, \u00c9cran IPS Tactile HD, Stabilisation Renforc\u00e9e<\/div>\n\t\t\t\t<\/a>\n\t\t\t\t<div class=\"wc-block-grid__product-price price\"><del aria-hidden=\"true\"><span class=\"woocommerce-Price-amount amount\"><span class=\"woocommerce-Price-currencySymbol\">&#067;&#072;&#070;<\/span>&nbsp;179.00<\/span><\/del> <span class=\"screen-reader-text\">Le prix initial \u00e9tait\u00a0: &#067;&#072;&#070;&nbsp;179.00.<\/span><ins aria-hidden=\"true\"><span class=\"woocommerce-Price-amount amount\"><span class=\"woocommerce-Price-currencySymbol\">&#067;&#072;&#070;<\/span>&nbsp;116.35<\/span><\/ins><span class=\"screen-reader-text\">Le prix actuel est\u00a0: &#067;&#072;&#070;&nbsp;116.35.<\/span> <small class=\"woocommerce-price-suffix\">CHF<\/small><\/div>\n\t\t\t\t\n\t\t\t\t<div class=\"wp-block-button wc-block-grid__product-add-to-cart\"><a href=\"\/index.php?rest_route=%2Fwp%2Fv2%2Fpages%2F10&#038;add-to-cart=11523\" aria-label=\"Ajouter au panier\u00a0: &ldquo;Cam\u00e9ra Sport Main Tenue 4K EIS, \u00c9cran IPS Tactile HD, Stabilisation Renforc\u00e9e&rdquo;\" data-quantity=\"1\" data-product_id=\"11523\" data-product_sku=\"AT-M103DR\" data-price=\"116.35\" rel=\"nofollow\" class=\"wp-block-button__link  add_to_cart_button ajax_add_to_cart\">Ajouter au panier<\/a><\/div>\n\t\t\t<\/li><li class=\"wc-block-grid__product\">\n\t\t\t\t<a href=\"https:\/\/hwtmart.ch\/?product=57-x-30-mm-thermopapierrolle-fur-belegdruck-bpa-frei-wasserdicht-taschendrucker\" class=\"wc-block-grid__product-link\">\n\t\t\t\t\t\n\t\t\t\t\t<div class=\"wc-block-grid__product-image\"><img decoding=\"async\" width=\"500\" height=\"500\" src=\"https:\/\/hwtmart.ch\/wp-content\/uploads\/2026\/02\/10826192901_1284413762-500x500.jpg\" class=\"attachment-woocommerce_thumbnail size-woocommerce_thumbnail\" alt=\"Papier thermique XH45S 57*30, rouleau de re\u00e7u caisse POS, papier d&#039;impression thermique sans ruban\" srcset=\"https:\/\/hwtmart.ch\/wp-content\/uploads\/2026\/02\/10826192901_1284413762-500x500.jpg 500w, https:\/\/hwtmart.ch\/wp-content\/uploads\/2026\/02\/10826192901_1284413762-300x300.jpg 300w, https:\/\/hwtmart.ch\/wp-content\/uploads\/2026\/02\/10826192901_1284413762-150x150.jpg 150w, https:\/\/hwtmart.ch\/wp-content\/uploads\/2026\/02\/10826192901_1284413762-768x768.jpg 768w, https:\/\/hwtmart.ch\/wp-content\/uploads\/2026\/02\/10826192901_1284413762-450x450.jpg 450w, https:\/\/hwtmart.ch\/wp-content\/uploads\/2026\/02\/10826192901_1284413762-54x54.jpg 54w, https:\/\/hwtmart.ch\/wp-content\/uploads\/2026\/02\/10826192901_1284413762-50x50.jpg 50w, https:\/\/hwtmart.ch\/wp-content\/uploads\/2026\/02\/10826192901_1284413762-100x100.jpg 100w, https:\/\/hwtmart.ch\/wp-content\/uploads\/2026\/02\/10826192901_1284413762.jpg 800w\" sizes=\"(max-width: 500px) 100vw, 500px\" \/><\/div>\n\t\t\t\t\t<div class=\"wc-block-grid__product-title\">Papier thermique XH45S 57*30, rouleau de re\u00e7u caisse POS, papier d&rsquo;impression thermique sans ruban<\/div>\n\t\t\t\t<\/a>\n\t\t\t\t<div class=\"wc-block-grid__product-price price\"><span class=\"woocommerce-Price-amount amount\"><span class=\"woocommerce-Price-currencySymbol\">&#067;&#072;&#070;<\/span>&nbsp;36.00<\/span> <small class=\"woocommerce-price-suffix\">CHF<\/small><\/div>\n\t\t\t\t\n\t\t\t\t<div class=\"wp-block-button wc-block-grid__product-add-to-cart\"><a href=\"\/index.php?rest_route=%2Fwp%2Fv2%2Fpages%2F10&#038;add-to-cart=11394\" aria-label=\"Ajouter au panier\u00a0: &ldquo;Papier thermique XH45S 57*30, rouleau de re\u00e7u caisse POS, papier d&#039;impression thermique sans ruban&rdquo;\" data-quantity=\"1\" data-product_id=\"11394\" data-product_sku=\"HWT04TP_XH45S\" data-price=\"36\" rel=\"nofollow\" class=\"wp-block-button__link  add_to_cart_button ajax_add_to_cart\">Ajouter au panier<\/a><\/div>\n\t\t\t<\/li><li class=\"wc-block-grid__product\">\n\t\t\t\t<a href=\"https:\/\/hwtmart.ch\/?product=57-x-50-mm-thermopapierrolle-fur-belegdruck-bpa-frei-wasserdicht-taschendrucker\" class=\"wc-block-grid__product-link\">\n\t\t\t\t\t\n\t\t\t\t\t<div class=\"wc-block-grid__product-image\"><img loading=\"lazy\" decoding=\"async\" width=\"500\" height=\"500\" src=\"https:\/\/hwtmart.ch\/wp-content\/uploads\/2026\/02\/00-500x500.jpg\" class=\"attachment-woocommerce_thumbnail size-woocommerce_thumbnail\" alt=\"Papier thermique X290S 57*50, rouleau de re\u00e7u caisse POS, papier d&#039;impression thermique sans ruban\" srcset=\"https:\/\/hwtmart.ch\/wp-content\/uploads\/2026\/02\/00-500x500.jpg 500w, https:\/\/hwtmart.ch\/wp-content\/uploads\/2026\/02\/00-300x300.jpg 300w, https:\/\/hwtmart.ch\/wp-content\/uploads\/2026\/02\/00-150x150.jpg 150w, https:\/\/hwtmart.ch\/wp-content\/uploads\/2026\/02\/00-768x768.jpg 768w, https:\/\/hwtmart.ch\/wp-content\/uploads\/2026\/02\/00-450x450.jpg 450w, https:\/\/hwtmart.ch\/wp-content\/uploads\/2026\/02\/00-54x54.jpg 54w, https:\/\/hwtmart.ch\/wp-content\/uploads\/2026\/02\/00-50x50.jpg 50w, https:\/\/hwtmart.ch\/wp-content\/uploads\/2026\/02\/00-100x100.jpg 100w, https:\/\/hwtmart.ch\/wp-content\/uploads\/2026\/02\/00.jpg 1000w\" sizes=\"(max-width: 500px) 100vw, 500px\" \/><\/div>\n\t\t\t\t\t<div class=\"wc-block-grid__product-title\">Papier thermique X290S 57*50, rouleau de re\u00e7u caisse POS, papier d&rsquo;impression thermique sans ruban<\/div>\n\t\t\t\t<\/a>\n\t\t\t\t<div class=\"wc-block-grid__product-price price\"><span class=\"woocommerce-Price-amount amount\"><span class=\"woocommerce-Price-currencySymbol\">&#067;&#072;&#070;<\/span>&nbsp;54.00<\/span> <small class=\"woocommerce-price-suffix\">CHF<\/small><\/div>\n\t\t\t\t\n\t\t\t\t<div class=\"wp-block-button wc-block-grid__product-add-to-cart\"><a href=\"https:\/\/hwtmart.ch\/?product=57-x-50-mm-thermopapierrolle-fur-belegdruck-bpa-frei-wasserdicht-taschendrucker\" aria-label=\"S\u00e9lectionner les options pour &ldquo;Papier thermique X290S 57*50, rouleau de re\u00e7u caisse POS, papier d&#039;impression thermique sans ruban&rdquo;\" data-quantity=\"1\" data-product_id=\"11398\" data-product_sku=\"HWT04TP_X290S\" data-price=\"54\" rel=\"nofollow\" class=\"wp-block-button__link  add_to_cart_button\">Choix des options<\/a><\/div>\n\t\t\t<\/li><\/ul><\/div><\/div>\n<\/div>\n","protected":false},"excerpt":{"rendered":"","protected":false},"author":1,"featured_media":0,"parent":0,"menu_order":0,"comment_status":"closed","ping_status":"closed","template":"","meta":{"footnotes":""},"class_list":["post-10","page","type-page","status-publish","hentry"],"_hostinger_reach_plugin_has_subscription_block":false,"_hostinger_reach_plugin_is_elementor":false,"jetpack_sharing_enabled":true,"_links":{"self":[{"href":"https:\/\/hwtmart.ch\/index.php?rest_route=\/wp\/v2\/pages\/10","targetHints":{"allow":["GET"]}}],"collection":[{"href":"https:\/\/hwtmart.ch\/index.php?rest_route=\/wp\/v2\/pages"}],"about":[{"href":"https:\/\/hwtmart.ch\/index.php?rest_route=\/wp\/v2\/types\/page"}],"author":[{"embeddable":true,"href":"https:\/\/hwtmart.ch\/index.php?rest_route=\/wp\/v2\/users\/1"}],"replies":[{"embeddable":true,"href":"https:\/\/hwtmart.ch\/index.php?rest_route=%2Fwp%2Fv2%2Fcomments&post=10"}],"version-history":[{"count":2,"href":"https:\/\/hwtmart.ch\/index.php?rest_route=\/wp\/v2\/pages\/10\/revisions"}],"predecessor-version":[{"id":7725,"href":"https:\/\/hwtmart.ch\/index.php?rest_route=\/wp\/v2\/pages\/10\/revisions\/7725"}],"wp:attachment":[{"href":"https:\/\/hwtmart.ch\/index.php?rest_route=%2Fwp%2Fv2%2Fmedia&parent=10"}],"curies":[{"name":"wp","href":"https:\/\/api.w.org\/{rel}","templated":true}]}}