{"id":12,"date":"2024-11-29T03:13:45","date_gmt":"2024-11-29T03:13:45","guid":{"rendered":"https:\/\/kupzino.com\/my-account\/"},"modified":"2025-01-09T04:27:42","modified_gmt":"2025-01-09T04:27:42","slug":"my-account","status":"publish","type":"page","link":"https:\/\/hwtmart.ch\/?page_id=12","title":{"rendered":"Mon Compte"},"content":{"rendered":"<div class=\"woocommerce\"><div class=\"woocommerce-notices-wrapper\"><\/div>\r\n\r\n\t\r\n\t<div class=\"u-columns col2-set\" id=\"customer_login\">\r\n\r\n\t\t<div class=\"u-column1 col-1\">\r\n\r\n\t\r\n\t\t\t<h2>Connexion<\/h2>\r\n\r\n\t\t\t<form class=\"woocommerce-form woocommerce-form-login login\" method=\"post\" novalidate>\r\n\r\n\t\t\t\t\r\n\t\t\t\t<p class=\"woocommerce-form-row woocommerce-form-row--wide form-row form-row-wide\">\r\n\t\t\t\t\t<label for=\"username\">Nom d&#039;utilisateur ou adresse e-mail&nbsp;<span class=\"required\" aria-hidden=\"true\">*<\/span><span class=\"screen-reader-text\">Obligatoire<\/span><\/label>\r\n\t\t\t\t\t<input type=\"text\" class=\"woocommerce-Input woocommerce-Input--text input-text\" name=\"username\" id=\"username\" autocomplete=\"username\" value=\"\" required aria-required=\"true\" \/>\t\t\t\t<\/p>\r\n\t\t\t\t<p class=\"woocommerce-form-row woocommerce-form-row--wide form-row form-row-wide\">\r\n\t\t\t\t\t<label for=\"password\">Mot de passe&nbsp;<span class=\"required\" aria-hidden=\"true\">*<\/span><span class=\"screen-reader-text\">Obligatoire<\/span><\/label>\r\n\t\t\t\t\t<input class=\"woocommerce-Input woocommerce-Input--text input-text\" type=\"password\" name=\"password\" id=\"password\" autocomplete=\"current-password\" required aria-required=\"true\" \/>\r\n\t\t\t\t<\/p>\r\n\r\n\t\t\t\t\r\n\t\t\t\t<p class=\"form-row\">\r\n\t\t\t\t\t<label class=\"woocommerce-form__label woocommerce-form__label-for-checkbox woocommerce-form-login__rememberme\">\r\n\t\t\t\t\t\t<input class=\"woocommerce-form__input woocommerce-form__input-checkbox\" name=\"rememberme\" type=\"checkbox\" id=\"rememberme\" value=\"forever\" \/> <span>Se souvenir de moi<\/span>\r\n\t\t\t\t\t<\/label>\r\n\t\t\t\t\t<input type=\"hidden\" id=\"woocommerce-login-nonce\" name=\"woocommerce-login-nonce\" value=\"<esi:include src='/?lsesi=nonce&esi=eyJhY3Rpb24iOiJ3b29jb21tZXJjZS1sb2dpbiIsIl9sc19zaWxlbmNlIjp0cnVlLCJpc19qc29uIjoxfQ%3D%3D&_hash=cd47f42a905502afa4cb19dc6da9f464' as-var='1' />\" \/><input type=\"hidden\" name=\"_wp_http_referer\" value=\"\/index.php?rest_route=%2Fwp%2Fv2%2Fpages%2F12\" \/>\t\t\t\t\t<button type=\"submit\" class=\"woocommerce-button button woocommerce-form-login__submit\" name=\"login\" value=\"Se connecter\">Se connecter<\/button>\r\n\t\t\t\t<\/p>\r\n\t\t\t\t<p class=\"woocommerce-LostPassword lost_password\">\r\n\t\t\t\t\t<a href=\"https:\/\/hwtmart.ch\/?page_id=17&#038;lost-password\">Mot de passe oubli\u00e9?<\/a>\r\n\t\t\t\t<\/p>\r\n\r\n\t\t\t\t\r\n\t\t\t<\/form>\r\n\r\n\t\r\n\t\t<\/div>\r\n\r\n\t\t<div class=\"u-column2 col-2\">\r\n\r\n\t\t\t<h2>S&#039;inscrire<\/h2>\r\n\r\n\t\t\t<form method=\"post\" class=\"woocommerce-form woocommerce-form-register register\"  >\r\n\r\n\t\t\t\t\r\n\t\t\t\t\r\n\t\t\t\t\t<p class=\"woocommerce-form-row woocommerce-form-row--wide form-row form-row-wide\">\r\n\t\t\t\t\t\t<label for=\"reg_username\">Nom d&#039;utilisateur&nbsp;<span class=\"required\" aria-hidden=\"true\">*<\/span><span class=\"screen-reader-text\">Obligatoire<\/span><\/label>\r\n\t\t\t\t\t\t<input type=\"text\" class=\"woocommerce-Input woocommerce-Input--text input-text\" name=\"username\" id=\"reg_username\" autocomplete=\"username\" value=\"\" required aria-required=\"true\" \/>\t\t\t\t\t<\/p>\r\n\r\n\t\t\t\t\r\n\t\t\t\t<p class=\"woocommerce-form-row woocommerce-form-row--wide form-row form-row-wide\">\r\n\t\t\t\t\t<label for=\"reg_email\">Adresse e-mail&nbsp;<span class=\"required\" aria-hidden=\"true\">*<\/span><span class=\"screen-reader-text\">Obligatoire<\/span><\/label>\r\n\t\t\t\t\t<input type=\"email\" class=\"woocommerce-Input woocommerce-Input--text input-text\" name=\"email\" id=\"reg_email\" autocomplete=\"email\" value=\"\" required aria-required=\"true\" \/>\t\t\t\t<\/p>\r\n\r\n\t\t\t\t\r\n\t\t\t\t\t<p>Un lien pour d\u00e9finir un nouveau mot de passe vous sera envoy\u00e9 par e-mail<\/p>\r\n\r\n\t\t\t\t\r\n\t\t\t\t\r\n\t\t\t<script>\r\n\t\t\tif ( typeof huOptions !== 'undefined' ) {\r\n\t\t\t\tvar huFormData = {\"source\":\"woocommerce\",\"id\":\"wc_registration_form\",\"title\":\"Registration Form\",\"fields\":{\"subject\":{\"email\":\"email\"},\"preferences\":[]},\"preferences\":{\"privacy\":true}};\r\n\t\t\t\tvar huFormNode = document.querySelector( '.woocommerce-form-register' );\r\n\r\n\t\t\t\thuFormData['node'] = huFormNode;\r\n\t\t\t\thuOptions['forms'].push( huFormData );\r\n\t\t\t}\r\n\t\t\t<\/script><wc-order-attribution-inputs><\/wc-order-attribution-inputs><div class=\"woocommerce-privacy-policy-text\"><p>Vos donn\u00e9es personnelles seront utilis\u00e9es pour prendre en charge votre exp\u00e9rience sur l'ensemble de ce site web, g\u00e9rer l'acc\u00e8s \u00e0 votre compte et pour d'autres finalit\u00e9s d\u00e9crites dans notre <a href=\"https:\/\/hwtmart.ch\/?page_id=3\" class=\"woocommerce-privacy-policy-link\" target=\"_blank\">politique de confidentialit\u00e9<\/a>.<\/p>\n<\/div>\r\n\t\t\t\t<p class=\"woocommerce-form-row form-row\">\r\n\t\t\t\t\t<input type=\"hidden\" id=\"woocommerce-register-nonce\" name=\"woocommerce-register-nonce\" value=\"b3b21c3c6b\" \/><input type=\"hidden\" name=\"_wp_http_referer\" value=\"\/index.php?rest_route=%2Fwp%2Fv2%2Fpages%2F12\" \/>\t\t\t\t\t<button type=\"submit\" class=\"woocommerce-Button woocommerce-button button woocommerce-form-register__submit\" name=\"register\" value=\"S&#039;inscrire\">S&#039;inscrire<\/button>\r\n\t\t\t\t<\/p>\r\n\r\n\t\t\t\t\r\n\t\t\t<\/form>\r\n\r\n\t\t<\/div>\r\n\r\n\t<\/div>\r\n\t\r\n<\/div>\n","protected":false},"excerpt":{"rendered":"","protected":false},"author":1,"featured_media":0,"parent":0,"menu_order":0,"comment_status":"closed","ping_status":"closed","template":"","meta":{"footnotes":""},"class_list":["post-12","page","type-page","status-publish","hentry"],"_hostinger_reach_plugin_has_subscription_block":false,"_hostinger_reach_plugin_is_elementor":false,"jetpack_sharing_enabled":true,"_links":{"self":[{"href":"https:\/\/hwtmart.ch\/index.php?rest_route=\/wp\/v2\/pages\/12","targetHints":{"allow":["GET"]}}],"collection":[{"href":"https:\/\/hwtmart.ch\/index.php?rest_route=\/wp\/v2\/pages"}],"about":[{"href":"https:\/\/hwtmart.ch\/index.php?rest_route=\/wp\/v2\/types\/page"}],"author":[{"embeddable":true,"href":"https:\/\/hwtmart.ch\/index.php?rest_route=\/wp\/v2\/users\/1"}],"replies":[{"embeddable":true,"href":"https:\/\/hwtmart.ch\/index.php?rest_route=%2Fwp%2Fv2%2Fcomments&post=12"}],"version-history":[{"count":2,"href":"https:\/\/hwtmart.ch\/index.php?rest_route=\/wp\/v2\/pages\/12\/revisions"}],"predecessor-version":[{"id":5354,"href":"https:\/\/hwtmart.ch\/index.php?rest_route=\/wp\/v2\/pages\/12\/revisions\/5354"}],"wp:attachment":[{"href":"https:\/\/hwtmart.ch\/index.php?rest_route=%2Fwp%2Fv2%2Fmedia&parent=12"}],"curies":[{"name":"wp","href":"https:\/\/api.w.org\/{rel}","templated":true}]}}