{"id":1953,"date":"2022-01-18T10:52:58","date_gmt":"2022-01-18T10:52:58","guid":{"rendered":"https:\/\/klbtheme.com\/furnob\/?page_id=1953"},"modified":"2026-01-23T09:22:52","modified_gmt":"2026-01-23T08:22:52","slug":"about-us-3","status":"publish","type":"page","link":"https:\/\/hwtmart.ch\/?page_id=1953","title":{"rendered":"\u00c0 propos de nous"},"content":{"rendered":"\t\t<div data-elementor-type=\"wp-page\" data-elementor-id=\"1953\" class=\"elementor elementor-1953\" data-elementor-post-type=\"page\">\n\t\t\t\t\t\t<section class=\"elementor-section elementor-top-section elementor-element elementor-element-7471ee8 elementor-section-full_width elementor-section-height-default elementor-section-height-default\" data-id=\"7471ee8\" data-element_type=\"section\" data-e-type=\"section\">\n\t\t\t\t\t\t<div class=\"elementor-container elementor-column-gap-no\">\n\t\t\t\t\t<div class=\"elementor-column elementor-col-100 elementor-top-column elementor-element elementor-element-3d979a4\" data-id=\"3d979a4\" data-element_type=\"column\" data-e-type=\"column\">\n\t\t\t<div class=\"elementor-widget-wrap elementor-element-populated\">\n\t\t\t\t\t\t<div class=\"elementor-element elementor-element-626c605 elementor-widget elementor-widget-furnob-page-banner\" data-id=\"626c605\" data-element_type=\"widget\" data-e-type=\"widget\" data-widget_type=\"furnob-page-banner.default\">\n\t\t\t\t<div class=\"elementor-widget-container\">\n\t\t\t\t\t<div class=\"page-header overlay\" style=\"background-image: url(https:\/\/hwtmart.ch\/wp-content\/uploads\/2025\/09\/\u7f16\u5199\u5916\u8d38\u516c\u53f8\u7b80\u4ecb-scaled-e1758008758773.png);\"><div class=\"container\"><h4 class=\"entry-subtitle\">\u00c0 propos de nous <\/h4><h1 class=\"entry-title\">Voulez-vous nous conna\u00eetre \uff1f<\/h1><div class=\"entry-content\"><p>Laissez-nous faire une br\u00e8ve pr\u00e9sentation, afin que vous puissiez nous conna\u00eetre mieux.<\/p><\/div><!-- entry-content --><\/div><!-- container --><\/div><!-- page-header -->\t\t\t\t<\/div>\n\t\t\t\t<\/div>\n\t\t\t\t\t<\/div>\n\t\t<\/div>\n\t\t\t\t\t<\/div>\n\t\t<\/section>\n\t\t\t\t<section class=\"elementor-section elementor-top-section elementor-element elementor-element-1e98d81 elementor-section-boxed elementor-section-height-default elementor-section-height-default\" data-id=\"1e98d81\" data-element_type=\"section\" data-e-type=\"section\">\n\t\t\t\t\t\t<div class=\"elementor-container elementor-column-gap-extended\">\n\t\t\t\t\t<div class=\"elementor-column elementor-col-100 elementor-top-column elementor-element elementor-element-2098ed7\" data-id=\"2098ed7\" data-element_type=\"column\" data-e-type=\"column\">\n\t\t\t<div class=\"elementor-widget-wrap elementor-element-populated\">\n\t\t\t\t\t\t<div class=\"elementor-element elementor-element-ba42a30 elementor-widget elementor-widget-text-editor\" data-id=\"ba42a30\" data-element_type=\"widget\" data-e-type=\"widget\" data-widget_type=\"text-editor.default\">\n\t\t\t\t<div class=\"elementor-widget-container\">\n\t\t\t\t\t\t\t\t\t<p><strong>HwtMart<\/strong> est un site e-commerce qui est ind\u00e9pendant avec une gamme compl\u00e8te qui adh\u00e8re \u00e0 la phrase philosophique \u00ab Rassembler les produits de qualit\u00e9 chinois, \u00e9clairer la vie suisse \u00bb. Il se consacre \u00e0 offrir aux consommateurs suisses une plateforme d\u2019achat \u00ab tout-en-un, de haute qualit\u00e9 avec une livraison rapide \u00bb. Nous nous appuyons sur une riche source d\u2019approvisionnement national qui d\u00e9passe les fronti\u00e8res g\u00e9ographiques et, gr\u00e2ce \u00e0 notre site e-commerce ind\u00e9pendant g\u00e9r\u00e9 en interne, nous livrons pr\u00e9cisement des produits de qualit\u00e9 appartenant \u00e0 12 grandes cat\u00e9gories (ameublement, habillement, \u00e9lectronique, maquillage, produits pour b\u00e9b\u00e9s et m\u00e8res, etc&#8230;) dans chaque coin de la Suisse.<\/p>\t\t\t\t\t\t\t\t<\/div>\n\t\t\t\t<\/div>\n\t\t\t\t\t<\/div>\n\t\t<\/div>\n\t\t\t\t\t<\/div>\n\t\t<\/section>\n\t\t\t\t<section class=\"elementor-section elementor-top-section elementor-element elementor-element-49470cd elementor-section-boxed elementor-section-height-default elementor-section-height-default\" data-id=\"49470cd\" data-element_type=\"section\" data-e-type=\"section\">\n\t\t\t\t\t\t<div class=\"elementor-container elementor-column-gap-extended\">\n\t\t\t\t\t<div class=\"elementor-column elementor-col-50 elementor-top-column elementor-element elementor-element-71c6d5f\" data-id=\"71c6d5f\" data-element_type=\"column\" data-e-type=\"column\">\n\t\t\t<div class=\"elementor-widget-wrap elementor-element-populated\">\n\t\t\t\t\t\t<div class=\"elementor-element elementor-element-91a1155 elementor-widget elementor-widget-heading\" data-id=\"91a1155\" data-element_type=\"widget\" data-e-type=\"widget\" data-widget_type=\"heading.default\">\n\t\t\t\t<div class=\"elementor-widget-container\">\n\t\t\t\t\t<span class=\"elementor-heading-title elementor-size-default\">01<\/span>\t\t\t\t<\/div>\n\t\t\t\t<\/div>\n\t\t\t\t\t<\/div>\n\t\t<\/div>\n\t\t\t\t<div class=\"elementor-column elementor-col-50 elementor-top-column elementor-element elementor-element-51c7715\" data-id=\"51c7715\" data-element_type=\"column\" data-e-type=\"column\">\n\t\t\t<div class=\"elementor-widget-wrap elementor-element-populated\">\n\t\t\t\t\t\t<div class=\"elementor-element elementor-element-84d590c elementor-widget elementor-widget-heading\" data-id=\"84d590c\" data-element_type=\"widget\" data-e-type=\"widget\" data-widget_type=\"heading.default\">\n\t\t\t\t<div class=\"elementor-widget-container\">\n\t\t\t\t\t<h3 class=\"elementor-heading-title elementor-size-default\"><h2 style=\"border: 0px solid;margin-top: var(--md-box-samantha-h2-margin-top);margin-right: 0px;margin-left: 0px;padding: 0px 0px 0.3em;font-size: var(--md-box-samantha-h2-font-size);font-weight: 700;line-height: var(--md-box-samantha-h2-line-height);, Helvetica, Arial, sans-serif;letter-spacing: normal;margin-bottom: var(--md-box-samantha-h2-margin-bottom) !important\">Fondation et parcours de d\u00e9veloppement de l'entreprise<span style=\"font-family: Jost, sans-serif\"><\/span><\/h2><\/h3>\t\t\t\t<\/div>\n\t\t\t\t<\/div>\n\t\t\t\t<div class=\"elementor-element elementor-element-4edf22d elementor-widget elementor-widget-text-editor\" data-id=\"4edf22d\" data-element_type=\"widget\" data-e-type=\"widget\" data-widget_type=\"text-editor.default\">\n\t\t\t\t<div class=\"elementor-widget-container\">\n\t\t\t\t\t\t\t\t\t<p>Au fil des ann\u00e9es, nous avons travers\u00e9 les vicissitudes du march\u00e9 et \u00e9t\u00e9 t\u00e9moins de l&rsquo;essor et des transformations du secteur des sites ind\u00e9pendants. Nous avons toujours suivi les tendances du secteur, investi sans cesse dans la recherche et le d\u00e9veloppement, optimis\u00e9 notre architecture technique et am\u00e9lior\u00e9 la qualit\u00e9 de nos services.\u00a0<\/p>\t\t\t\t\t\t\t\t<\/div>\n\t\t\t\t<\/div>\n\t\t\t\t\t<\/div>\n\t\t<\/div>\n\t\t\t\t\t<\/div>\n\t\t<\/section>\n\t\t\t\t<section class=\"elementor-section elementor-top-section elementor-element elementor-element-1a116b2 elementor-section-boxed elementor-section-height-default elementor-section-height-default\" data-id=\"1a116b2\" data-element_type=\"section\" data-e-type=\"section\">\n\t\t\t\t\t\t<div class=\"elementor-container elementor-column-gap-extended\">\n\t\t\t\t\t<div class=\"elementor-column elementor-col-50 elementor-top-column elementor-element elementor-element-ee4af58\" data-id=\"ee4af58\" data-element_type=\"column\" data-e-type=\"column\">\n\t\t\t<div class=\"elementor-widget-wrap elementor-element-populated\">\n\t\t\t\t\t\t<div class=\"elementor-element elementor-element-da6f0d1 elementor-widget elementor-widget-image\" data-id=\"da6f0d1\" data-element_type=\"widget\" data-e-type=\"widget\" data-widget_type=\"image.default\">\n\t\t\t\t<div class=\"elementor-widget-container\">\n\t\t\t\t\t\t\t\t\t\t\t\t\t\t\t<img fetchpriority=\"high\" decoding=\"async\" width=\"1761\" height=\"1518\" src=\"https:\/\/hwtmart.ch\/wp-content\/uploads\/2025\/09\/\u7f16\u5199\u5916\u8d38\u516c\u53f8\u7b80\u4ecb2-1.png\" class=\"attachment-full size-full wp-image-8932\" alt=\"\" srcset=\"https:\/\/hwtmart.ch\/wp-content\/uploads\/2025\/09\/\u7f16\u5199\u5916\u8d38\u516c\u53f8\u7b80\u4ecb2-1.png 1761w, https:\/\/hwtmart.ch\/wp-content\/uploads\/2025\/09\/\u7f16\u5199\u5916\u8d38\u516c\u53f8\u7b80\u4ecb2-1-300x259.png 300w, https:\/\/hwtmart.ch\/wp-content\/uploads\/2025\/09\/\u7f16\u5199\u5916\u8d38\u516c\u53f8\u7b80\u4ecb2-1-1024x883.png 1024w, https:\/\/hwtmart.ch\/wp-content\/uploads\/2025\/09\/\u7f16\u5199\u5916\u8d38\u516c\u53f8\u7b80\u4ecb2-1-768x662.png 768w, https:\/\/hwtmart.ch\/wp-content\/uploads\/2025\/09\/\u7f16\u5199\u5916\u8d38\u516c\u53f8\u7b80\u4ecb2-1-1536x1324.png 1536w, https:\/\/hwtmart.ch\/wp-content\/uploads\/2025\/09\/\u7f16\u5199\u5916\u8d38\u516c\u53f8\u7b80\u4ecb2-1-1600x1379.png 1600w, https:\/\/hwtmart.ch\/wp-content\/uploads\/2025\/09\/\u7f16\u5199\u5916\u8d38\u516c\u53f8\u7b80\u4ecb2-1-63x54.png 63w\" sizes=\"(max-width: 1761px) 100vw, 1761px\" \/>\t\t\t\t\t\t\t\t\t\t\t\t\t\t\t<\/div>\n\t\t\t\t<\/div>\n\t\t\t\t\t<\/div>\n\t\t<\/div>\n\t\t\t\t<div class=\"elementor-column elementor-col-50 elementor-top-column elementor-element elementor-element-4435652\" data-id=\"4435652\" data-element_type=\"column\" data-e-type=\"column\">\n\t\t\t<div class=\"elementor-widget-wrap elementor-element-populated\">\n\t\t\t\t\t\t<div class=\"elementor-element elementor-element-cba9209 elementor-widget elementor-widget-text-editor\" data-id=\"cba9209\" data-element_type=\"widget\" data-e-type=\"widget\" data-widget_type=\"text-editor.default\">\n\t\t\t\t<div class=\"elementor-widget-container\">\n\t\t\t\t\t\t\t\t\t<h2 class=\"header-vfC6AV auto-hide-last-sibling-br\">I. Matrice de fournisseurs de qualit\u00e9 chinois : Explorer en profondeur les bons produits chinois<\/h2><p>Nous appliquons le principe \u00ab\u00a0s\u00e9lection rigoureuse, choix m\u00e9ticuleux et coop\u00e9ration approfondie\u00a0\u00bb pour \u00e9tablir un syst\u00e8me de coop\u00e9ration \u00e9troit avec les fournisseurs chinois :<\/p>\t\t\t\t\t\t\t\t<\/div>\n\t\t\t\t<\/div>\n\t\t\t\t<div class=\"elementor-element elementor-element-352eb09 elementor-widget elementor-widget-text-editor\" data-id=\"352eb09\" data-element_type=\"widget\" data-e-type=\"widget\" data-widget_type=\"text-editor.default\">\n\t\t\t\t<div class=\"elementor-widget-container\">\n\t\t\t\t\t\t\t\t\t<ul class=\"auto-hide-last-sibling-br\"><li><strong>M\u00e9canisme de s\u00e9lection strict<\/strong>\u00a0: Nous adoptons un standard quadridimensionnel (\u00ab\u00a0v\u00e9rification des qualifications, \u00e9valuation de la capacit\u00e9 de production, contr\u00f4le de qualit\u00e9 des produits, enqu\u00eate sur la r\u00e9putation sur le march\u00e9\u00a0\u00bb) pour s\u00e9lectionner strictement les fournisseurs. Seuls les fournisseurs dont la note globale atteint 85\/100 ou plus ont la possibilit\u00e9 de collaborer avec nous. \u00c0 l\u2019heure actuelle, nous avons \u00e9tabli des relations de coop\u00e9ration \u00e0 long terme avec plus de 300 fournisseurs de qualit\u00e9 en Chine, y compris plus de 20 marques chinoises de premier plan, plus de 150 usines leaders r\u00e9gionales et plus de 80 marques niche \u00e0 caract\u00e8re unique, garantissant ainsi une gamme de produits riche et diversifi\u00e9e, ainsi qu\u2019une qualit\u00e9 sup\u00e9rieure.<\/li><\/ul>\t\t\t\t\t\t\t\t<\/div>\n\t\t\t\t<\/div>\n\t\t\t\t\t<\/div>\n\t\t<\/div>\n\t\t\t\t\t<\/div>\n\t\t<\/section>\n\t\t\t\t<section class=\"elementor-section elementor-top-section elementor-element elementor-element-409f002 elementor-section-boxed elementor-section-height-default elementor-section-height-default\" data-id=\"409f002\" data-element_type=\"section\" data-e-type=\"section\">\n\t\t\t\t\t\t<div class=\"elementor-container elementor-column-gap-extended\">\n\t\t\t\t\t<div class=\"elementor-column elementor-col-50 elementor-top-column elementor-element elementor-element-fc76c6e\" data-id=\"fc76c6e\" data-element_type=\"column\" data-e-type=\"column\">\n\t\t\t<div class=\"elementor-widget-wrap elementor-element-populated\">\n\t\t\t\t\t\t<div class=\"elementor-element elementor-element-d9cb4cc elementor-widget elementor-widget-heading\" data-id=\"d9cb4cc\" data-element_type=\"widget\" data-e-type=\"widget\" data-widget_type=\"heading.default\">\n\t\t\t\t<div class=\"elementor-widget-container\">\n\t\t\t\t\t<span class=\"elementor-heading-title elementor-size-default\">02<\/span>\t\t\t\t<\/div>\n\t\t\t\t<\/div>\n\t\t\t\t\t<\/div>\n\t\t<\/div>\n\t\t\t\t<div class=\"elementor-column elementor-col-50 elementor-top-column elementor-element elementor-element-bc04993\" data-id=\"bc04993\" data-element_type=\"column\" data-e-type=\"column\">\n\t\t\t<div class=\"elementor-widget-wrap elementor-element-populated\">\n\t\t\t\t\t\t<div class=\"elementor-element elementor-element-8c5cadd elementor-widget elementor-widget-heading\" data-id=\"8c5cadd\" data-element_type=\"widget\" data-e-type=\"widget\" data-widget_type=\"heading.default\">\n\t\t\t\t<div class=\"elementor-widget-container\">\n\t\t\t\t\t<h3 class=\"elementor-heading-title elementor-size-default\">Contr\u00f4le de qualit\u00e9 sur l\u2019ensemble du cycle : Une qualit\u00e9 constante<\/h3>\t\t\t\t<\/div>\n\t\t\t\t<\/div>\n\t\t\t\t<div class=\"elementor-element elementor-element-fb0dc99 elementor-widget elementor-widget-text-editor\" data-id=\"fb0dc99\" data-element_type=\"widget\" data-e-type=\"widget\" data-widget_type=\"text-editor.default\">\n\t\t\t\t<div class=\"elementor-widget-container\">\n\t\t\t\t\t\t\t\t\t<p>La qualit\u00e9 constitue notre avantage concurrentiel de base. Nous avons mis en place un syst\u00e8me strict de contr\u00f4le de qualit\u00e9 sur l\u2019ensemble du cycle et \u00e0 multiples \u00e9tapes, depuis la production des produits jusqu\u2019\u00e0 leur exp\u00e9dition :<\/p>\t\t\t\t\t\t\t\t<\/div>\n\t\t\t\t<\/div>\n\t\t\t\t\t<\/div>\n\t\t<\/div>\n\t\t\t\t\t<\/div>\n\t\t<\/section>\n\t\t\t\t<section class=\"elementor-section elementor-top-section elementor-element elementor-element-f6ba557 elementor-section-boxed elementor-section-height-default elementor-section-height-default\" data-id=\"f6ba557\" data-element_type=\"section\" data-e-type=\"section\">\n\t\t\t\t\t\t<div class=\"elementor-container elementor-column-gap-extended\">\n\t\t\t\t\t<div class=\"elementor-column elementor-col-25 elementor-top-column elementor-element elementor-element-64e258a\" data-id=\"64e258a\" data-element_type=\"column\" data-e-type=\"column\">\n\t\t\t<div class=\"elementor-widget-wrap elementor-element-populated\">\n\t\t\t\t\t\t<div class=\"elementor-element elementor-element-b7ac084 elementor-widget elementor-widget-image\" data-id=\"b7ac084\" data-element_type=\"widget\" data-e-type=\"widget\" data-widget_type=\"image.default\">\n\t\t\t\t<div class=\"elementor-widget-container\">\n\t\t\t\t\t\t\t\t\t\t\t\t\t\t\t<img decoding=\"async\" width=\"1932\" height=\"1521\" src=\"https:\/\/hwtmart.ch\/wp-content\/uploads\/2025\/09\/\u7f16\u5199\u5916\u8d38\u516c\u53f8\u7b80\u4ecb1-1.png\" class=\"attachment-full size-full wp-image-8933\" alt=\"\" srcset=\"https:\/\/hwtmart.ch\/wp-content\/uploads\/2025\/09\/\u7f16\u5199\u5916\u8d38\u516c\u53f8\u7b80\u4ecb1-1.png 1932w, https:\/\/hwtmart.ch\/wp-content\/uploads\/2025\/09\/\u7f16\u5199\u5916\u8d38\u516c\u53f8\u7b80\u4ecb1-1-300x236.png 300w, https:\/\/hwtmart.ch\/wp-content\/uploads\/2025\/09\/\u7f16\u5199\u5916\u8d38\u516c\u53f8\u7b80\u4ecb1-1-1024x806.png 1024w, https:\/\/hwtmart.ch\/wp-content\/uploads\/2025\/09\/\u7f16\u5199\u5916\u8d38\u516c\u53f8\u7b80\u4ecb1-1-768x605.png 768w, https:\/\/hwtmart.ch\/wp-content\/uploads\/2025\/09\/\u7f16\u5199\u5916\u8d38\u516c\u53f8\u7b80\u4ecb1-1-1536x1209.png 1536w, https:\/\/hwtmart.ch\/wp-content\/uploads\/2025\/09\/\u7f16\u5199\u5916\u8d38\u516c\u53f8\u7b80\u4ecb1-1-1600x1260.png 1600w, https:\/\/hwtmart.ch\/wp-content\/uploads\/2025\/09\/\u7f16\u5199\u5916\u8d38\u516c\u53f8\u7b80\u4ecb1-1-69x54.png 69w\" sizes=\"(max-width: 1932px) 100vw, 1932px\" \/>\t\t\t\t\t\t\t\t\t\t\t\t\t\t\t<\/div>\n\t\t\t\t<\/div>\n\t\t\t\t\t<\/div>\n\t\t<\/div>\n\t\t\t\t<div class=\"elementor-column elementor-col-25 elementor-top-column elementor-element elementor-element-81c70ea elementor-hidden-tablet elementor-hidden-mobile\" data-id=\"81c70ea\" data-element_type=\"column\" data-e-type=\"column\">\n\t\t\t<div class=\"elementor-widget-wrap\">\n\t\t\t\t\t\t\t<\/div>\n\t\t<\/div>\n\t\t\t\t<div class=\"elementor-column elementor-col-50 elementor-top-column elementor-element elementor-element-19f021f\" data-id=\"19f021f\" data-element_type=\"column\" data-e-type=\"column\">\n\t\t\t<div class=\"elementor-widget-wrap elementor-element-populated\">\n\t\t\t\t\t\t<div class=\"elementor-element elementor-element-5306459 elementor-widget elementor-widget-text-editor\" data-id=\"5306459\" data-element_type=\"widget\" data-e-type=\"widget\" data-widget_type=\"text-editor.default\">\n\t\t\t\t<div class=\"elementor-widget-container\">\n\t\t\t\t\t\t\t\t\t<ul class=\"auto-hide-last-sibling-br\"><li><strong>Contr\u00f4le avant production<\/strong>\u00a0: Nous signons avec les fournisseurs des contrats stricts de garantie de qualit\u00e9, d\u00e9finissant clairement les normes de qualit\u00e9 des produits et les responsabilit\u00e9s en cas de violation. Avant le d\u00e9marrage de la production, nous envoyons une \u00e9quipe professionnelle effectuer une inspection on-site dans les usines, examiner soigneusement les processus de production et les canaux d\u2019approvisionnement des mati\u00e8res premi\u00e8res, garantissant que toutes les mati\u00e8res premi\u00e8res respectent les normes internationales en mati\u00e8re d\u2019environnement et de s\u00e9curit\u00e9.<\/li><li><strong>Surveillance pendant la production<\/strong>\u00a0: Pendant la production en s\u00e9rie des produits, nous combinons des inspections al\u00e9atoires et un contr\u00f4le r\u00e9sidentiel dans les usines pour les cat\u00e9gories de produits cl\u00e9s.<\/li><li><strong>Inspection \u00e0 l\u2019entr\u00e9e et \u00e0 la sortie de l\u2019entrep\u00f4t<\/strong>\u00a0: Apr\u00e8s l\u2019arriv\u00e9e des produits \u00e0 l\u2019entrep\u00f4t, l\u2019\u00e9quipe de contr\u00f4le de qualit\u00e9 de l\u2019entrep\u00f4t effectue une inspection compl\u00e8te : d\u2019abord, elle v\u00e9rifie si le nombre et les sp\u00e9cifications des produits correspondent \u00e0 la commande, puis proc\u00e8de \u00e0 un examen minutieux de l\u2019apparence et \u00e0 un test fonctionnel de chaque produit.<\/li><\/ul>\t\t\t\t\t\t\t\t<\/div>\n\t\t\t\t<\/div>\n\t\t\t\t\t<\/div>\n\t\t<\/div>\n\t\t\t\t\t<\/div>\n\t\t<\/section>\n\t\t\t\t<section class=\"elementor-section elementor-top-section elementor-element elementor-element-a30c42c elementor-section-boxed elementor-section-height-default elementor-section-height-default\" data-id=\"a30c42c\" data-element_type=\"section\" data-e-type=\"section\">\n\t\t\t\t\t\t<div class=\"elementor-container elementor-column-gap-extended\">\n\t\t\t\t\t<div class=\"elementor-column elementor-col-50 elementor-top-column elementor-element elementor-element-cc91059\" data-id=\"cc91059\" data-element_type=\"column\" data-e-type=\"column\">\n\t\t\t<div class=\"elementor-widget-wrap elementor-element-populated\">\n\t\t\t\t\t\t<div class=\"elementor-element elementor-element-c38f4d5 elementor-widget elementor-widget-heading\" data-id=\"c38f4d5\" data-element_type=\"widget\" data-e-type=\"widget\" data-widget_type=\"heading.default\">\n\t\t\t\t<div class=\"elementor-widget-container\">\n\t\t\t\t\t<span class=\"elementor-heading-title elementor-size-default\">03<\/span>\t\t\t\t<\/div>\n\t\t\t\t<\/div>\n\t\t\t\t\t<\/div>\n\t\t<\/div>\n\t\t\t\t<div class=\"elementor-column elementor-col-50 elementor-top-column elementor-element elementor-element-9f631d2\" data-id=\"9f631d2\" data-element_type=\"column\" data-e-type=\"column\">\n\t\t\t<div class=\"elementor-widget-wrap elementor-element-populated\">\n\t\t\t\t\t\t<div class=\"elementor-element elementor-element-6edf786 elementor-widget elementor-widget-heading\" data-id=\"6edf786\" data-element_type=\"widget\" data-e-type=\"widget\" data-widget_type=\"heading.default\">\n\t\t\t\t<div class=\"elementor-widget-container\">\n\t\t\t\t\t<h3 class=\"elementor-heading-title elementor-size-default\"><h2 style=\"border: 0px solid;margin-top: var(--md-box-samantha-h2-margin-top);margin-right: 0px;margin-left: 0px;padding: 0px 0px 0.3em;font-size: var(--md-box-samantha-h2-font-size);font-weight: 700;line-height: var(--md-box-samantha-h2-line-height);, Helvetica, Arial, sans-serif;letter-spacing: normal;margin-bottom: var(--md-box-samantha-h2-margin-bottom) !important\">Livraison logistique efficace : Appui d\u2019un grand entrep\u00f4t local en Suisse pour une livraison rapide<span style=\"font-family: Jost, sans-serif\"><\/span><\/h2><\/h3>\t\t\t\t<\/div>\n\t\t\t\t<\/div>\n\t\t\t\t<div class=\"elementor-element elementor-element-9c5d06d elementor-widget elementor-widget-text-editor\" data-id=\"9c5d06d\" data-element_type=\"widget\" data-e-type=\"widget\" data-widget_type=\"text-editor.default\">\n\t\t\t\t<div class=\"elementor-widget-container\">\n\t\t\t\t\t\t\t\t\t<p><span style=\"color: rgba(0, 0, 0, 0.85); font-family: Inter, -apple-system, BlinkMacSystemFont, 'Segoe UI', 'SF Pro SC', 'SF Pro Display', 'SF Pro Icons', 'PingFang SC', 'Hiragino Sans GB', 'Microsoft YaHei', 'Helvetica Neue', Helvetica, Arial, sans-serif; letter-spacing: normal;\">Pour r\u00e9soudre compl\u00e8tement le probl\u00e8me de la dur\u00e9e de livraison en logistique transfrontali\u00e8re, nous disposons d\u2019un grand entrep\u00f4t en Suisse. Cet entrep\u00f4t couvre le rayon de livraison de l\u2019ensemble de la Suisse et est \u00e9quip\u00e9 d\u2019un syst\u00e8me de tri intelligent, d\u2019une zone de stockage \u00e0 temp\u00e9rature constante (adapt\u00e9e aux cat\u00e9gories sp\u00e9cifiques comme les produits de maquillage et les aliments) et d\u2019une zone de stockage anti-humidit\u00e9 (pour les produits d\u2019ameublement et d\u2019\u00e9lectronique). En collaboration avec des op\u00e9rateurs logistiques de qualit\u00e9 en Suisse et \u00e0 l\u2019\u00e9tranger, nous avons mis en place un \u00ab\u00a0syst\u00e8me de livraison par niveaux\u00a0\u00bb :<\/span><\/p>\t\t\t\t\t\t\t\t<\/div>\n\t\t\t\t<\/div>\n\t\t\t\t<div class=\"elementor-element elementor-element-b3d40e6 elementor-widget elementor-widget-text-editor\" data-id=\"b3d40e6\" data-element_type=\"widget\" data-e-type=\"widget\" data-widget_type=\"text-editor.default\">\n\t\t\t\t<div class=\"elementor-widget-container\">\n\t\t\t\t\t\t\t\t\t<ul class=\"auto-hide-last-sibling-br\"><li>Pour les commandes exp\u00e9di\u00e9es depuis l\u2019entrep\u00f4t local suisse, nous privil\u00e9gions La Poste suisse et les op\u00e9rateurs logistiques locaux pour les courtes distances, garantissant une livraison \u00e0 faible co\u00fbt et haute efficacit\u00e9 : les commandes ordinaires sont livr\u00e9es en 7 jours maximum, et les commandes express en 48 heures maximum.<\/li><li>De plus, nous avons sign\u00e9 des \u00ab\u00a0contrats de livraison prioritaire\u00a0\u00bb avec tous les op\u00e9rateurs logistiques : les colis exp\u00e9di\u00e9s depuis l\u2019entrep\u00f4t local suisse b\u00e9n\u00e9ficient d\u2019un traitement prioritaire lors du tri et de la livraison, r\u00e9duisant davantage les retards de livraison.<\/li><\/ul>\t\t\t\t\t\t\t\t<\/div>\n\t\t\t\t<\/div>\n\t\t\t\t\t<\/div>\n\t\t<\/div>\n\t\t\t\t\t<\/div>\n\t\t<\/section>\n\t\t\t\t<\/div>\n\t\t","protected":false},"excerpt":{"rendered":"<p>\u00c0 propos de nous Voulez-vous nous conna\u00eetre \uff1f Laissez-nous faire une br\u00e8ve pr\u00e9sentation, afin que vous puissiez nous conna\u00eetre mieux. HwtMart est un site e-commerce qui est ind\u00e9pendant avec une gamme compl\u00e8te qui adh\u00e8re \u00e0 la phrase philosophique \u00ab Rassembler les produits de qualit\u00e9 chinois, \u00e9clairer la vie suisse \u00bb. Il se consacre \u00e0 offrir<\/p>\n<div class=\"klb-readmore entry-button\"><a class=\"btn link\" href=\"https:\/\/hwtmart.ch\/?page_id=1953\">Read More <i class=\"klbth-icon-right-arrow\"><\/i><\/a><\/div>\n","protected":false},"author":2,"featured_media":0,"parent":0,"menu_order":0,"comment_status":"closed","ping_status":"closed","template":"","meta":{"footnotes":""},"class_list":["post-1953","page","type-page","status-publish","hentry"],"_hostinger_reach_plugin_has_subscription_block":false,"_hostinger_reach_plugin_is_elementor":false,"jetpack_sharing_enabled":true,"_links":{"self":[{"href":"https:\/\/hwtmart.ch\/index.php?rest_route=\/wp\/v2\/pages\/1953","targetHints":{"allow":["GET"]}}],"collection":[{"href":"https:\/\/hwtmart.ch\/index.php?rest_route=\/wp\/v2\/pages"}],"about":[{"href":"https:\/\/hwtmart.ch\/index.php?rest_route=\/wp\/v2\/types\/page"}],"author":[{"embeddable":true,"href":"https:\/\/hwtmart.ch\/index.php?rest_route=\/wp\/v2\/users\/2"}],"replies":[{"embeddable":true,"href":"https:\/\/hwtmart.ch\/index.php?rest_route=%2Fwp%2Fv2%2Fcomments&post=1953"}],"version-history":[{"count":36,"href":"https:\/\/hwtmart.ch\/index.php?rest_route=\/wp\/v2\/pages\/1953\/revisions"}],"predecessor-version":[{"id":11062,"href":"https:\/\/hwtmart.ch\/index.php?rest_route=\/wp\/v2\/pages\/1953\/revisions\/11062"}],"wp:attachment":[{"href":"https:\/\/hwtmart.ch\/index.php?rest_route=%2Fwp%2Fv2%2Fmedia&parent=1953"}],"curies":[{"name":"wp","href":"https:\/\/api.w.org\/{rel}","templated":true}]}}