{"id":2069,"date":"2022-01-18T12:49:06","date_gmt":"2022-01-18T12:49:06","guid":{"rendered":"https:\/\/klbtheme.com\/furnob\/?page_id=2069"},"modified":"2026-01-23T08:25:26","modified_gmt":"2026-01-23T07:25:26","slug":"contact","status":"publish","type":"page","link":"https:\/\/hwtmart.ch\/?page_id=2069","title":{"rendered":"Contact"},"content":{"rendered":"\t\t<div data-elementor-type=\"wp-page\" data-elementor-id=\"2069\" class=\"elementor elementor-2069\" data-elementor-post-type=\"page\">\n\t\t\t\t\t\t<section class=\"elementor-section elementor-top-section elementor-element elementor-element-f53ef2d elementor-section-full_width elementor-section-height-default elementor-section-height-default\" data-id=\"f53ef2d\" data-element_type=\"section\" data-e-type=\"section\">\n\t\t\t\t\t\t<div class=\"elementor-container elementor-column-gap-no\">\n\t\t\t\t\t<div class=\"elementor-column elementor-col-100 elementor-top-column elementor-element elementor-element-a2ed494\" data-id=\"a2ed494\" data-element_type=\"column\" data-e-type=\"column\">\n\t\t\t<div class=\"elementor-widget-wrap elementor-element-populated\">\n\t\t\t\t\t\t<div class=\"elementor-element elementor-element-47be042 elementor-widget elementor-widget-furnob-page-banner\" data-id=\"47be042\" data-element_type=\"widget\" data-e-type=\"widget\" data-widget_type=\"furnob-page-banner.default\">\n\t\t\t\t<div class=\"elementor-widget-container\">\n\t\t\t\t\t<div class=\"page-header overlay\" style=\"background-image: url(https:\/\/hwtmart.ch\/wp-content\/uploads\/2025\/09\/\u7f16\u5199\u5916\u8d38\u516c\u53f8\u7b80\u4ecb-scaled-e1758008758773.png);\"><div class=\"container\"><h4 class=\"entry-subtitle\">Contactez-nous pour Hwtmart <\/h4><h1 class=\"entry-title\">Comment pouvons-nous vous aider ?<\/h1><div class=\"entry-content\"><p>Permettez-nous de vous pr\u00e9senter bri\u00e8vement le furnob, afin que vous puissiez mieux comprendre notre qualit\u00e9.<\/p><\/div><!-- entry-content --><\/div><!-- container --><\/div><!-- page-header -->\t\t\t\t<\/div>\n\t\t\t\t<\/div>\n\t\t\t\t\t<\/div>\n\t\t<\/div>\n\t\t\t\t\t<\/div>\n\t\t<\/section>\n\t\t\t\t<section class=\"elementor-section elementor-top-section elementor-element elementor-element-6450a40 elementor-section-boxed elementor-section-height-default elementor-section-height-default\" data-id=\"6450a40\" data-element_type=\"section\" data-e-type=\"section\">\n\t\t\t\t\t\t<div class=\"elementor-container elementor-column-gap-default\">\n\t\t\t\t\t<div class=\"elementor-column elementor-col-50 elementor-top-column elementor-element elementor-element-a83af2b\" data-id=\"a83af2b\" data-element_type=\"column\" data-e-type=\"column\">\n\t\t\t<div class=\"elementor-widget-wrap elementor-element-populated\">\n\t\t\t\t\t\t<div class=\"elementor-element elementor-element-71efc10 elementor-widget elementor-widget-heading\" data-id=\"71efc10\" data-element_type=\"widget\" data-e-type=\"widget\" data-widget_type=\"heading.default\">\n\t\t\t\t<div class=\"elementor-widget-container\">\n\t\t\t\t\t<h3 class=\"elementor-heading-title elementor-size-default\">Hwtmart<\/h3>\t\t\t\t<\/div>\n\t\t\t\t<\/div>\n\t\t\t\t<div class=\"elementor-element elementor-element-83d69e6 elementor-widget elementor-widget-heading\" data-id=\"83d69e6\" data-element_type=\"widget\" data-e-type=\"widget\" data-widget_type=\"heading.default\">\n\t\t\t\t<div class=\"elementor-widget-container\">\n\t\t\t\t\t<p class=\"elementor-heading-title elementor-size-default\">N\u2019h\u00e9sitez pas \u00e0 nous contacter pour toute demande.<\/p>\t\t\t\t<\/div>\n\t\t\t\t<\/div>\n\t\t\t\t<section class=\"elementor-section elementor-inner-section elementor-element elementor-element-71fc40c elementor-section-boxed elementor-section-height-default elementor-section-height-default\" data-id=\"71fc40c\" data-element_type=\"section\" data-e-type=\"section\">\n\t\t\t\t\t\t<div class=\"elementor-container elementor-column-gap-no\">\n\t\t\t\t\t<div class=\"elementor-column elementor-col-100 elementor-inner-column elementor-element elementor-element-e44b4cf\" data-id=\"e44b4cf\" data-element_type=\"column\" data-e-type=\"column\">\n\t\t\t<div class=\"elementor-widget-wrap elementor-element-populated\">\n\t\t\t\t\t\t<div class=\"elementor-element elementor-element-e2fc53b elementor-widget elementor-widget-furnob-address-box\" data-id=\"e2fc53b\" data-element_type=\"widget\" data-e-type=\"widget\" data-widget_type=\"furnob-address-box.default\">\n\t\t\t\t<div class=\"elementor-widget-container\">\n\t\t\t\t\t<div class=\"contact-info\"><div class=\"item\"><span>Heures d\u2019ouverture<\/span><p>Lundi - Vendredi : 9h - 17h <br>\nWeek - end ferm\u00e9<\/p><\/div><!-- item --><\/div>\t\t\t\t<\/div>\n\t\t\t\t<\/div>\n\t\t\t\t\t<\/div>\n\t\t<\/div>\n\t\t\t\t\t<\/div>\n\t\t<\/section>\n\t\t\t\t<section class=\"elementor-section elementor-inner-section elementor-element elementor-element-6551a52 elementor-section-boxed elementor-section-height-default elementor-section-height-default\" data-id=\"6551a52\" data-element_type=\"section\" data-e-type=\"section\">\n\t\t\t\t\t\t<div class=\"elementor-container elementor-column-gap-no\">\n\t\t\t\t\t<div class=\"elementor-column elementor-col-100 elementor-inner-column elementor-element elementor-element-c4c5624\" data-id=\"c4c5624\" data-element_type=\"column\" data-e-type=\"column\">\n\t\t\t<div class=\"elementor-widget-wrap elementor-element-populated\">\n\t\t\t\t\t\t<div class=\"elementor-element elementor-element-cf2564d elementor-widget elementor-widget-furnob-address-box\" data-id=\"cf2564d\" data-element_type=\"widget\" data-e-type=\"widget\" data-widget_type=\"furnob-address-box.default\">\n\t\t\t\t<div class=\"elementor-widget-container\">\n\t\t\t\t\t<div class=\"contact-info\"><div class=\"item\"><span>Adresse<\/span><p>Rue pr\u00e9 du march\u00e915<br>\nLausanne VOUD 1004<br>\n\nSwitzerland<\/p><\/div><!-- item --><\/div>\t\t\t\t<\/div>\n\t\t\t\t<\/div>\n\t\t\t\t\t<\/div>\n\t\t<\/div>\n\t\t\t\t\t<\/div>\n\t\t<\/section>\n\t\t\t\t<section class=\"elementor-section elementor-inner-section elementor-element elementor-element-95262f2 elementor-section-boxed elementor-section-height-default elementor-section-height-default\" data-id=\"95262f2\" data-element_type=\"section\" data-e-type=\"section\">\n\t\t\t\t\t\t<div class=\"elementor-container elementor-column-gap-no\">\n\t\t\t\t\t<div class=\"elementor-column elementor-col-100 elementor-inner-column elementor-element elementor-element-c57b56c\" data-id=\"c57b56c\" data-element_type=\"column\" data-e-type=\"column\">\n\t\t\t<div class=\"elementor-widget-wrap elementor-element-populated\">\n\t\t\t\t\t\t<div class=\"elementor-element elementor-element-077513a elementor-widget elementor-widget-furnob-address-box\" data-id=\"077513a\" data-element_type=\"widget\" data-e-type=\"widget\" data-widget_type=\"furnob-address-box.default\">\n\t\t\t\t<div class=\"elementor-widget-container\">\n\t\t\t\t\t<div class=\"contact-info\"><div class=\"item\"><span>Email<\/span><p>contact@hwtmart.ch<\/p><\/div><!-- item --><\/div>\t\t\t\t<\/div>\n\t\t\t\t<\/div>\n\t\t\t\t\t<\/div>\n\t\t<\/div>\n\t\t\t\t\t<\/div>\n\t\t<\/section>\n\t\t\t\t\t<\/div>\n\t\t<\/div>\n\t\t\t\t<div class=\"elementor-column elementor-col-50 elementor-top-column elementor-element elementor-element-d097a23\" data-id=\"d097a23\" data-element_type=\"column\" data-e-type=\"column\">\n\t\t\t<div class=\"elementor-widget-wrap\">\n\t\t\t\t\t\t\t<\/div>\n\t\t<\/div>\n\t\t\t\t\t<\/div>\n\t\t<\/section>\n\t\t\t\t<\/div>\n\t\t","protected":false},"excerpt":{"rendered":"<p>Contactez-nous pour Hwtmart Comment pouvons-nous vous aider ? Permettez-nous de vous pr\u00e9senter bri\u00e8vement le furnob, afin que vous puissiez mieux comprendre notre qualit\u00e9. Hwtmart N\u2019h\u00e9sitez pas \u00e0 nous contacter pour toute demande. Heures d\u2019ouverture Lundi &#8211; Vendredi : 9h &#8211; 17h Week &#8211; end ferm\u00e9 Adresse Rue pr\u00e9 du march\u00e915 Lausanne VOUD 1004 Switzerland Email<\/p>\n<div class=\"klb-readmore entry-button\"><a class=\"btn link\" href=\"https:\/\/hwtmart.ch\/?page_id=2069\">Read More <i class=\"klbth-icon-right-arrow\"><\/i><\/a><\/div>\n","protected":false},"author":2,"featured_media":0,"parent":0,"menu_order":0,"comment_status":"closed","ping_status":"closed","template":"","meta":{"footnotes":""},"class_list":["post-2069","page","type-page","status-publish","hentry"],"_hostinger_reach_plugin_has_subscription_block":false,"_hostinger_reach_plugin_is_elementor":false,"jetpack_sharing_enabled":true,"_links":{"self":[{"href":"https:\/\/hwtmart.ch\/index.php?rest_route=\/wp\/v2\/pages\/2069","targetHints":{"allow":["GET"]}}],"collection":[{"href":"https:\/\/hwtmart.ch\/index.php?rest_route=\/wp\/v2\/pages"}],"about":[{"href":"https:\/\/hwtmart.ch\/index.php?rest_route=\/wp\/v2\/types\/page"}],"author":[{"embeddable":true,"href":"https:\/\/hwtmart.ch\/index.php?rest_route=\/wp\/v2\/users\/2"}],"replies":[{"embeddable":true,"href":"https:\/\/hwtmart.ch\/index.php?rest_route=%2Fwp%2Fv2%2Fcomments&post=2069"}],"version-history":[{"count":48,"href":"https:\/\/hwtmart.ch\/index.php?rest_route=\/wp\/v2\/pages\/2069\/revisions"}],"predecessor-version":[{"id":11040,"href":"https:\/\/hwtmart.ch\/index.php?rest_route=\/wp\/v2\/pages\/2069\/revisions\/11040"}],"wp:attachment":[{"href":"https:\/\/hwtmart.ch\/index.php?rest_route=%2Fwp%2Fv2%2Fmedia&parent=2069"}],"curies":[{"name":"wp","href":"https:\/\/api.w.org\/{rel}","templated":true}]}}