{"id":2677,"date":"2023-03-13T07:16:00","date_gmt":"2023-03-13T07:16:00","guid":{"rendered":"https:\/\/klbtheme.com\/blonwe\/?page_id=2677"},"modified":"2025-11-27T05:32:22","modified_gmt":"2025-11-27T05:32:22","slug":"refund-returns-policy","status":"publish","type":"page","link":"https:\/\/hwtmart.ch\/?page_id=2677","title":{"rendered":"Droit de r\u00e9tractation"},"content":{"rendered":"\t\t<div data-elementor-type=\"wp-page\" data-elementor-id=\"2677\" class=\"elementor elementor-2677\" data-elementor-post-type=\"page\">\n\t\t\t\t\t\t<section class=\"elementor-section elementor-top-section elementor-element elementor-element-b101c29 elementor-section-boxed elementor-section-height-default elementor-section-height-default\" data-id=\"b101c29\" data-element_type=\"section\" data-e-type=\"section\">\n\t\t\t\t\t\t<div class=\"elementor-container elementor-column-gap-default\">\n\t\t\t\t\t<div class=\"elementor-column elementor-col-100 elementor-top-column elementor-element elementor-element-f4af0e6\" data-id=\"f4af0e6\" data-element_type=\"column\" data-e-type=\"column\">\n\t\t\t<div class=\"elementor-widget-wrap elementor-element-populated\">\n\t\t\t\t\t\t<div class=\"elementor-element elementor-element-3aa9e6a elementor-widget elementor-widget-text-editor\" data-id=\"3aa9e6a\" data-element_type=\"widget\" data-e-type=\"widget\" data-widget_type=\"text-editor.default\">\n\t\t\t\t<div class=\"elementor-widget-container\">\n\t\t\t\t\t\t\t\t\t\n<h1><strong><b>Droit de retour<\/b><\/strong><\/h1>\n<p>Nous accordons un droit de retour volontaire dans les 14 jours calendaires \u00e0 compter de la r\u00e9ception de la commande, sous r\u00e9serve que le produit soit non utilis\u00e9, complet, dans son emballage d\u2019origine et accompagn\u00e9 d\u2019une preuve d\u2019achat. Les produits endommag\u00e9s et incomplets ne seront pas accept\u00e9s.<\/p>\n<p>Les retours doivent \u00eatre annonc\u00e9s et pr\u00e9approuv\u00e9s par <span style=\"text-decoration: underline;\">service-apres-vente@hwtmart.ch.<\/span> Moyennant l\u2019acceptation du retour, le prix du produit sera rembours\u00e9 selon le mode de paiement initial. Les frais de retour volontaires sont \u00e0 la charge du client.<\/p>\n\t\t\t\t\t\t\t\t<\/div>\n\t\t\t\t<\/div>\n\t\t\t\t\t<\/div>\n\t\t<\/div>\n\t\t\t\t\t<\/div>\n\t\t<\/section>\n\t\t\t\t<\/div>\n\t\t","protected":false},"excerpt":{"rendered":"<p>Droit de retour Nous accordons un droit de retour volontaire dans les 14 jours calendaires \u00e0 compter de la r\u00e9ception de la commande, sous r\u00e9serve que le produit soit non utilis\u00e9, complet, dans son emballage d\u2019origine et accompagn\u00e9 d\u2019une preuve d\u2019achat. Les produits endommag\u00e9s et incomplets ne seront pas accept\u00e9s. Les retours doivent \u00eatre annonc\u00e9s<\/p>\n<div class=\"klb-readmore entry-button\"><a class=\"btn link\" href=\"https:\/\/hwtmart.ch\/?page_id=2677\">Read More <i class=\"klbth-icon-right-arrow\"><\/i><\/a><\/div>\n","protected":false},"author":1,"featured_media":0,"parent":0,"menu_order":0,"comment_status":"closed","ping_status":"closed","template":"","meta":{"footnotes":""},"class_list":["post-2677","page","type-page","status-publish","hentry"],"_hostinger_reach_plugin_has_subscription_block":false,"_hostinger_reach_plugin_is_elementor":false,"jetpack_sharing_enabled":true,"_links":{"self":[{"href":"https:\/\/hwtmart.ch\/index.php?rest_route=\/wp\/v2\/pages\/2677","targetHints":{"allow":["GET"]}}],"collection":[{"href":"https:\/\/hwtmart.ch\/index.php?rest_route=\/wp\/v2\/pages"}],"about":[{"href":"https:\/\/hwtmart.ch\/index.php?rest_route=\/wp\/v2\/types\/page"}],"author":[{"embeddable":true,"href":"https:\/\/hwtmart.ch\/index.php?rest_route=\/wp\/v2\/users\/1"}],"replies":[{"embeddable":true,"href":"https:\/\/hwtmart.ch\/index.php?rest_route=%2Fwp%2Fv2%2Fcomments&post=2677"}],"version-history":[{"count":18,"href":"https:\/\/hwtmart.ch\/index.php?rest_route=\/wp\/v2\/pages\/2677\/revisions"}],"predecessor-version":[{"id":9763,"href":"https:\/\/hwtmart.ch\/index.php?rest_route=\/wp\/v2\/pages\/2677\/revisions\/9763"}],"wp:attachment":[{"href":"https:\/\/hwtmart.ch\/index.php?rest_route=%2Fwp%2Fv2%2Fmedia&parent=2677"}],"curies":[{"name":"wp","href":"https:\/\/api.w.org\/{rel}","templated":true}]}}