{"id":8910,"date":"2025-09-16T03:58:39","date_gmt":"2025-09-16T03:58:39","guid":{"rendered":"https:\/\/hwtmart.ch\/?page_id=8910"},"modified":"2026-01-23T09:18:56","modified_gmt":"2026-01-23T08:18:56","slug":"mentions-legales","status":"publish","type":"page","link":"https:\/\/hwtmart.ch\/?page_id=8910","title":{"rendered":"Mentions l\u00e9gales"},"content":{"rendered":"\t\t<div data-elementor-type=\"wp-page\" data-elementor-id=\"8910\" class=\"elementor elementor-8910\" data-elementor-post-type=\"page\">\n\t\t\t\t<div class=\"elementor-element elementor-element-a31bdb3 e-flex e-con-boxed e-con e-parent\" data-id=\"a31bdb3\" data-element_type=\"container\" data-e-type=\"container\">\n\t\t\t\t\t<div class=\"e-con-inner\">\n\t\t\t\t<div class=\"elementor-element elementor-element-bf254a4 elementor-widget elementor-widget-heading\" data-id=\"bf254a4\" data-element_type=\"widget\" data-e-type=\"widget\" data-widget_type=\"heading.default\">\n\t\t\t\t<div class=\"elementor-widget-container\">\n\t\t\t\t\t<h2 class=\"elementor-heading-title elementor-size-default\">Mentions l\u00e9gales<\/h2>\t\t\t\t<\/div>\n\t\t\t\t<\/div>\n\t\t\t\t<div class=\"elementor-element elementor-element-6dfdff3 elementor-widget-divider--view-line elementor-widget elementor-widget-divider\" data-id=\"6dfdff3\" data-element_type=\"widget\" data-e-type=\"widget\" data-widget_type=\"divider.default\">\n\t\t\t\t<div class=\"elementor-widget-container\">\n\t\t\t\t\t\t\t<div class=\"elementor-divider\">\n\t\t\t<span class=\"elementor-divider-separator\">\n\t\t\t\t\t\t<\/span>\n\t\t<\/div>\n\t\t\t\t\t\t<\/div>\n\t\t\t\t<\/div>\n\t\t\t\t<div class=\"elementor-element elementor-element-094c0d6 elementor-widget elementor-widget-heading\" data-id=\"094c0d6\" data-element_type=\"widget\" data-e-type=\"widget\" data-widget_type=\"heading.default\">\n\t\t\t\t<div class=\"elementor-widget-container\">\n\t\t\t\t\t<h2 class=\"elementor-heading-title elementor-size-default\">Adresse<\/h2>\t\t\t\t<\/div>\n\t\t\t\t<\/div>\n\t\t\t\t<div class=\"elementor-element elementor-element-1e21c04 elementor-widget elementor-widget-text-editor\" data-id=\"1e21c04\" data-element_type=\"widget\" data-e-type=\"widget\" data-widget_type=\"text-editor.default\">\n\t\t\t\t<div class=\"elementor-widget-container\">\n\t\t\t\t\t\t\t\t\t<p><strong>HwtMart<\/strong><\/p><div class=\"_ngcontent-pyt-5\">Rue pr\u00e9 du march\u00e915<\/div><div class=\"_ngcontent-pyt-5\">Lausanne\u00a0VOUD\u00a01004<\/div><div class=\"_ngcontent-pyt-5\">Switzerland<\/div><div>\u00a0<\/div><p><strong>Adresse postale:<\/strong> contact@hwtmart.ch<\/p><p><strong>T\u00e9l\u00e9phonique:<\/strong> +41 21 634 88 88<\/p>\t\t\t\t\t\t\t\t<\/div>\n\t\t\t\t<\/div>\n\t\t\t\t<div class=\"elementor-element elementor-element-c0ce952 elementor-widget-divider--view-line elementor-widget elementor-widget-divider\" data-id=\"c0ce952\" data-element_type=\"widget\" data-e-type=\"widget\" data-widget_type=\"divider.default\">\n\t\t\t\t<div class=\"elementor-widget-container\">\n\t\t\t\t\t\t\t<div class=\"elementor-divider\">\n\t\t\t<span class=\"elementor-divider-separator\">\n\t\t\t\t\t\t<\/span>\n\t\t<\/div>\n\t\t\t\t\t\t<\/div>\n\t\t\t\t<\/div>\n\t\t\t\t<div class=\"elementor-element elementor-element-ee99590 elementor-widget elementor-widget-heading\" data-id=\"ee99590\" data-element_type=\"widget\" data-e-type=\"widget\" data-widget_type=\"heading.default\">\n\t\t\t\t<div class=\"elementor-widget-container\">\n\t\t\t\t\t<h2 class=\"elementor-heading-title elementor-size-default\">Informations sur la soci\u00e9t\u00e9<\/h2>\t\t\t\t<\/div>\n\t\t\t\t<\/div>\n\t\t\t\t<div class=\"elementor-element elementor-element-8b53c01 elementor-widget elementor-widget-text-editor\" data-id=\"8b53c01\" data-element_type=\"widget\" data-e-type=\"widget\" data-widget_type=\"text-editor.default\">\n\t\t\t\t<div class=\"elementor-widget-container\">\n\t\t\t\t\t\t\t\t\t<p><strong>Si\u00e8ge social:<\/strong> 1004 Lausanne<br \/><strong>Num\u00e9ro d&rsquo;immatriculation au registre du commerce:<\/strong>CHE-137.525.800<br \/><b>IDE: <\/b>CHE-137.525.800<br \/><strong>Num\u00e9ro de TVA:<\/strong> CHE-137.525.800 TVA<br \/><strong>Immatriculation:<\/strong>30.09.2024 au registre du commerce du canton de VAUD (VD)<\/p>\t\t\t\t\t\t\t\t<\/div>\n\t\t\t\t<\/div>\n\t\t\t\t\t<\/div>\n\t\t\t\t<\/div>\n\t\t\t\t<\/div>\n\t\t","protected":false},"excerpt":{"rendered":"<p>Mentions l\u00e9gales Adresse HwtMart Rue pr\u00e9 du march\u00e915Lausanne\u00a0VOUD\u00a01004Switzerland\u00a0 Adresse postale: contact@hwtmart.ch T\u00e9l\u00e9phonique: +41 21 634 88 88 Informations sur la soci\u00e9t\u00e9 Si\u00e8ge social: 1004 LausanneNum\u00e9ro d&rsquo;immatriculation au registre du commerce:CHE-137.525.800IDE: CHE-137.525.800Num\u00e9ro de TVA: CHE-137.525.800 TVAImmatriculation:30.09.2024 au registre du commerce du canton de VAUD (VD)<\/p>\n","protected":false},"author":2,"featured_media":0,"parent":0,"menu_order":0,"comment_status":"closed","ping_status":"closed","template":"","meta":{"footnotes":""},"class_list":["post-8910","page","type-page","status-publish","hentry"],"_hostinger_reach_plugin_has_subscription_block":false,"_hostinger_reach_plugin_is_elementor":false,"jetpack_sharing_enabled":true,"_links":{"self":[{"href":"https:\/\/hwtmart.ch\/index.php?rest_route=\/wp\/v2\/pages\/8910","targetHints":{"allow":["GET"]}}],"collection":[{"href":"https:\/\/hwtmart.ch\/index.php?rest_route=\/wp\/v2\/pages"}],"about":[{"href":"https:\/\/hwtmart.ch\/index.php?rest_route=\/wp\/v2\/types\/page"}],"author":[{"embeddable":true,"href":"https:\/\/hwtmart.ch\/index.php?rest_route=\/wp\/v2\/users\/2"}],"replies":[{"embeddable":true,"href":"https:\/\/hwtmart.ch\/index.php?rest_route=%2Fwp%2Fv2%2Fcomments&post=8910"}],"version-history":[{"count":31,"href":"https:\/\/hwtmart.ch\/index.php?rest_route=\/wp\/v2\/pages\/8910\/revisions"}],"predecessor-version":[{"id":11059,"href":"https:\/\/hwtmart.ch\/index.php?rest_route=\/wp\/v2\/pages\/8910\/revisions\/11059"}],"wp:attachment":[{"href":"https:\/\/hwtmart.ch\/index.php?rest_route=%2Fwp%2Fv2%2Fmedia&parent=8910"}],"curies":[{"name":"wp","href":"https:\/\/api.w.org\/{rel}","templated":true}]}}