{"id":10458,"date":"2025-12-15T10:45:46","date_gmt":"2025-12-15T09:45:46","guid":{"rendered":"https:\/\/hwtmart.ch\/?post_type=product&#038;p=10458"},"modified":"2026-04-08T04:04:16","modified_gmt":"2026-04-08T03:04:16","slug":"coque-pour-tous-les-modeles-diphone-17-2","status":"publish","type":"product","link":"https:\/\/hwtmart.ch\/?product=coque-pour-tous-les-modeles-diphone-17-2","title":{"rendered":"Coque Universelle iPhone 17, Anti-Rayures &#038; Anti-D\u00e9rapant, Compatible Tous Variants"},"content":{"rendered":"<p>Sp\u00e9cialement con\u00e7u pour la version standard de l&rsquo;iPhone 17, il prend la \u00ab protection de base \u00bb comme c\u0153ur de conception. \u00c9cartant les designs superflus, il r\u00e9pond aux besoins d&rsquo;utilisation quotidienne gr\u00e2ce \u00e0 des fonctions de base solides, offrant une solution de protection pour t\u00e9l\u00e9phone avec un rapport qualit\u00e9-prix exceptionnel.<br \/>\nSa surface adopte un traitement anti-empreintes digitales de base, permettant d&rsquo;effacer facilement les salet\u00e9s quotidiennes en un seul coup ; la mati\u00e8re pr\u00e9sente une performance stable anti-jaunissement, \u00e9vitant que le produit ne semble us\u00e9 apr\u00e8s une utilisation prolong\u00e9e. Sans fonctions complexes, cette coque \u00e0 support de style basique se concentre sur la praticit\u00e9. Elle propose, \u00e0 un prix abordable, la protection quotidienne n\u00e9cessaire \u00e0 l&rsquo;iPhone 17 ainsi que la commodit\u00e9 d&rsquo;un support \u2014 un choix pragmatique par excellence.<\/p>\n","protected":false},"excerpt":{"rendered":"<p>env. 2-52 jours ouvrables avec Envoi Priority<\/p>\n<p>Livraison GRATUITE- \u00e0 partir de CHF 50.\u2013<\/p>\n","protected":false},"featured_media":9504,"comment_status":"open","ping_status":"closed","template":"","meta":[],"product_brand":[],"product_cat":[794,817,793],"product_tag":[],"class_list":{"0":"post-10458","1":"product","2":"type-product","3":"status-publish","4":"has-post-thumbnail","6":"product_cat-etui-de-telephone","7":"product_cat-soldes","8":"product_cat-etui-de-telephone-chargeur-mural-power-bank-support-de-telephone-voiture","9":"product_shipping_class-livraison-dans-2-a-5-jours","11":"first","12":"instock","13":"sale","14":"taxable","15":"shipping-taxable","16":"purchasable","17":"product-type-variable"},"jetpack_sharing_enabled":true,"_links":{"self":[{"href":"https:\/\/hwtmart.ch\/index.php?rest_route=\/wp\/v2\/product\/10458","targetHints":{"allow":["GET"]}}],"collection":[{"href":"https:\/\/hwtmart.ch\/index.php?rest_route=\/wp\/v2\/product"}],"about":[{"href":"https:\/\/hwtmart.ch\/index.php?rest_route=\/wp\/v2\/types\/product"}],"replies":[{"embeddable":true,"href":"https:\/\/hwtmart.ch\/index.php?rest_route=%2Fwp%2Fv2%2Fcomments&post=10458"}],"version-history":[{"count":12,"href":"https:\/\/hwtmart.ch\/index.php?rest_route=\/wp\/v2\/product\/10458\/revisions"}],"predecessor-version":[{"id":11156,"href":"https:\/\/hwtmart.ch\/index.php?rest_route=\/wp\/v2\/product\/10458\/revisions\/11156"}],"wp:featuredmedia":[{"embeddable":true,"href":"https:\/\/hwtmart.ch\/index.php?rest_route=\/wp\/v2\/media\/9504"}],"wp:attachment":[{"href":"https:\/\/hwtmart.ch\/index.php?rest_route=%2Fwp%2Fv2%2Fmedia&parent=10458"}],"wp:term":[{"taxonomy":"product_brand","embeddable":true,"href":"https:\/\/hwtmart.ch\/index.php?rest_route=%2Fwp%2Fv2%2Fproduct_brand&post=10458"},{"taxonomy":"product_cat","embeddable":true,"href":"https:\/\/hwtmart.ch\/index.php?rest_route=%2Fwp%2Fv2%2Fproduct_cat&post=10458"},{"taxonomy":"product_tag","embeddable":true,"href":"https:\/\/hwtmart.ch\/index.php?rest_route=%2Fwp%2Fv2%2Fproduct_tag&post=10458"}],"curies":[{"name":"wp","href":"https:\/\/api.w.org\/{rel}","templated":true}]}}