{"id":10673,"date":"2025-12-19T04:52:37","date_gmt":"2025-12-19T03:52:37","guid":{"rendered":"https:\/\/hwtmart.ch\/?post_type=product&#038;p=10673"},"modified":"2026-04-08T04:03:34","modified_gmt":"2026-04-08T03:03:34","slug":"etui-magnetique-pour-iphone-17-pro","status":"publish","type":"product","link":"https:\/\/hwtmart.ch\/?product=etui-magnetique-pour-iphone-17-pro","title":{"rendered":"Coque magn\u00e9tique pour iPhone 17PRO, coque antichoc anti-rayures, coque mince magn\u00e9tique"},"content":{"rendered":"<h2>Protection Robuste et \u00c9l\u00e9gance Minimaliste<\/h2>\n<p>Mettez votre iPhone 17PRO \u00e0 l&rsquo;abri des chocs et des rayures avec cette coque magn\u00e9tique sp\u00e9cialement con\u00e7ue pour allier robustesse et style. Fabriqu\u00e9e avec des mat\u00e9riaux haut de gamme, cette coque antichoc vous offre une protection optimale sans compromettre l&rsquo;\u00e9l\u00e9gance de votre appareil. Donnez \u00e0 votre t\u00e9l\u00e9phone l&rsquo;assurance d\u2019une d\u00e9fense solide tout en pr\u00e9servant son apparence moderne et raffin\u00e9e.<\/p>\n<h2>Technologie Magn\u00e9tique Innovante<\/h2>\n<p>Profitez d\u2019une fixation magn\u00e9tique s\u00e9curis\u00e9e qui facilite l\u2019utilisation quotidienne de votre t\u00e9l\u00e9phone. Cette coque mince dispose d&rsquo;un syst\u00e8me magn\u00e9tique ing\u00e9nieux, garantissant une adh\u00e9rence parfaite aux accessoires compatibles, tels que les supports magn\u00e9tiques ou les chargeurs sans fil. Simplifiez vos interactions avec votre iPhone gr\u00e2ce \u00e0 une technologie intuitive et efficace.<\/p>\n<h2>Conception Mince et Ergonomique<\/h2>\n<p>Malgr\u00e9 son niveau de protection avanc\u00e9, cette coque ne sacrifie en rien la finesse et la l\u00e9g\u00e8ret\u00e9. Sa conception ultra-mince assure une prise en main confortable, r\u00e9duisant les encombrements sans alourdir votre appareil. Gr\u00e2ce \u00e0 son design ergonomique, profitez d&rsquo;un \u00e9quilibre parfait entre protection et praticit\u00e9 au quotidien.<\/p>\n<p>Que vous cherchiez une solution pour prot\u00e9ger votre iPhone 17PRO des accidents inattendus ou am\u00e9liorer votre exp\u00e9rience utilisateur avec un accessoire fonctionnel, cette coque magn\u00e9tique antichoc et anti-rayures est la r\u00e9ponse id\u00e9ale. Investissez dans une solution durable qui r\u00e9pond \u00e0 vos besoins tout en compl\u00e9mentant le style unique de votre appareil.<\/p>\n","protected":false},"excerpt":{"rendered":"<p>Protection Robuste et \u00c9l\u00e9gance Minimaliste Mettez votre iPhone 17PRO \u00e0 l&rsquo;abri des chocs et des rayures avec cette coque magn\u00e9tique sp\u00e9cialement con\u00e7ue pour allier robustesse et style. Fabriqu\u00e9e avec des mat\u00e9riaux haut de gamme, cette coque antichoc vous offre une protection optimale sans compromettre l&rsquo;\u00e9l\u00e9gance de votre appareil. Donnez \u00e0 votre t\u00e9l\u00e9phone l&rsquo;assurance d\u2019une d\u00e9fense<\/p>\n<div class=\"klb-readmore entry-button\"><a class=\"btn link\" href=\"https:\/\/hwtmart.ch\/?product=etui-magnetique-pour-iphone-17-pro\">Read More <i class=\"klbth-icon-right-arrow\"><\/i><\/a><\/div>\n","protected":false},"featured_media":9604,"comment_status":"open","ping_status":"closed","template":"","meta":[],"product_brand":[],"product_cat":[793,794,817],"product_tag":[],"class_list":{"0":"post-10673","1":"product","2":"type-product","3":"status-publish","4":"has-post-thumbnail","6":"product_cat-etui-de-telephone-chargeur-mural-power-bank-support-de-telephone-voiture","7":"product_cat-etui-de-telephone","8":"product_cat-soldes","9":"product_shipping_class-livraison-dans-2-a-5-jours","11":"first","12":"instock","13":"sale","14":"taxable","15":"shipping-taxable","16":"purchasable","17":"product-type-variable"},"jetpack_sharing_enabled":true,"_links":{"self":[{"href":"https:\/\/hwtmart.ch\/index.php?rest_route=\/wp\/v2\/product\/10673","targetHints":{"allow":["GET"]}}],"collection":[{"href":"https:\/\/hwtmart.ch\/index.php?rest_route=\/wp\/v2\/product"}],"about":[{"href":"https:\/\/hwtmart.ch\/index.php?rest_route=\/wp\/v2\/types\/product"}],"replies":[{"embeddable":true,"href":"https:\/\/hwtmart.ch\/index.php?rest_route=%2Fwp%2Fv2%2Fcomments&post=10673"}],"version-history":[{"count":4,"href":"https:\/\/hwtmart.ch\/index.php?rest_route=\/wp\/v2\/product\/10673\/revisions"}],"predecessor-version":[{"id":12107,"href":"https:\/\/hwtmart.ch\/index.php?rest_route=\/wp\/v2\/product\/10673\/revisions\/12107"}],"wp:featuredmedia":[{"embeddable":true,"href":"https:\/\/hwtmart.ch\/index.php?rest_route=\/wp\/v2\/media\/9604"}],"wp:attachment":[{"href":"https:\/\/hwtmart.ch\/index.php?rest_route=%2Fwp%2Fv2%2Fmedia&parent=10673"}],"wp:term":[{"taxonomy":"product_brand","embeddable":true,"href":"https:\/\/hwtmart.ch\/index.php?rest_route=%2Fwp%2Fv2%2Fproduct_brand&post=10673"},{"taxonomy":"product_cat","embeddable":true,"href":"https:\/\/hwtmart.ch\/index.php?rest_route=%2Fwp%2Fv2%2Fproduct_cat&post=10673"},{"taxonomy":"product_tag","embeddable":true,"href":"https:\/\/hwtmart.ch\/index.php?rest_route=%2Fwp%2Fv2%2Fproduct_tag&post=10673"}],"curies":[{"name":"wp","href":"https:\/\/api.w.org\/{rel}","templated":true}]}}