{"id":10680,"date":"2025-12-19T04:58:15","date_gmt":"2025-12-19T03:58:15","guid":{"rendered":"https:\/\/hwtmart.ch\/?post_type=product&#038;p=10680"},"modified":"2026-04-08T04:03:18","modified_gmt":"2026-04-08T03:03:18","slug":"etui-magnetique-pour-iphone-17-pro-max","status":"publish","type":"product","link":"https:\/\/hwtmart.ch\/?product=etui-magnetique-pour-iphone-17-pro-max","title":{"rendered":"Coque magn\u00e9tique pour iPhone 17PM, coque antichoc anti-rayures, coque mince magn\u00e9tique"},"content":{"rendered":"<div class=\"auto-hide-last-sibling-br paragraph-JOTKXA paragraph-element br-paragraph-space\">Sp\u00e9cialement con\u00e7u pour la gamme iPhone 17 avec une pr\u00e9cision parfaite, il allie une protection solide \u00e0 un support multifonctionnel. Il est \u00e0 la fois une armure de s\u00e9curit\u00e9 pour votre t\u00e9l\u00e9phone et un assistant pratique que vous pouvez emporter partout, s&rsquo;adaptant \u00e0 toutes les situations telles que les trajets quotidiens, les d\u00e9placements d&rsquo;affaires, les divertissements \u00e0 la maison, etc.<\/div>\n<div class=\"auto-hide-last-sibling-br paragraph-JOTKXA paragraph-element br-paragraph-space\">Les trous de ventilation lat\u00e9raux acc\u00e9l\u00e8rent la circulation de l&rsquo;air, \u00e9vitant la surchauffe m\u00eame lors d&rsquo;une utilisation prolong\u00e9e. Les ouvertures pour les touches sont positionn\u00e9es avec pr\u00e9cision, offrant un retour tactile clair, tandis que l&rsquo;ouverture pour le port de chargement laisse suffisamment d&rsquo;espace pour s&rsquo;adapter \u00e0 diff\u00e9rents types de c\u00e2bles de chargement.<\/div>\n<div class=\"auto-hide-last-sibling-br paragraph-JOTKXA paragraph-element br-paragraph-space\">De la protection anti-chocs au quotidien au support pratique pour le travail et le divertissement, cette coque red\u00e9finit l&rsquo;exp\u00e9rience d&rsquo;utilisation de l&rsquo;iPhone 17 Air. Elle est non seulement un outil fonctionnel, mais aussi un accessoire tendance qui met en valeur votre go\u00fbt.<\/div>\n","protected":false},"excerpt":{"rendered":"<p>Sp\u00e9cialement con\u00e7u pour la gamme iPhone 17 avec une pr\u00e9cision parfaite, il allie une protection solide \u00e0 un support multifonctionnel. Il est \u00e0 la fois une armure de s\u00e9curit\u00e9 pour votre t\u00e9l\u00e9phone et un assistant pratique que vous pouvez emporter partout, s&rsquo;adaptant \u00e0 toutes les situations telles que les trajets quotidiens, les d\u00e9placements d&rsquo;affaires, les<\/p>\n<div class=\"klb-readmore entry-button\"><a class=\"btn link\" href=\"https:\/\/hwtmart.ch\/?product=etui-magnetique-pour-iphone-17-pro-max\">Read More <i class=\"klbth-icon-right-arrow\"><\/i><\/a><\/div>\n","protected":false},"featured_media":9580,"comment_status":"open","ping_status":"closed","template":"","meta":[],"product_brand":[],"product_cat":[793,794,817],"product_tag":[],"class_list":{"0":"post-10680","1":"product","2":"type-product","3":"status-publish","4":"has-post-thumbnail","6":"product_cat-etui-de-telephone-chargeur-mural-power-bank-support-de-telephone-voiture","7":"product_cat-etui-de-telephone","8":"product_cat-soldes","9":"product_shipping_class-livraison-dans-2-a-5-jours","11":"first","12":"instock","13":"sale","14":"taxable","15":"shipping-taxable","16":"purchasable","17":"product-type-variable"},"jetpack_sharing_enabled":true,"_links":{"self":[{"href":"https:\/\/hwtmart.ch\/index.php?rest_route=\/wp\/v2\/product\/10680","targetHints":{"allow":["GET"]}}],"collection":[{"href":"https:\/\/hwtmart.ch\/index.php?rest_route=\/wp\/v2\/product"}],"about":[{"href":"https:\/\/hwtmart.ch\/index.php?rest_route=\/wp\/v2\/types\/product"}],"replies":[{"embeddable":true,"href":"https:\/\/hwtmart.ch\/index.php?rest_route=%2Fwp%2Fv2%2Fcomments&post=10680"}],"version-history":[{"count":4,"href":"https:\/\/hwtmart.ch\/index.php?rest_route=\/wp\/v2\/product\/10680\/revisions"}],"predecessor-version":[{"id":11573,"href":"https:\/\/hwtmart.ch\/index.php?rest_route=\/wp\/v2\/product\/10680\/revisions\/11573"}],"wp:featuredmedia":[{"embeddable":true,"href":"https:\/\/hwtmart.ch\/index.php?rest_route=\/wp\/v2\/media\/9580"}],"wp:attachment":[{"href":"https:\/\/hwtmart.ch\/index.php?rest_route=%2Fwp%2Fv2%2Fmedia&parent=10680"}],"wp:term":[{"taxonomy":"product_brand","embeddable":true,"href":"https:\/\/hwtmart.ch\/index.php?rest_route=%2Fwp%2Fv2%2Fproduct_brand&post=10680"},{"taxonomy":"product_cat","embeddable":true,"href":"https:\/\/hwtmart.ch\/index.php?rest_route=%2Fwp%2Fv2%2Fproduct_cat&post=10680"},{"taxonomy":"product_tag","embeddable":true,"href":"https:\/\/hwtmart.ch\/index.php?rest_route=%2Fwp%2Fv2%2Fproduct_tag&post=10680"}],"curies":[{"name":"wp","href":"https:\/\/api.w.org\/{rel}","templated":true}]}}