{"id":10740,"date":"2025-12-22T06:59:11","date_gmt":"2025-12-22T05:59:11","guid":{"rendered":"https:\/\/hwtmart.ch\/?post_type=product&#038;p=10740"},"modified":"2026-04-08T04:02:45","modified_gmt":"2026-04-08T03:02:45","slug":"enceinte-bluetoothp58-3","status":"publish","type":"product","link":"https:\/\/hwtmart.ch\/?product=enceinte-bluetoothp58-3","title":{"rendered":"Haut-parleur multim\u00e9dia (P58), haut-parleur son HiFi Bluetooth sans fil, lecteur audio st\u00e9r\u00e9o portable"},"content":{"rendered":"<p><img fetchpriority=\"high\" decoding=\"async\" class=\"alignnone size-medium wp-image-12158\" src=\"https:\/\/hwtmart.ch\/wp-content\/uploads\/2025\/12\/1-1-225x300.jpg\" alt=\"\" width=\"225\" height=\"300\" srcset=\"https:\/\/hwtmart.ch\/wp-content\/uploads\/2025\/12\/1-1-225x300.jpg 225w, https:\/\/hwtmart.ch\/wp-content\/uploads\/2025\/12\/1-1-768x1024.jpg 768w, https:\/\/hwtmart.ch\/wp-content\/uploads\/2025\/12\/1-1-41x54.jpg 41w, https:\/\/hwtmart.ch\/wp-content\/uploads\/2025\/12\/1-1.jpg 900w\" sizes=\"(max-width: 225px) 100vw, 225px\" \/> <img decoding=\"async\" class=\"alignnone size-medium wp-image-12159\" src=\"https:\/\/hwtmart.ch\/wp-content\/uploads\/2025\/12\/2-2-225x300.jpg\" alt=\"\" width=\"225\" height=\"300\" srcset=\"https:\/\/hwtmart.ch\/wp-content\/uploads\/2025\/12\/2-2-225x300.jpg 225w, https:\/\/hwtmart.ch\/wp-content\/uploads\/2025\/12\/2-2-768x1024.jpg 768w, https:\/\/hwtmart.ch\/wp-content\/uploads\/2025\/12\/2-2-41x54.jpg 41w, https:\/\/hwtmart.ch\/wp-content\/uploads\/2025\/12\/2-2.jpg 900w\" sizes=\"(max-width: 225px) 100vw, 225px\" \/> <img decoding=\"async\" class=\"alignnone size-medium wp-image-12160\" src=\"https:\/\/hwtmart.ch\/wp-content\/uploads\/2025\/12\/3-225x300.jpg\" alt=\"\" width=\"225\" height=\"300\" srcset=\"https:\/\/hwtmart.ch\/wp-content\/uploads\/2025\/12\/3-225x300.jpg 225w, https:\/\/hwtmart.ch\/wp-content\/uploads\/2025\/12\/3-768x1024.jpg 768w, https:\/\/hwtmart.ch\/wp-content\/uploads\/2025\/12\/3-41x54.jpg 41w, https:\/\/hwtmart.ch\/wp-content\/uploads\/2025\/12\/3.jpg 900w\" sizes=\"(max-width: 225px) 100vw, 225px\" \/> <img loading=\"lazy\" decoding=\"async\" class=\"alignnone size-medium wp-image-12161\" src=\"https:\/\/hwtmart.ch\/wp-content\/uploads\/2025\/12\/4-225x300.jpg\" alt=\"\" width=\"225\" height=\"300\" srcset=\"https:\/\/hwtmart.ch\/wp-content\/uploads\/2025\/12\/4-225x300.jpg 225w, https:\/\/hwtmart.ch\/wp-content\/uploads\/2025\/12\/4-768x1024.jpg 768w, https:\/\/hwtmart.ch\/wp-content\/uploads\/2025\/12\/4-41x54.jpg 41w, https:\/\/hwtmart.ch\/wp-content\/uploads\/2025\/12\/4.jpg 900w\" sizes=\"(max-width: 225px) 100vw, 225px\" \/> <img loading=\"lazy\" decoding=\"async\" class=\"alignnone size-medium wp-image-12162\" src=\"https:\/\/hwtmart.ch\/wp-content\/uploads\/2025\/12\/5-225x300.jpg\" alt=\"\" width=\"225\" height=\"300\" srcset=\"https:\/\/hwtmart.ch\/wp-content\/uploads\/2025\/12\/5-225x300.jpg 225w, https:\/\/hwtmart.ch\/wp-content\/uploads\/2025\/12\/5-768x1024.jpg 768w, https:\/\/hwtmart.ch\/wp-content\/uploads\/2025\/12\/5-41x54.jpg 41w, https:\/\/hwtmart.ch\/wp-content\/uploads\/2025\/12\/5.jpg 900w\" sizes=\"(max-width: 225px) 100vw, 225px\" \/> <img loading=\"lazy\" decoding=\"async\" class=\"alignnone size-medium wp-image-12163\" src=\"https:\/\/hwtmart.ch\/wp-content\/uploads\/2025\/12\/6-5-225x300.jpg\" alt=\"\" width=\"225\" height=\"300\" srcset=\"https:\/\/hwtmart.ch\/wp-content\/uploads\/2025\/12\/6-5-225x300.jpg 225w, https:\/\/hwtmart.ch\/wp-content\/uploads\/2025\/12\/6-5-768x1024.jpg 768w, https:\/\/hwtmart.ch\/wp-content\/uploads\/2025\/12\/6-5-41x54.jpg 41w, https:\/\/hwtmart.ch\/wp-content\/uploads\/2025\/12\/6-5.jpg 900w\" sizes=\"(max-width: 225px) 100vw, 225px\" \/> <img loading=\"lazy\" decoding=\"async\" class=\"alignnone size-medium wp-image-12164\" src=\"https:\/\/hwtmart.ch\/wp-content\/uploads\/2025\/12\/7-8-225x300.jpg\" alt=\"\" width=\"225\" height=\"300\" srcset=\"https:\/\/hwtmart.ch\/wp-content\/uploads\/2025\/12\/7-8-225x300.jpg 225w, https:\/\/hwtmart.ch\/wp-content\/uploads\/2025\/12\/7-8-768x1024.jpg 768w, https:\/\/hwtmart.ch\/wp-content\/uploads\/2025\/12\/7-8-41x54.jpg 41w, https:\/\/hwtmart.ch\/wp-content\/uploads\/2025\/12\/7-8.jpg 900w\" sizes=\"(max-width: 225px) 100vw, 225px\" \/> <img loading=\"lazy\" decoding=\"async\" class=\"alignnone size-medium wp-image-12157\" src=\"https:\/\/hwtmart.ch\/wp-content\/uploads\/2025\/12\/8-10-225x300.jpg\" alt=\"\" width=\"225\" height=\"300\" srcset=\"https:\/\/hwtmart.ch\/wp-content\/uploads\/2025\/12\/8-10-225x300.jpg 225w, https:\/\/hwtmart.ch\/wp-content\/uploads\/2025\/12\/8-10-768x1024.jpg 768w, https:\/\/hwtmart.ch\/wp-content\/uploads\/2025\/12\/8-10-41x54.jpg 41w, https:\/\/hwtmart.ch\/wp-content\/uploads\/2025\/12\/8-10.jpg 900w\" sizes=\"(max-width: 225px) 100vw, 225px\" \/><\/p>\n","protected":false},"excerpt":{"rendered":"<p>Enceinte Bluetooth portable \u00e0 poign\u00e9e, 40W haute puissance + \u00e9tanch\u00e9it\u00e9 IPX6, basse profonde \u00e9poustouflante, Bluetooth 5.3 \u00e0 connexion instantan\u00e9e, 4 couleurs disponibles<\/p>\n","protected":false},"featured_media":10745,"comment_status":"open","ping_status":"closed","template":"","meta":[],"product_brand":[],"product_cat":[797,815],"product_tag":[],"class_list":{"0":"post-10740","1":"product","2":"type-product","3":"status-publish","4":"has-post-thumbnail","6":"product_cat-enceinte-bluetooth","7":"product_cat-ecouteurs-bluetooth-enceinte-bluetooth-projecteur-camera-de-sport","8":"product_shipping_class-livraison-dans-2-a-5-jours","10":"first","11":"instock","12":"taxable","13":"shipping-taxable","14":"purchasable","15":"product-type-variable"},"jetpack_sharing_enabled":true,"_links":{"self":[{"href":"https:\/\/hwtmart.ch\/index.php?rest_route=\/wp\/v2\/product\/10740","targetHints":{"allow":["GET"]}}],"collection":[{"href":"https:\/\/hwtmart.ch\/index.php?rest_route=\/wp\/v2\/product"}],"about":[{"href":"https:\/\/hwtmart.ch\/index.php?rest_route=\/wp\/v2\/types\/product"}],"replies":[{"embeddable":true,"href":"https:\/\/hwtmart.ch\/index.php?rest_route=%2Fwp%2Fv2%2Fcomments&post=10740"}],"version-history":[{"count":7,"href":"https:\/\/hwtmart.ch\/index.php?rest_route=\/wp\/v2\/product\/10740\/revisions"}],"predecessor-version":[{"id":12166,"href":"https:\/\/hwtmart.ch\/index.php?rest_route=\/wp\/v2\/product\/10740\/revisions\/12166"}],"wp:featuredmedia":[{"embeddable":true,"href":"https:\/\/hwtmart.ch\/index.php?rest_route=\/wp\/v2\/media\/10745"}],"wp:attachment":[{"href":"https:\/\/hwtmart.ch\/index.php?rest_route=%2Fwp%2Fv2%2Fmedia&parent=10740"}],"wp:term":[{"taxonomy":"product_brand","embeddable":true,"href":"https:\/\/hwtmart.ch\/index.php?rest_route=%2Fwp%2Fv2%2Fproduct_brand&post=10740"},{"taxonomy":"product_cat","embeddable":true,"href":"https:\/\/hwtmart.ch\/index.php?rest_route=%2Fwp%2Fv2%2Fproduct_cat&post=10740"},{"taxonomy":"product_tag","embeddable":true,"href":"https:\/\/hwtmart.ch\/index.php?rest_route=%2Fwp%2Fv2%2Fproduct_tag&post=10740"}],"curies":[{"name":"wp","href":"https:\/\/api.w.org\/{rel}","templated":true}]}}