{"id":11480,"date":"2026-02-04T09:17:19","date_gmt":"2026-02-04T08:17:19","guid":{"rendered":"https:\/\/hwtmart.ch\/?post_type=product&#038;p=11480"},"modified":"2026-03-26T07:28:45","modified_gmt":"2026-03-26T06:28:45","slug":"camera-sport-exterieure-hd-etanche-anti-poussiere-anti-choc-enregistreur-video-sous-marin%ef%bc%8c8k","status":"publish","type":"product","link":"https:\/\/hwtmart.ch\/?product=camera-sport-exterieure-hd-etanche-anti-poussiere-anti-choc-enregistreur-video-sous-marin%ef%bc%8c8k","title":{"rendered":"Cam\u00e9ra Sport Ext\u00e9rieure HD, \u00c9tanche Anti-poussi\u00e8re Anti-choc, Enregistreur Vid\u00e9o Sous-marin\uff0c8K"},"content":{"rendered":"<p><img fetchpriority=\"high\" decoding=\"async\" class=\"alignnone size-medium wp-image-12067\" src=\"https:\/\/hwtmart.ch\/wp-content\/uploads\/2026\/02\/1-8-225x300.jpg\" alt=\"\" width=\"225\" height=\"300\" srcset=\"https:\/\/hwtmart.ch\/wp-content\/uploads\/2026\/02\/1-8-225x300.jpg 225w, https:\/\/hwtmart.ch\/wp-content\/uploads\/2026\/02\/1-8-768x1024.jpg 768w, https:\/\/hwtmart.ch\/wp-content\/uploads\/2026\/02\/1-8-41x54.jpg 41w, https:\/\/hwtmart.ch\/wp-content\/uploads\/2026\/02\/1-8.jpg 900w\" sizes=\"(max-width: 225px) 100vw, 225px\" \/> <img decoding=\"async\" class=\"alignnone size-medium wp-image-12068\" src=\"https:\/\/hwtmart.ch\/wp-content\/uploads\/2026\/02\/2-8-225x300.jpg\" alt=\"\" width=\"225\" height=\"300\" srcset=\"https:\/\/hwtmart.ch\/wp-content\/uploads\/2026\/02\/2-8-225x300.jpg 225w, https:\/\/hwtmart.ch\/wp-content\/uploads\/2026\/02\/2-8-768x1024.jpg 768w, https:\/\/hwtmart.ch\/wp-content\/uploads\/2026\/02\/2-8-41x54.jpg 41w, https:\/\/hwtmart.ch\/wp-content\/uploads\/2026\/02\/2-8.jpg 900w\" sizes=\"(max-width: 225px) 100vw, 225px\" \/> <img decoding=\"async\" class=\"alignnone size-medium wp-image-12069\" src=\"https:\/\/hwtmart.ch\/wp-content\/uploads\/2026\/02\/3-7-225x300.jpg\" alt=\"\" width=\"225\" height=\"300\" srcset=\"https:\/\/hwtmart.ch\/wp-content\/uploads\/2026\/02\/3-7-225x300.jpg 225w, https:\/\/hwtmart.ch\/wp-content\/uploads\/2026\/02\/3-7-768x1024.jpg 768w, https:\/\/hwtmart.ch\/wp-content\/uploads\/2026\/02\/3-7-41x54.jpg 41w, https:\/\/hwtmart.ch\/wp-content\/uploads\/2026\/02\/3-7.jpg 900w\" sizes=\"(max-width: 225px) 100vw, 225px\" \/><img loading=\"lazy\" decoding=\"async\" class=\"alignnone size-medium wp-image-12057\" src=\"https:\/\/hwtmart.ch\/wp-content\/uploads\/2026\/02\/4-7-225x300.jpg\" alt=\"\" width=\"225\" height=\"300\" srcset=\"https:\/\/hwtmart.ch\/wp-content\/uploads\/2026\/02\/4-7-225x300.jpg 225w, https:\/\/hwtmart.ch\/wp-content\/uploads\/2026\/02\/4-7-768x1024.jpg 768w, https:\/\/hwtmart.ch\/wp-content\/uploads\/2026\/02\/4-7-41x54.jpg 41w, https:\/\/hwtmart.ch\/wp-content\/uploads\/2026\/02\/4-7.jpg 900w\" sizes=\"(max-width: 225px) 100vw, 225px\" \/> <img loading=\"lazy\" decoding=\"async\" class=\"alignnone size-medium wp-image-12058\" src=\"https:\/\/hwtmart.ch\/wp-content\/uploads\/2026\/02\/5-7-225x300.jpg\" alt=\"\" width=\"225\" height=\"300\" srcset=\"https:\/\/hwtmart.ch\/wp-content\/uploads\/2026\/02\/5-7-225x300.jpg 225w, https:\/\/hwtmart.ch\/wp-content\/uploads\/2026\/02\/5-7-768x1024.jpg 768w, https:\/\/hwtmart.ch\/wp-content\/uploads\/2026\/02\/5-7-41x54.jpg 41w, https:\/\/hwtmart.ch\/wp-content\/uploads\/2026\/02\/5-7.jpg 900w\" sizes=\"(max-width: 225px) 100vw, 225px\" \/> <img loading=\"lazy\" decoding=\"async\" class=\"alignnone size-medium wp-image-12059\" src=\"https:\/\/hwtmart.ch\/wp-content\/uploads\/2026\/02\/6-6-225x300.jpg\" alt=\"\" width=\"225\" height=\"300\" srcset=\"https:\/\/hwtmart.ch\/wp-content\/uploads\/2026\/02\/6-6-225x300.jpg 225w, https:\/\/hwtmart.ch\/wp-content\/uploads\/2026\/02\/6-6-768x1024.jpg 768w, https:\/\/hwtmart.ch\/wp-content\/uploads\/2026\/02\/6-6-41x54.jpg 41w, https:\/\/hwtmart.ch\/wp-content\/uploads\/2026\/02\/6-6.jpg 900w\" sizes=\"(max-width: 225px) 100vw, 225px\" \/> <img loading=\"lazy\" decoding=\"async\" class=\"alignnone size-medium wp-image-12060\" src=\"https:\/\/hwtmart.ch\/wp-content\/uploads\/2026\/02\/7-5-225x300.jpg\" alt=\"\" width=\"225\" height=\"300\" srcset=\"https:\/\/hwtmart.ch\/wp-content\/uploads\/2026\/02\/7-5-225x300.jpg 225w, https:\/\/hwtmart.ch\/wp-content\/uploads\/2026\/02\/7-5-768x1024.jpg 768w, https:\/\/hwtmart.ch\/wp-content\/uploads\/2026\/02\/7-5-41x54.jpg 41w, https:\/\/hwtmart.ch\/wp-content\/uploads\/2026\/02\/7-5.jpg 900w\" sizes=\"(max-width: 225px) 100vw, 225px\" \/> <img loading=\"lazy\" decoding=\"async\" class=\"alignnone size-medium wp-image-12061\" src=\"https:\/\/hwtmart.ch\/wp-content\/uploads\/2026\/02\/8-5-225x300.jpg\" alt=\"\" width=\"225\" height=\"300\" srcset=\"https:\/\/hwtmart.ch\/wp-content\/uploads\/2026\/02\/8-5-225x300.jpg 225w, https:\/\/hwtmart.ch\/wp-content\/uploads\/2026\/02\/8-5-768x1024.jpg 768w, https:\/\/hwtmart.ch\/wp-content\/uploads\/2026\/02\/8-5-41x54.jpg 41w, https:\/\/hwtmart.ch\/wp-content\/uploads\/2026\/02\/8-5.jpg 900w\" sizes=\"(max-width: 225px) 100vw, 225px\" \/> <img loading=\"lazy\" decoding=\"async\" class=\"alignnone size-medium wp-image-12062\" src=\"https:\/\/hwtmart.ch\/wp-content\/uploads\/2026\/02\/9-5-225x300.jpg\" alt=\"\" width=\"225\" height=\"300\" srcset=\"https:\/\/hwtmart.ch\/wp-content\/uploads\/2026\/02\/9-5-225x300.jpg 225w, https:\/\/hwtmart.ch\/wp-content\/uploads\/2026\/02\/9-5-768x1024.jpg 768w, https:\/\/hwtmart.ch\/wp-content\/uploads\/2026\/02\/9-5-41x54.jpg 41w, https:\/\/hwtmart.ch\/wp-content\/uploads\/2026\/02\/9-5.jpg 900w\" sizes=\"(max-width: 225px) 100vw, 225px\" \/> <img loading=\"lazy\" decoding=\"async\" class=\"alignnone size-medium wp-image-12063\" src=\"https:\/\/hwtmart.ch\/wp-content\/uploads\/2026\/02\/10-5-225x300.jpg\" alt=\"\" width=\"225\" height=\"300\" srcset=\"https:\/\/hwtmart.ch\/wp-content\/uploads\/2026\/02\/10-5-225x300.jpg 225w, https:\/\/hwtmart.ch\/wp-content\/uploads\/2026\/02\/10-5-768x1024.jpg 768w, https:\/\/hwtmart.ch\/wp-content\/uploads\/2026\/02\/10-5-41x54.jpg 41w, https:\/\/hwtmart.ch\/wp-content\/uploads\/2026\/02\/10-5.jpg 900w\" sizes=\"(max-width: 225px) 100vw, 225px\" \/> <img loading=\"lazy\" decoding=\"async\" class=\"alignnone size-medium wp-image-12064\" src=\"https:\/\/hwtmart.ch\/wp-content\/uploads\/2026\/02\/11-3-225x300.jpg\" alt=\"\" width=\"225\" height=\"300\" srcset=\"https:\/\/hwtmart.ch\/wp-content\/uploads\/2026\/02\/11-3-225x300.jpg 225w, https:\/\/hwtmart.ch\/wp-content\/uploads\/2026\/02\/11-3-768x1024.jpg 768w, https:\/\/hwtmart.ch\/wp-content\/uploads\/2026\/02\/11-3-41x54.jpg 41w, https:\/\/hwtmart.ch\/wp-content\/uploads\/2026\/02\/11-3.jpg 900w\" sizes=\"(max-width: 225px) 100vw, 225px\" \/> <img loading=\"lazy\" decoding=\"async\" class=\"alignnone size-medium wp-image-12065\" src=\"https:\/\/hwtmart.ch\/wp-content\/uploads\/2026\/02\/12-2-225x300.jpg\" alt=\"\" width=\"225\" height=\"300\" srcset=\"https:\/\/hwtmart.ch\/wp-content\/uploads\/2026\/02\/12-2-225x300.jpg 225w, https:\/\/hwtmart.ch\/wp-content\/uploads\/2026\/02\/12-2-768x1024.jpg 768w, https:\/\/hwtmart.ch\/wp-content\/uploads\/2026\/02\/12-2-41x54.jpg 41w, https:\/\/hwtmart.ch\/wp-content\/uploads\/2026\/02\/12-2.jpg 900w\" sizes=\"(max-width: 225px) 100vw, 225px\" \/> <img loading=\"lazy\" decoding=\"async\" class=\"alignnone size-medium wp-image-12066\" src=\"https:\/\/hwtmart.ch\/wp-content\/uploads\/2026\/02\/13-1-225x300.jpg\" alt=\"\" width=\"225\" height=\"300\" srcset=\"https:\/\/hwtmart.ch\/wp-content\/uploads\/2026\/02\/13-1-225x300.jpg 225w, https:\/\/hwtmart.ch\/wp-content\/uploads\/2026\/02\/13-1-768x1024.jpg 768w, https:\/\/hwtmart.ch\/wp-content\/uploads\/2026\/02\/13-1-41x54.jpg 41w, https:\/\/hwtmart.ch\/wp-content\/uploads\/2026\/02\/13-1.jpg 900w\" sizes=\"(max-width: 225px) 100vw, 225px\" \/><\/p>\n","protected":false},"excerpt":{"rendered":"<p>Compact et puissant, c&rsquo;est votre appareil photo parfait pour toutes vos aventures \u00e0 l&rsquo;ext\u00e9rieur et vos enregistrements quotidiens.<\/p>\n","protected":false},"featured_media":11482,"comment_status":"open","ping_status":"closed","template":"","meta":[],"product_brand":[],"product_cat":[815,817,818],"product_tag":[],"class_list":{"0":"post-11480","1":"product","2":"type-product","3":"status-publish","4":"has-post-thumbnail","6":"product_cat-ecouteurs-bluetooth-enceinte-bluetooth-projecteur-camera-de-sport","7":"product_cat-soldes","8":"product_cat-camera-de-sport","9":"product_shipping_class-livraison-dans-2-a-5-jours","11":"first","12":"instock","13":"taxable","14":"shipping-taxable","15":"purchasable","16":"product-type-simple"},"jetpack_sharing_enabled":true,"_links":{"self":[{"href":"https:\/\/hwtmart.ch\/index.php?rest_route=\/wp\/v2\/product\/11480","targetHints":{"allow":["GET"]}}],"collection":[{"href":"https:\/\/hwtmart.ch\/index.php?rest_route=\/wp\/v2\/product"}],"about":[{"href":"https:\/\/hwtmart.ch\/index.php?rest_route=\/wp\/v2\/types\/product"}],"replies":[{"embeddable":true,"href":"https:\/\/hwtmart.ch\/index.php?rest_route=%2Fwp%2Fv2%2Fcomments&post=11480"}],"version-history":[{"count":4,"href":"https:\/\/hwtmart.ch\/index.php?rest_route=\/wp\/v2\/product\/11480\/revisions"}],"predecessor-version":[{"id":12073,"href":"https:\/\/hwtmart.ch\/index.php?rest_route=\/wp\/v2\/product\/11480\/revisions\/12073"}],"wp:featuredmedia":[{"embeddable":true,"href":"https:\/\/hwtmart.ch\/index.php?rest_route=\/wp\/v2\/media\/11482"}],"wp:attachment":[{"href":"https:\/\/hwtmart.ch\/index.php?rest_route=%2Fwp%2Fv2%2Fmedia&parent=11480"}],"wp:term":[{"taxonomy":"product_brand","embeddable":true,"href":"https:\/\/hwtmart.ch\/index.php?rest_route=%2Fwp%2Fv2%2Fproduct_brand&post=11480"},{"taxonomy":"product_cat","embeddable":true,"href":"https:\/\/hwtmart.ch\/index.php?rest_route=%2Fwp%2Fv2%2Fproduct_cat&post=11480"},{"taxonomy":"product_tag","embeddable":true,"href":"https:\/\/hwtmart.ch\/index.php?rest_route=%2Fwp%2Fv2%2Fproduct_tag&post=11480"}],"curies":[{"name":"wp","href":"https:\/\/api.w.org\/{rel}","templated":true}]}}