{"id":11523,"date":"2026-02-04T10:58:53","date_gmt":"2026-02-04T09:58:53","guid":{"rendered":"https:\/\/hwtmart.ch\/?post_type=product&#038;p=11523"},"modified":"2026-03-26T07:28:29","modified_gmt":"2026-03-26T06:28:29","slug":"camera-sport-main-tenue-4k-eis-ecran-ips-tactile-hd-stabilisation-renforcee","status":"publish","type":"product","link":"https:\/\/hwtmart.ch\/?product=camera-sport-main-tenue-4k-eis-ecran-ips-tactile-hd-stabilisation-renforcee","title":{"rendered":"Cam\u00e9ra Sport Main Tenue 4K EIS, \u00c9cran IPS Tactile HD, Stabilisation Renforc\u00e9e"},"content":{"rendered":"<p style=\"text-align: left;\"><img fetchpriority=\"high\" decoding=\"async\" class=\"alignnone size-medium wp-image-12076\" src=\"https:\/\/hwtmart.ch\/wp-content\/uploads\/2026\/02\/1-9-225x300.jpg\" alt=\"\" width=\"225\" height=\"300\" srcset=\"https:\/\/hwtmart.ch\/wp-content\/uploads\/2026\/02\/1-9-225x300.jpg 225w, https:\/\/hwtmart.ch\/wp-content\/uploads\/2026\/02\/1-9-768x1024.jpg 768w, https:\/\/hwtmart.ch\/wp-content\/uploads\/2026\/02\/1-9-41x54.jpg 41w, https:\/\/hwtmart.ch\/wp-content\/uploads\/2026\/02\/1-9.jpg 900w\" sizes=\"(max-width: 225px) 100vw, 225px\" \/> <img decoding=\"async\" class=\"alignnone size-medium wp-image-12077\" src=\"https:\/\/hwtmart.ch\/wp-content\/uploads\/2026\/02\/2-9-225x300.jpg\" alt=\"\" width=\"225\" height=\"300\" srcset=\"https:\/\/hwtmart.ch\/wp-content\/uploads\/2026\/02\/2-9-225x300.jpg 225w, https:\/\/hwtmart.ch\/wp-content\/uploads\/2026\/02\/2-9-768x1024.jpg 768w, https:\/\/hwtmart.ch\/wp-content\/uploads\/2026\/02\/2-9-41x54.jpg 41w, https:\/\/hwtmart.ch\/wp-content\/uploads\/2026\/02\/2-9.jpg 900w\" sizes=\"(max-width: 225px) 100vw, 225px\" \/> <img decoding=\"async\" class=\"alignnone size-medium wp-image-12078\" src=\"https:\/\/hwtmart.ch\/wp-content\/uploads\/2026\/02\/3-8-225x300.jpg\" alt=\"\" width=\"225\" height=\"300\" srcset=\"https:\/\/hwtmart.ch\/wp-content\/uploads\/2026\/02\/3-8-225x300.jpg 225w, https:\/\/hwtmart.ch\/wp-content\/uploads\/2026\/02\/3-8-768x1024.jpg 768w, https:\/\/hwtmart.ch\/wp-content\/uploads\/2026\/02\/3-8-41x54.jpg 41w, https:\/\/hwtmart.ch\/wp-content\/uploads\/2026\/02\/3-8.jpg 900w\" sizes=\"(max-width: 225px) 100vw, 225px\" \/> <img loading=\"lazy\" decoding=\"async\" class=\"alignnone size-medium wp-image-12079\" src=\"https:\/\/hwtmart.ch\/wp-content\/uploads\/2026\/02\/4-8-225x300.jpg\" alt=\"\" width=\"225\" height=\"300\" srcset=\"https:\/\/hwtmart.ch\/wp-content\/uploads\/2026\/02\/4-8-225x300.jpg 225w, https:\/\/hwtmart.ch\/wp-content\/uploads\/2026\/02\/4-8-768x1024.jpg 768w, https:\/\/hwtmart.ch\/wp-content\/uploads\/2026\/02\/4-8-41x54.jpg 41w, https:\/\/hwtmart.ch\/wp-content\/uploads\/2026\/02\/4-8.jpg 900w\" sizes=\"(max-width: 225px) 100vw, 225px\" \/> <img loading=\"lazy\" decoding=\"async\" class=\"alignnone size-medium wp-image-12080\" src=\"https:\/\/hwtmart.ch\/wp-content\/uploads\/2026\/02\/5-8-225x300.jpg\" alt=\"\" width=\"225\" height=\"300\" srcset=\"https:\/\/hwtmart.ch\/wp-content\/uploads\/2026\/02\/5-8-225x300.jpg 225w, https:\/\/hwtmart.ch\/wp-content\/uploads\/2026\/02\/5-8-768x1024.jpg 768w, https:\/\/hwtmart.ch\/wp-content\/uploads\/2026\/02\/5-8-41x54.jpg 41w, https:\/\/hwtmart.ch\/wp-content\/uploads\/2026\/02\/5-8.jpg 900w\" sizes=\"(max-width: 225px) 100vw, 225px\" \/> <img loading=\"lazy\" decoding=\"async\" class=\"alignnone size-medium wp-image-12081\" src=\"https:\/\/hwtmart.ch\/wp-content\/uploads\/2026\/02\/6-7-225x300.jpg\" alt=\"\" width=\"225\" height=\"300\" srcset=\"https:\/\/hwtmart.ch\/wp-content\/uploads\/2026\/02\/6-7-225x300.jpg 225w, https:\/\/hwtmart.ch\/wp-content\/uploads\/2026\/02\/6-7-768x1024.jpg 768w, https:\/\/hwtmart.ch\/wp-content\/uploads\/2026\/02\/6-7-41x54.jpg 41w, https:\/\/hwtmart.ch\/wp-content\/uploads\/2026\/02\/6-7.jpg 900w\" sizes=\"(max-width: 225px) 100vw, 225px\" \/> <img loading=\"lazy\" decoding=\"async\" class=\"alignnone size-medium wp-image-12082\" src=\"https:\/\/hwtmart.ch\/wp-content\/uploads\/2026\/02\/7-6-225x300.jpg\" alt=\"\" width=\"225\" height=\"300\" srcset=\"https:\/\/hwtmart.ch\/wp-content\/uploads\/2026\/02\/7-6-225x300.jpg 225w, https:\/\/hwtmart.ch\/wp-content\/uploads\/2026\/02\/7-6-768x1024.jpg 768w, https:\/\/hwtmart.ch\/wp-content\/uploads\/2026\/02\/7-6-41x54.jpg 41w, https:\/\/hwtmart.ch\/wp-content\/uploads\/2026\/02\/7-6.jpg 900w\" sizes=\"(max-width: 225px) 100vw, 225px\" \/> <img loading=\"lazy\" decoding=\"async\" class=\"alignnone size-medium wp-image-12083\" src=\"https:\/\/hwtmart.ch\/wp-content\/uploads\/2026\/02\/8-6-225x300.jpg\" alt=\"\" width=\"225\" height=\"300\" srcset=\"https:\/\/hwtmart.ch\/wp-content\/uploads\/2026\/02\/8-6-225x300.jpg 225w, https:\/\/hwtmart.ch\/wp-content\/uploads\/2026\/02\/8-6-768x1024.jpg 768w, https:\/\/hwtmart.ch\/wp-content\/uploads\/2026\/02\/8-6-41x54.jpg 41w, https:\/\/hwtmart.ch\/wp-content\/uploads\/2026\/02\/8-6.jpg 900w\" sizes=\"(max-width: 225px) 100vw, 225px\" \/> <img loading=\"lazy\" decoding=\"async\" class=\"alignnone size-medium wp-image-12084\" src=\"https:\/\/hwtmart.ch\/wp-content\/uploads\/2026\/02\/9-6-225x300.jpg\" alt=\"\" width=\"225\" height=\"300\" srcset=\"https:\/\/hwtmart.ch\/wp-content\/uploads\/2026\/02\/9-6-225x300.jpg 225w, https:\/\/hwtmart.ch\/wp-content\/uploads\/2026\/02\/9-6-768x1024.jpg 768w, https:\/\/hwtmart.ch\/wp-content\/uploads\/2026\/02\/9-6-41x54.jpg 41w, https:\/\/hwtmart.ch\/wp-content\/uploads\/2026\/02\/9-6.jpg 900w\" sizes=\"(max-width: 225px) 100vw, 225px\" \/> <img loading=\"lazy\" decoding=\"async\" class=\"alignnone size-medium wp-image-12075\" src=\"https:\/\/hwtmart.ch\/wp-content\/uploads\/2026\/02\/10-6-225x300.jpg\" alt=\"\" width=\"225\" height=\"300\" srcset=\"https:\/\/hwtmart.ch\/wp-content\/uploads\/2026\/02\/10-6-225x300.jpg 225w, https:\/\/hwtmart.ch\/wp-content\/uploads\/2026\/02\/10-6-768x1024.jpg 768w, https:\/\/hwtmart.ch\/wp-content\/uploads\/2026\/02\/10-6-41x54.jpg 41w, https:\/\/hwtmart.ch\/wp-content\/uploads\/2026\/02\/10-6.jpg 900w\" sizes=\"(max-width: 225px) 100vw, 225px\" \/><\/p>\n","protected":false},"excerpt":{"rendered":"<p>\u00e9solution de 20 millions de pixels, avec un corps en ABS durable et r\u00e9sistant. Une autonomie allant de 90 \u00e0 110 minutes et une prise en charge des cartes TF pour un stockage illimit\u00e9, capturant chaque instant pr\u00e9cieux.<\/p>\n","protected":false},"featured_media":11525,"comment_status":"open","ping_status":"closed","template":"","meta":[],"product_brand":[],"product_cat":[815,817,818],"product_tag":[],"class_list":{"0":"post-11523","1":"product","2":"type-product","3":"status-publish","4":"has-post-thumbnail","6":"product_cat-ecouteurs-bluetooth-enceinte-bluetooth-projecteur-camera-de-sport","7":"product_cat-soldes","8":"product_cat-camera-de-sport","9":"product_shipping_class-livraison-dans-2-a-5-jours","11":"first","12":"instock","13":"taxable","14":"shipping-taxable","15":"purchasable","16":"product-type-simple"},"jetpack_sharing_enabled":true,"_links":{"self":[{"href":"https:\/\/hwtmart.ch\/index.php?rest_route=\/wp\/v2\/product\/11523","targetHints":{"allow":["GET"]}}],"collection":[{"href":"https:\/\/hwtmart.ch\/index.php?rest_route=\/wp\/v2\/product"}],"about":[{"href":"https:\/\/hwtmart.ch\/index.php?rest_route=\/wp\/v2\/types\/product"}],"replies":[{"embeddable":true,"href":"https:\/\/hwtmart.ch\/index.php?rest_route=%2Fwp%2Fv2%2Fcomments&post=11523"}],"version-history":[{"count":4,"href":"https:\/\/hwtmart.ch\/index.php?rest_route=\/wp\/v2\/product\/11523\/revisions"}],"predecessor-version":[{"id":12179,"href":"https:\/\/hwtmart.ch\/index.php?rest_route=\/wp\/v2\/product\/11523\/revisions\/12179"}],"wp:featuredmedia":[{"embeddable":true,"href":"https:\/\/hwtmart.ch\/index.php?rest_route=\/wp\/v2\/media\/11525"}],"wp:attachment":[{"href":"https:\/\/hwtmart.ch\/index.php?rest_route=%2Fwp%2Fv2%2Fmedia&parent=11523"}],"wp:term":[{"taxonomy":"product_brand","embeddable":true,"href":"https:\/\/hwtmart.ch\/index.php?rest_route=%2Fwp%2Fv2%2Fproduct_brand&post=11523"},{"taxonomy":"product_cat","embeddable":true,"href":"https:\/\/hwtmart.ch\/index.php?rest_route=%2Fwp%2Fv2%2Fproduct_cat&post=11523"},{"taxonomy":"product_tag","embeddable":true,"href":"https:\/\/hwtmart.ch\/index.php?rest_route=%2Fwp%2Fv2%2Fproduct_tag&post=11523"}],"curies":[{"name":"wp","href":"https:\/\/api.w.org\/{rel}","templated":true}]}}