{"id":6718,"date":"2025-04-09T07:45:44","date_gmt":"2025-04-09T07:45:44","guid":{"rendered":"https:\/\/hwtmart.ch\/?post_type=product&#038;p=6718"},"modified":"2026-04-08T04:50:35","modified_gmt":"2026-04-08T03:50:35","slug":"projecteur-portable","status":"publish","type":"product","link":"https:\/\/hwtmart.ch\/?product=projecteur-portable","title":{"rendered":"Projecteur (A10), mini projecteur LED portable, projecteur cin\u00e9ma maison HD 1080P pour t\u00e9l\u00e9phone ordinateur portable"},"content":{"rendered":"<p><img fetchpriority=\"high\" decoding=\"async\" class=\"alignnone size-medium wp-image-12414\" src=\"https:\/\/hwtmart.ch\/wp-content\/uploads\/2025\/04\/1-12-218x300.jpg\" alt=\"\" width=\"218\" height=\"300\" srcset=\"https:\/\/hwtmart.ch\/wp-content\/uploads\/2025\/04\/1-12-218x300.jpg 218w, https:\/\/hwtmart.ch\/wp-content\/uploads\/2025\/04\/1-12-745x1024.jpg 745w, https:\/\/hwtmart.ch\/wp-content\/uploads\/2025\/04\/1-12-768x1056.jpg 768w, https:\/\/hwtmart.ch\/wp-content\/uploads\/2025\/04\/1-12-39x54.jpg 39w, https:\/\/hwtmart.ch\/wp-content\/uploads\/2025\/04\/1-12.jpg 800w\" sizes=\"(max-width: 218px) 100vw, 218px\" \/> <img decoding=\"async\" class=\"alignnone size-medium wp-image-12415\" src=\"https:\/\/hwtmart.ch\/wp-content\/uploads\/2025\/04\/2-11-218x300.jpg\" alt=\"\" width=\"218\" height=\"300\" srcset=\"https:\/\/hwtmart.ch\/wp-content\/uploads\/2025\/04\/2-11-218x300.jpg 218w, https:\/\/hwtmart.ch\/wp-content\/uploads\/2025\/04\/2-11-745x1024.jpg 745w, https:\/\/hwtmart.ch\/wp-content\/uploads\/2025\/04\/2-11-768x1056.jpg 768w, https:\/\/hwtmart.ch\/wp-content\/uploads\/2025\/04\/2-11-39x54.jpg 39w, https:\/\/hwtmart.ch\/wp-content\/uploads\/2025\/04\/2-11.jpg 800w\" sizes=\"(max-width: 218px) 100vw, 218px\" \/> <img decoding=\"async\" class=\"alignnone size-medium wp-image-12416\" src=\"https:\/\/hwtmart.ch\/wp-content\/uploads\/2025\/04\/3-10-218x300.jpg\" alt=\"\" width=\"218\" height=\"300\" srcset=\"https:\/\/hwtmart.ch\/wp-content\/uploads\/2025\/04\/3-10-218x300.jpg 218w, https:\/\/hwtmart.ch\/wp-content\/uploads\/2025\/04\/3-10-745x1024.jpg 745w, https:\/\/hwtmart.ch\/wp-content\/uploads\/2025\/04\/3-10-768x1056.jpg 768w, https:\/\/hwtmart.ch\/wp-content\/uploads\/2025\/04\/3-10-39x54.jpg 39w, https:\/\/hwtmart.ch\/wp-content\/uploads\/2025\/04\/3-10.jpg 800w\" sizes=\"(max-width: 218px) 100vw, 218px\" \/> <img loading=\"lazy\" decoding=\"async\" class=\"alignnone size-medium wp-image-12417\" src=\"https:\/\/hwtmart.ch\/wp-content\/uploads\/2025\/04\/4-10-218x300.jpg\" alt=\"\" width=\"218\" height=\"300\" srcset=\"https:\/\/hwtmart.ch\/wp-content\/uploads\/2025\/04\/4-10-218x300.jpg 218w, https:\/\/hwtmart.ch\/wp-content\/uploads\/2025\/04\/4-10-745x1024.jpg 745w, https:\/\/hwtmart.ch\/wp-content\/uploads\/2025\/04\/4-10-768x1056.jpg 768w, https:\/\/hwtmart.ch\/wp-content\/uploads\/2025\/04\/4-10-39x54.jpg 39w, https:\/\/hwtmart.ch\/wp-content\/uploads\/2025\/04\/4-10.jpg 800w\" sizes=\"(max-width: 218px) 100vw, 218px\" \/> <img loading=\"lazy\" decoding=\"async\" class=\"alignnone size-medium wp-image-12418\" src=\"https:\/\/hwtmart.ch\/wp-content\/uploads\/2025\/04\/5-11-218x300.jpg\" alt=\"\" width=\"218\" height=\"300\" srcset=\"https:\/\/hwtmart.ch\/wp-content\/uploads\/2025\/04\/5-11-218x300.jpg 218w, https:\/\/hwtmart.ch\/wp-content\/uploads\/2025\/04\/5-11-745x1024.jpg 745w, https:\/\/hwtmart.ch\/wp-content\/uploads\/2025\/04\/5-11-768x1056.jpg 768w, https:\/\/hwtmart.ch\/wp-content\/uploads\/2025\/04\/5-11-39x54.jpg 39w, https:\/\/hwtmart.ch\/wp-content\/uploads\/2025\/04\/5-11.jpg 800w\" sizes=\"(max-width: 218px) 100vw, 218px\" \/> <img loading=\"lazy\" decoding=\"async\" class=\"alignnone size-medium wp-image-12419\" src=\"https:\/\/hwtmart.ch\/wp-content\/uploads\/2025\/04\/6-8-218x300.jpg\" alt=\"\" width=\"218\" height=\"300\" srcset=\"https:\/\/hwtmart.ch\/wp-content\/uploads\/2025\/04\/6-8-218x300.jpg 218w, https:\/\/hwtmart.ch\/wp-content\/uploads\/2025\/04\/6-8-745x1024.jpg 745w, https:\/\/hwtmart.ch\/wp-content\/uploads\/2025\/04\/6-8-768x1056.jpg 768w, https:\/\/hwtmart.ch\/wp-content\/uploads\/2025\/04\/6-8-39x54.jpg 39w, https:\/\/hwtmart.ch\/wp-content\/uploads\/2025\/04\/6-8.jpg 800w\" sizes=\"(max-width: 218px) 100vw, 218px\" \/> <img loading=\"lazy\" decoding=\"async\" class=\"alignnone size-medium wp-image-12413\" src=\"https:\/\/hwtmart.ch\/wp-content\/uploads\/2025\/04\/7-8-218x300.jpg\" alt=\"\" width=\"218\" height=\"300\" srcset=\"https:\/\/hwtmart.ch\/wp-content\/uploads\/2025\/04\/7-8-218x300.jpg 218w, https:\/\/hwtmart.ch\/wp-content\/uploads\/2025\/04\/7-8-745x1024.jpg 745w, https:\/\/hwtmart.ch\/wp-content\/uploads\/2025\/04\/7-8-768x1056.jpg 768w, https:\/\/hwtmart.ch\/wp-content\/uploads\/2025\/04\/7-8-39x54.jpg 39w, https:\/\/hwtmart.ch\/wp-content\/uploads\/2025\/04\/7-8.jpg 800w\" sizes=\"(max-width: 218px) 100vw, 218px\" \/><\/p>\n","protected":false},"excerpt":{"rendered":"<div class=\"message-box-content-wrapper-srHdUj\">\n<div class=\"message-content message-box-content-otxGGw receive-message-box-content-x5iBzO samantha-message-box-content-aDu1aK\" data-testid=\"message_content\">\n<div class=\"container-hfX5E8 flow-markdown-body theme-samantha-yJEgBp\" dir=\"ltr\" data-testid=\"message_text_content\" data-show-indicator=\"false\">\n<div class=\"auto-hide-last-sibling-br paragraph-qzbcQC paragraph-element br-paragraph-space\"><strong>Projecteur intelligent et portable \u2014 Le choix polyvalent pour le th\u00e9\u00e2tre domestique et les pr\u00e9sentations professionnelles.<\/strong><\/div>\n<\/div>\n<\/div>\n<\/div>\n","protected":false},"featured_media":7796,"comment_status":"open","ping_status":"closed","template":"","meta":[],"product_brand":[],"product_cat":[798,815],"product_tag":[],"class_list":{"0":"post-6718","1":"product","2":"type-product","3":"status-publish","4":"has-post-thumbnail","6":"product_cat-projecteur","7":"product_cat-ecouteurs-bluetooth-enceinte-bluetooth-projecteur-camera-de-sport","8":"product_shipping_class-livraison-dans-2-a-5-jours","10":"first","11":"instock","12":"taxable","13":"shipping-taxable","14":"purchasable","15":"product-type-simple"},"jetpack_sharing_enabled":true,"_links":{"self":[{"href":"https:\/\/hwtmart.ch\/index.php?rest_route=\/wp\/v2\/product\/6718","targetHints":{"allow":["GET"]}}],"collection":[{"href":"https:\/\/hwtmart.ch\/index.php?rest_route=\/wp\/v2\/product"}],"about":[{"href":"https:\/\/hwtmart.ch\/index.php?rest_route=\/wp\/v2\/types\/product"}],"replies":[{"embeddable":true,"href":"https:\/\/hwtmart.ch\/index.php?rest_route=%2Fwp%2Fv2%2Fcomments&post=6718"}],"version-history":[{"count":6,"href":"https:\/\/hwtmart.ch\/index.php?rest_route=\/wp\/v2\/product\/6718\/revisions"}],"predecessor-version":[{"id":12420,"href":"https:\/\/hwtmart.ch\/index.php?rest_route=\/wp\/v2\/product\/6718\/revisions\/12420"}],"wp:featuredmedia":[{"embeddable":true,"href":"https:\/\/hwtmart.ch\/index.php?rest_route=\/wp\/v2\/media\/7796"}],"wp:attachment":[{"href":"https:\/\/hwtmart.ch\/index.php?rest_route=%2Fwp%2Fv2%2Fmedia&parent=6718"}],"wp:term":[{"taxonomy":"product_brand","embeddable":true,"href":"https:\/\/hwtmart.ch\/index.php?rest_route=%2Fwp%2Fv2%2Fproduct_brand&post=6718"},{"taxonomy":"product_cat","embeddable":true,"href":"https:\/\/hwtmart.ch\/index.php?rest_route=%2Fwp%2Fv2%2Fproduct_cat&post=6718"},{"taxonomy":"product_tag","embeddable":true,"href":"https:\/\/hwtmart.ch\/index.php?rest_route=%2Fwp%2Fv2%2Fproduct_tag&post=6718"}],"curies":[{"name":"wp","href":"https:\/\/api.w.org\/{rel}","templated":true}]}}