{"id":6729,"date":"2025-04-09T09:04:05","date_gmt":"2025-04-09T09:04:05","guid":{"rendered":"https:\/\/hwtmart.ch\/?post_type=product&#038;p=6729"},"modified":"2026-04-08T04:49:23","modified_gmt":"2026-04-08T03:49:23","slug":"kit-de-coupe-de-cheveux","status":"publish","type":"product","link":"https:\/\/hwtmart.ch\/?product=kit-de-coupe-de-cheveux","title":{"rendered":"Kit de coiffure professionnel, tondeuse \u00e0 cheveux \u00e9lectrique, plusieurs peignes, conception \u00e9tanche."},"content":{"rendered":"<p><img fetchpriority=\"high\" decoding=\"async\" class=\"alignnone size-medium wp-image-12291\" src=\"https:\/\/hwtmart.ch\/wp-content\/uploads\/2025\/04\/1-8-200x300.jpg\" alt=\"\" width=\"200\" height=\"300\" srcset=\"https:\/\/hwtmart.ch\/wp-content\/uploads\/2025\/04\/1-8-200x300.jpg 200w, https:\/\/hwtmart.ch\/wp-content\/uploads\/2025\/04\/1-8-683x1024.jpg 683w, https:\/\/hwtmart.ch\/wp-content\/uploads\/2025\/04\/1-8-768x1152.jpg 768w, https:\/\/hwtmart.ch\/wp-content\/uploads\/2025\/04\/1-8-36x54.jpg 36w, https:\/\/hwtmart.ch\/wp-content\/uploads\/2025\/04\/1-8.jpg 800w\" sizes=\"(max-width: 200px) 100vw, 200px\" \/> <img decoding=\"async\" class=\"alignnone size-medium wp-image-12292\" src=\"https:\/\/hwtmart.ch\/wp-content\/uploads\/2025\/04\/2-7-200x300.jpg\" alt=\"\" width=\"200\" height=\"300\" srcset=\"https:\/\/hwtmart.ch\/wp-content\/uploads\/2025\/04\/2-7-200x300.jpg 200w, https:\/\/hwtmart.ch\/wp-content\/uploads\/2025\/04\/2-7-683x1024.jpg 683w, https:\/\/hwtmart.ch\/wp-content\/uploads\/2025\/04\/2-7-768x1152.jpg 768w, https:\/\/hwtmart.ch\/wp-content\/uploads\/2025\/04\/2-7-36x54.jpg 36w, https:\/\/hwtmart.ch\/wp-content\/uploads\/2025\/04\/2-7.jpg 800w\" sizes=\"(max-width: 200px) 100vw, 200px\" \/> <img decoding=\"async\" class=\"alignnone size-medium wp-image-12293\" src=\"https:\/\/hwtmart.ch\/wp-content\/uploads\/2025\/04\/3-6-200x300.jpg\" alt=\"\" width=\"200\" height=\"300\" srcset=\"https:\/\/hwtmart.ch\/wp-content\/uploads\/2025\/04\/3-6-200x300.jpg 200w, https:\/\/hwtmart.ch\/wp-content\/uploads\/2025\/04\/3-6-683x1024.jpg 683w, https:\/\/hwtmart.ch\/wp-content\/uploads\/2025\/04\/3-6-768x1152.jpg 768w, https:\/\/hwtmart.ch\/wp-content\/uploads\/2025\/04\/3-6-36x54.jpg 36w, https:\/\/hwtmart.ch\/wp-content\/uploads\/2025\/04\/3-6.jpg 800w\" sizes=\"(max-width: 200px) 100vw, 200px\" \/> <img loading=\"lazy\" decoding=\"async\" class=\"alignnone size-medium wp-image-12294\" src=\"https:\/\/hwtmart.ch\/wp-content\/uploads\/2025\/04\/4-6-200x300.jpg\" alt=\"\" width=\"200\" height=\"300\" srcset=\"https:\/\/hwtmart.ch\/wp-content\/uploads\/2025\/04\/4-6-200x300.jpg 200w, https:\/\/hwtmart.ch\/wp-content\/uploads\/2025\/04\/4-6-683x1024.jpg 683w, https:\/\/hwtmart.ch\/wp-content\/uploads\/2025\/04\/4-6-768x1152.jpg 768w, https:\/\/hwtmart.ch\/wp-content\/uploads\/2025\/04\/4-6-36x54.jpg 36w, https:\/\/hwtmart.ch\/wp-content\/uploads\/2025\/04\/4-6.jpg 800w\" sizes=\"(max-width: 200px) 100vw, 200px\" \/> <img loading=\"lazy\" decoding=\"async\" class=\"alignnone size-medium wp-image-12295\" src=\"https:\/\/hwtmart.ch\/wp-content\/uploads\/2025\/04\/5-7-200x300.jpg\" alt=\"\" width=\"200\" height=\"300\" srcset=\"https:\/\/hwtmart.ch\/wp-content\/uploads\/2025\/04\/5-7-200x300.jpg 200w, https:\/\/hwtmart.ch\/wp-content\/uploads\/2025\/04\/5-7-683x1024.jpg 683w, https:\/\/hwtmart.ch\/wp-content\/uploads\/2025\/04\/5-7-768x1152.jpg 768w, https:\/\/hwtmart.ch\/wp-content\/uploads\/2025\/04\/5-7-36x54.jpg 36w, https:\/\/hwtmart.ch\/wp-content\/uploads\/2025\/04\/5-7.jpg 800w\" sizes=\"(max-width: 200px) 100vw, 200px\" \/> <img loading=\"lazy\" decoding=\"async\" class=\"alignnone size-medium wp-image-12296\" src=\"https:\/\/hwtmart.ch\/wp-content\/uploads\/2025\/04\/6-4-200x300.jpg\" alt=\"\" width=\"200\" height=\"300\" srcset=\"https:\/\/hwtmart.ch\/wp-content\/uploads\/2025\/04\/6-4-200x300.jpg 200w, https:\/\/hwtmart.ch\/wp-content\/uploads\/2025\/04\/6-4-683x1024.jpg 683w, https:\/\/hwtmart.ch\/wp-content\/uploads\/2025\/04\/6-4-768x1152.jpg 768w, https:\/\/hwtmart.ch\/wp-content\/uploads\/2025\/04\/6-4-36x54.jpg 36w, https:\/\/hwtmart.ch\/wp-content\/uploads\/2025\/04\/6-4.jpg 800w\" sizes=\"(max-width: 200px) 100vw, 200px\" \/> <img loading=\"lazy\" decoding=\"async\" class=\"alignnone size-medium wp-image-12290\" src=\"https:\/\/hwtmart.ch\/wp-content\/uploads\/2025\/04\/7-4-200x300.jpg\" alt=\"\" width=\"200\" height=\"300\" srcset=\"https:\/\/hwtmart.ch\/wp-content\/uploads\/2025\/04\/7-4-200x300.jpg 200w, https:\/\/hwtmart.ch\/wp-content\/uploads\/2025\/04\/7-4-683x1024.jpg 683w, https:\/\/hwtmart.ch\/wp-content\/uploads\/2025\/04\/7-4-768x1152.jpg 768w, https:\/\/hwtmart.ch\/wp-content\/uploads\/2025\/04\/7-4-36x54.jpg 36w, https:\/\/hwtmart.ch\/wp-content\/uploads\/2025\/04\/7-4.jpg 800w\" sizes=\"(max-width: 200px) 100vw, 200px\" \/><\/p>\n","protected":false},"excerpt":{"rendered":"<p><strong>Tondeuse \u00e9lectrique intelligente \u2014 Taillage pr\u00e9cis, nouvelle exp\u00e9rience de coupe \u00e0 domicile de niveau professionnel<\/strong><\/p>\n","protected":false},"featured_media":7786,"comment_status":"open","ping_status":"closed","template":"","meta":[],"product_brand":[],"product_cat":[800,811],"product_tag":[],"class_list":{"0":"post-6729","1":"product","2":"type-product","3":"status-publish","4":"has-post-thumbnail","6":"product_cat-nettoyeur-de-vitres-lampe-anti-moustiques-tondeuse-a-cheveux-gobelet","7":"product_cat-tondeuse-a-cheveux","8":"product_shipping_class-livraison-dans-2-a-5-jours","10":"first","11":"instock","12":"taxable","13":"shipping-taxable","14":"purchasable","15":"product-type-simple"},"jetpack_sharing_enabled":true,"_links":{"self":[{"href":"https:\/\/hwtmart.ch\/index.php?rest_route=\/wp\/v2\/product\/6729","targetHints":{"allow":["GET"]}}],"collection":[{"href":"https:\/\/hwtmart.ch\/index.php?rest_route=\/wp\/v2\/product"}],"about":[{"href":"https:\/\/hwtmart.ch\/index.php?rest_route=\/wp\/v2\/types\/product"}],"replies":[{"embeddable":true,"href":"https:\/\/hwtmart.ch\/index.php?rest_route=%2Fwp%2Fv2%2Fcomments&post=6729"}],"version-history":[{"count":5,"href":"https:\/\/hwtmart.ch\/index.php?rest_route=\/wp\/v2\/product\/6729\/revisions"}],"predecessor-version":[{"id":12297,"href":"https:\/\/hwtmart.ch\/index.php?rest_route=\/wp\/v2\/product\/6729\/revisions\/12297"}],"wp:featuredmedia":[{"embeddable":true,"href":"https:\/\/hwtmart.ch\/index.php?rest_route=\/wp\/v2\/media\/7786"}],"wp:attachment":[{"href":"https:\/\/hwtmart.ch\/index.php?rest_route=%2Fwp%2Fv2%2Fmedia&parent=6729"}],"wp:term":[{"taxonomy":"product_brand","embeddable":true,"href":"https:\/\/hwtmart.ch\/index.php?rest_route=%2Fwp%2Fv2%2Fproduct_brand&post=6729"},{"taxonomy":"product_cat","embeddable":true,"href":"https:\/\/hwtmart.ch\/index.php?rest_route=%2Fwp%2Fv2%2Fproduct_cat&post=6729"},{"taxonomy":"product_tag","embeddable":true,"href":"https:\/\/hwtmart.ch\/index.php?rest_route=%2Fwp%2Fv2%2Fproduct_tag&post=6729"}],"curies":[{"name":"wp","href":"https:\/\/api.w.org\/{rel}","templated":true}]}}