{"id":6732,"date":"2025-04-09T09:20:58","date_gmt":"2025-04-09T09:20:58","guid":{"rendered":"https:\/\/hwtmart.ch\/?post_type=product&#038;p=6732"},"modified":"2026-04-08T04:48:11","modified_gmt":"2026-04-08T03:48:11","slug":"enceinte-bluetooth","status":"publish","type":"product","link":"https:\/\/hwtmart.ch\/?product=enceinte-bluetooth","title":{"rendered":"Haut-parleur Bluetooth (3401), haut-parleur HiFi portable sans fil, lecteur audio Bluetooth st\u00e9r\u00e9o pour maison ext\u00e9rieur"},"content":{"rendered":"<p><img fetchpriority=\"high\" decoding=\"async\" class=\"alignnone size-medium wp-image-12169\" src=\"https:\/\/hwtmart.ch\/wp-content\/uploads\/2025\/04\/1-6-200x300.jpg\" alt=\"\" width=\"200\" height=\"300\" srcset=\"https:\/\/hwtmart.ch\/wp-content\/uploads\/2025\/04\/1-6-200x300.jpg 200w, https:\/\/hwtmart.ch\/wp-content\/uploads\/2025\/04\/1-6-683x1024.jpg 683w, https:\/\/hwtmart.ch\/wp-content\/uploads\/2025\/04\/1-6-768x1152.jpg 768w, https:\/\/hwtmart.ch\/wp-content\/uploads\/2025\/04\/1-6-36x54.jpg 36w, https:\/\/hwtmart.ch\/wp-content\/uploads\/2025\/04\/1-6.jpg 800w\" sizes=\"(max-width: 200px) 100vw, 200px\" \/> <img decoding=\"async\" class=\"alignnone size-medium wp-image-12170\" src=\"https:\/\/hwtmart.ch\/wp-content\/uploads\/2025\/04\/2-5-200x300.jpg\" alt=\"\" width=\"200\" height=\"300\" srcset=\"https:\/\/hwtmart.ch\/wp-content\/uploads\/2025\/04\/2-5-200x300.jpg 200w, https:\/\/hwtmart.ch\/wp-content\/uploads\/2025\/04\/2-5-683x1024.jpg 683w, https:\/\/hwtmart.ch\/wp-content\/uploads\/2025\/04\/2-5-768x1152.jpg 768w, https:\/\/hwtmart.ch\/wp-content\/uploads\/2025\/04\/2-5-36x54.jpg 36w, https:\/\/hwtmart.ch\/wp-content\/uploads\/2025\/04\/2-5.jpg 800w\" sizes=\"(max-width: 200px) 100vw, 200px\" \/> <img decoding=\"async\" class=\"alignnone size-medium wp-image-12171\" src=\"https:\/\/hwtmart.ch\/wp-content\/uploads\/2025\/04\/3-4-200x300.jpg\" alt=\"\" width=\"200\" height=\"300\" srcset=\"https:\/\/hwtmart.ch\/wp-content\/uploads\/2025\/04\/3-4-200x300.jpg 200w, https:\/\/hwtmart.ch\/wp-content\/uploads\/2025\/04\/3-4-683x1024.jpg 683w, https:\/\/hwtmart.ch\/wp-content\/uploads\/2025\/04\/3-4-768x1152.jpg 768w, https:\/\/hwtmart.ch\/wp-content\/uploads\/2025\/04\/3-4-36x54.jpg 36w, https:\/\/hwtmart.ch\/wp-content\/uploads\/2025\/04\/3-4.jpg 800w\" sizes=\"(max-width: 200px) 100vw, 200px\" \/> <img loading=\"lazy\" decoding=\"async\" class=\"alignnone size-medium wp-image-12172\" src=\"https:\/\/hwtmart.ch\/wp-content\/uploads\/2025\/04\/4-4-200x300.jpg\" alt=\"\" width=\"200\" height=\"300\" srcset=\"https:\/\/hwtmart.ch\/wp-content\/uploads\/2025\/04\/4-4-200x300.jpg 200w, https:\/\/hwtmart.ch\/wp-content\/uploads\/2025\/04\/4-4-683x1024.jpg 683w, https:\/\/hwtmart.ch\/wp-content\/uploads\/2025\/04\/4-4-768x1152.jpg 768w, https:\/\/hwtmart.ch\/wp-content\/uploads\/2025\/04\/4-4-36x54.jpg 36w, https:\/\/hwtmart.ch\/wp-content\/uploads\/2025\/04\/4-4.jpg 800w\" sizes=\"(max-width: 200px) 100vw, 200px\" \/> <img loading=\"lazy\" decoding=\"async\" class=\"alignnone size-medium wp-image-12173\" src=\"https:\/\/hwtmart.ch\/wp-content\/uploads\/2025\/04\/5-5-200x300.jpg\" alt=\"\" width=\"200\" height=\"300\" srcset=\"https:\/\/hwtmart.ch\/wp-content\/uploads\/2025\/04\/5-5-200x300.jpg 200w, https:\/\/hwtmart.ch\/wp-content\/uploads\/2025\/04\/5-5-683x1024.jpg 683w, https:\/\/hwtmart.ch\/wp-content\/uploads\/2025\/04\/5-5-768x1152.jpg 768w, https:\/\/hwtmart.ch\/wp-content\/uploads\/2025\/04\/5-5-36x54.jpg 36w, https:\/\/hwtmart.ch\/wp-content\/uploads\/2025\/04\/5-5.jpg 800w\" sizes=\"(max-width: 200px) 100vw, 200px\" \/> <img loading=\"lazy\" decoding=\"async\" class=\"alignnone size-medium wp-image-12174\" src=\"https:\/\/hwtmart.ch\/wp-content\/uploads\/2025\/04\/6-2-200x300.jpg\" alt=\"\" width=\"200\" height=\"300\" srcset=\"https:\/\/hwtmart.ch\/wp-content\/uploads\/2025\/04\/6-2-200x300.jpg 200w, https:\/\/hwtmart.ch\/wp-content\/uploads\/2025\/04\/6-2-683x1024.jpg 683w, https:\/\/hwtmart.ch\/wp-content\/uploads\/2025\/04\/6-2-768x1152.jpg 768w, https:\/\/hwtmart.ch\/wp-content\/uploads\/2025\/04\/6-2-36x54.jpg 36w, https:\/\/hwtmart.ch\/wp-content\/uploads\/2025\/04\/6-2.jpg 800w\" sizes=\"(max-width: 200px) 100vw, 200px\" \/> <img loading=\"lazy\" decoding=\"async\" class=\"alignnone size-medium wp-image-12175\" src=\"https:\/\/hwtmart.ch\/wp-content\/uploads\/2025\/04\/7-2-200x300.jpg\" alt=\"\" width=\"200\" height=\"300\" srcset=\"https:\/\/hwtmart.ch\/wp-content\/uploads\/2025\/04\/7-2-200x300.jpg 200w, https:\/\/hwtmart.ch\/wp-content\/uploads\/2025\/04\/7-2-683x1024.jpg 683w, https:\/\/hwtmart.ch\/wp-content\/uploads\/2025\/04\/7-2-768x1152.jpg 768w, https:\/\/hwtmart.ch\/wp-content\/uploads\/2025\/04\/7-2-36x54.jpg 36w, https:\/\/hwtmart.ch\/wp-content\/uploads\/2025\/04\/7-2.jpg 800w\" sizes=\"(max-width: 200px) 100vw, 200px\" \/> <img loading=\"lazy\" decoding=\"async\" class=\"alignnone size-medium wp-image-12176\" src=\"https:\/\/hwtmart.ch\/wp-content\/uploads\/2025\/04\/8-2-200x300.jpg\" alt=\"\" width=\"200\" height=\"300\" srcset=\"https:\/\/hwtmart.ch\/wp-content\/uploads\/2025\/04\/8-2-200x300.jpg 200w, https:\/\/hwtmart.ch\/wp-content\/uploads\/2025\/04\/8-2-683x1024.jpg 683w, https:\/\/hwtmart.ch\/wp-content\/uploads\/2025\/04\/8-2-768x1152.jpg 768w, https:\/\/hwtmart.ch\/wp-content\/uploads\/2025\/04\/8-2-36x54.jpg 36w, https:\/\/hwtmart.ch\/wp-content\/uploads\/2025\/04\/8-2.jpg 800w\" sizes=\"(max-width: 200px) 100vw, 200px\" \/><\/p>\n","protected":false},"excerpt":{"rendered":"<p><strong>Enceinte de table de chevet <\/strong><\/p>\n<p><strong>Lumi\u00e8re arc-en-ciel\u00a0<\/strong><\/p>\n<p><strong> Charge sans fil\u00a0<\/strong><\/p>\n<p><strong> Fonction r\u00e9veil<\/strong><\/p>\n","protected":false},"featured_media":7913,"comment_status":"open","ping_status":"closed","template":"","meta":[],"product_brand":[],"product_cat":[797,815],"product_tag":[],"class_list":{"0":"post-6732","1":"product","2":"type-product","3":"status-publish","4":"has-post-thumbnail","6":"product_cat-enceinte-bluetooth","7":"product_cat-ecouteurs-bluetooth-enceinte-bluetooth-projecteur-camera-de-sport","8":"product_shipping_class-livraison-dans-2-a-5-jours","10":"first","11":"instock","12":"taxable","13":"shipping-taxable","14":"purchasable","15":"product-type-simple"},"jetpack_sharing_enabled":true,"_links":{"self":[{"href":"https:\/\/hwtmart.ch\/index.php?rest_route=\/wp\/v2\/product\/6732","targetHints":{"allow":["GET"]}}],"collection":[{"href":"https:\/\/hwtmart.ch\/index.php?rest_route=\/wp\/v2\/product"}],"about":[{"href":"https:\/\/hwtmart.ch\/index.php?rest_route=\/wp\/v2\/types\/product"}],"replies":[{"embeddable":true,"href":"https:\/\/hwtmart.ch\/index.php?rest_route=%2Fwp%2Fv2%2Fcomments&post=6732"}],"version-history":[{"count":7,"href":"https:\/\/hwtmart.ch\/index.php?rest_route=\/wp\/v2\/product\/6732\/revisions"}],"predecessor-version":[{"id":12177,"href":"https:\/\/hwtmart.ch\/index.php?rest_route=\/wp\/v2\/product\/6732\/revisions\/12177"}],"wp:featuredmedia":[{"embeddable":true,"href":"https:\/\/hwtmart.ch\/index.php?rest_route=\/wp\/v2\/media\/7913"}],"wp:attachment":[{"href":"https:\/\/hwtmart.ch\/index.php?rest_route=%2Fwp%2Fv2%2Fmedia&parent=6732"}],"wp:term":[{"taxonomy":"product_brand","embeddable":true,"href":"https:\/\/hwtmart.ch\/index.php?rest_route=%2Fwp%2Fv2%2Fproduct_brand&post=6732"},{"taxonomy":"product_cat","embeddable":true,"href":"https:\/\/hwtmart.ch\/index.php?rest_route=%2Fwp%2Fv2%2Fproduct_cat&post=6732"},{"taxonomy":"product_tag","embeddable":true,"href":"https:\/\/hwtmart.ch\/index.php?rest_route=%2Fwp%2Fv2%2Fproduct_tag&post=6732"}],"curies":[{"name":"wp","href":"https:\/\/api.w.org\/{rel}","templated":true}]}}