{"id":6740,"date":"2025-04-10T06:21:56","date_gmt":"2025-04-10T06:21:56","guid":{"rendered":"https:\/\/hwtmart.ch\/?post_type=product&#038;p=6740"},"modified":"2026-04-08T04:47:17","modified_gmt":"2026-04-08T03:47:17","slug":"tasse-a-manche-de-800-ml","status":"publish","type":"product","link":"https:\/\/hwtmart.ch\/?product=tasse-a-manche-de-800-ml","title":{"rendered":"Gobelet 800ML avec poign\u00e9e, mug r\u00e9utilisable portable alimentaire"},"content":{"rendered":"<p><img fetchpriority=\"high\" decoding=\"async\" class=\"alignnone size-medium wp-image-12309\" src=\"https:\/\/hwtmart.ch\/wp-content\/uploads\/2025\/04\/1-9-218x300.jpg\" alt=\"\" width=\"218\" height=\"300\" srcset=\"https:\/\/hwtmart.ch\/wp-content\/uploads\/2025\/04\/1-9-218x300.jpg 218w, https:\/\/hwtmart.ch\/wp-content\/uploads\/2025\/04\/1-9-745x1024.jpg 745w, https:\/\/hwtmart.ch\/wp-content\/uploads\/2025\/04\/1-9-768x1056.jpg 768w, https:\/\/hwtmart.ch\/wp-content\/uploads\/2025\/04\/1-9-39x54.jpg 39w, https:\/\/hwtmart.ch\/wp-content\/uploads\/2025\/04\/1-9.jpg 800w\" sizes=\"(max-width: 218px) 100vw, 218px\" \/> <img decoding=\"async\" class=\"alignnone size-medium wp-image-12310\" src=\"https:\/\/hwtmart.ch\/wp-content\/uploads\/2025\/04\/2-8-218x300.jpg\" alt=\"\" width=\"218\" height=\"300\" srcset=\"https:\/\/hwtmart.ch\/wp-content\/uploads\/2025\/04\/2-8-218x300.jpg 218w, https:\/\/hwtmart.ch\/wp-content\/uploads\/2025\/04\/2-8-745x1024.jpg 745w, https:\/\/hwtmart.ch\/wp-content\/uploads\/2025\/04\/2-8-768x1056.jpg 768w, https:\/\/hwtmart.ch\/wp-content\/uploads\/2025\/04\/2-8-39x54.jpg 39w, https:\/\/hwtmart.ch\/wp-content\/uploads\/2025\/04\/2-8.jpg 800w\" sizes=\"(max-width: 218px) 100vw, 218px\" \/> <img decoding=\"async\" class=\"alignnone size-medium wp-image-12311\" src=\"https:\/\/hwtmart.ch\/wp-content\/uploads\/2025\/04\/3-7-218x300.jpg\" alt=\"\" width=\"218\" height=\"300\" srcset=\"https:\/\/hwtmart.ch\/wp-content\/uploads\/2025\/04\/3-7-218x300.jpg 218w, https:\/\/hwtmart.ch\/wp-content\/uploads\/2025\/04\/3-7-745x1024.jpg 745w, https:\/\/hwtmart.ch\/wp-content\/uploads\/2025\/04\/3-7-768x1056.jpg 768w, https:\/\/hwtmart.ch\/wp-content\/uploads\/2025\/04\/3-7-39x54.jpg 39w, https:\/\/hwtmart.ch\/wp-content\/uploads\/2025\/04\/3-7.jpg 800w\" sizes=\"(max-width: 218px) 100vw, 218px\" \/> <img loading=\"lazy\" decoding=\"async\" class=\"alignnone size-medium wp-image-12312\" src=\"https:\/\/hwtmart.ch\/wp-content\/uploads\/2025\/04\/4-7-218x300.jpg\" alt=\"\" width=\"218\" height=\"300\" srcset=\"https:\/\/hwtmart.ch\/wp-content\/uploads\/2025\/04\/4-7-218x300.jpg 218w, https:\/\/hwtmart.ch\/wp-content\/uploads\/2025\/04\/4-7-745x1024.jpg 745w, https:\/\/hwtmart.ch\/wp-content\/uploads\/2025\/04\/4-7-768x1056.jpg 768w, https:\/\/hwtmart.ch\/wp-content\/uploads\/2025\/04\/4-7-39x54.jpg 39w, https:\/\/hwtmart.ch\/wp-content\/uploads\/2025\/04\/4-7.jpg 800w\" sizes=\"(max-width: 218px) 100vw, 218px\" \/> <img loading=\"lazy\" decoding=\"async\" class=\"alignnone size-medium wp-image-12313\" src=\"https:\/\/hwtmart.ch\/wp-content\/uploads\/2025\/04\/5-8-218x300.jpg\" alt=\"\" width=\"218\" height=\"300\" srcset=\"https:\/\/hwtmart.ch\/wp-content\/uploads\/2025\/04\/5-8-218x300.jpg 218w, https:\/\/hwtmart.ch\/wp-content\/uploads\/2025\/04\/5-8-745x1024.jpg 745w, https:\/\/hwtmart.ch\/wp-content\/uploads\/2025\/04\/5-8-768x1056.jpg 768w, https:\/\/hwtmart.ch\/wp-content\/uploads\/2025\/04\/5-8-39x54.jpg 39w, https:\/\/hwtmart.ch\/wp-content\/uploads\/2025\/04\/5-8.jpg 800w\" sizes=\"(max-width: 218px) 100vw, 218px\" \/> <img loading=\"lazy\" decoding=\"async\" class=\"alignnone size-medium wp-image-12314\" src=\"https:\/\/hwtmart.ch\/wp-content\/uploads\/2025\/04\/6-5-218x300.jpg\" alt=\"\" width=\"218\" height=\"300\" srcset=\"https:\/\/hwtmart.ch\/wp-content\/uploads\/2025\/04\/6-5-218x300.jpg 218w, https:\/\/hwtmart.ch\/wp-content\/uploads\/2025\/04\/6-5-745x1024.jpg 745w, https:\/\/hwtmart.ch\/wp-content\/uploads\/2025\/04\/6-5-768x1056.jpg 768w, https:\/\/hwtmart.ch\/wp-content\/uploads\/2025\/04\/6-5-39x54.jpg 39w, https:\/\/hwtmart.ch\/wp-content\/uploads\/2025\/04\/6-5.jpg 800w\" sizes=\"(max-width: 218px) 100vw, 218px\" \/> <img loading=\"lazy\" decoding=\"async\" class=\"alignnone size-medium wp-image-12315\" src=\"https:\/\/hwtmart.ch\/wp-content\/uploads\/2025\/04\/7-5-218x300.jpg\" alt=\"\" width=\"218\" height=\"300\" srcset=\"https:\/\/hwtmart.ch\/wp-content\/uploads\/2025\/04\/7-5-218x300.jpg 218w, https:\/\/hwtmart.ch\/wp-content\/uploads\/2025\/04\/7-5-745x1024.jpg 745w, https:\/\/hwtmart.ch\/wp-content\/uploads\/2025\/04\/7-5-768x1056.jpg 768w, https:\/\/hwtmart.ch\/wp-content\/uploads\/2025\/04\/7-5-39x54.jpg 39w, https:\/\/hwtmart.ch\/wp-content\/uploads\/2025\/04\/7-5.jpg 800w\" sizes=\"(max-width: 218px) 100vw, 218px\" \/> <img loading=\"lazy\" decoding=\"async\" class=\"alignnone size-medium wp-image-12308\" src=\"https:\/\/hwtmart.ch\/wp-content\/uploads\/2025\/04\/8-4-218x300.jpg\" alt=\"\" width=\"218\" height=\"300\" srcset=\"https:\/\/hwtmart.ch\/wp-content\/uploads\/2025\/04\/8-4-218x300.jpg 218w, https:\/\/hwtmart.ch\/wp-content\/uploads\/2025\/04\/8-4-745x1024.jpg 745w, https:\/\/hwtmart.ch\/wp-content\/uploads\/2025\/04\/8-4-768x1056.jpg 768w, https:\/\/hwtmart.ch\/wp-content\/uploads\/2025\/04\/8-4-39x54.jpg 39w, https:\/\/hwtmart.ch\/wp-content\/uploads\/2025\/04\/8-4.jpg 800w\" sizes=\"(max-width: 218px) 100vw, 218px\" \/><\/p>\n","protected":false},"excerpt":{"rendered":"<p><strong>Tasse \u00e0 eau moderne multifonctions \u2014 Une seule tasse pour r\u00e9pondre \u00e0 tous les besoins hydratation en journ\u00e9e<\/strong><\/p>\n","protected":false},"featured_media":7799,"comment_status":"open","ping_status":"closed","template":"","meta":[],"product_brand":[],"product_cat":[800,804,817],"product_tag":[],"class_list":{"0":"post-6740","1":"product","2":"type-product","3":"status-publish","4":"has-post-thumbnail","6":"product_cat-nettoyeur-de-vitres-lampe-anti-moustiques-tondeuse-a-cheveux-gobelet","7":"product_cat-gobelet","8":"product_cat-soldes","9":"product_shipping_class-livraison-dans-2-a-5-jours","11":"first","12":"instock","13":"taxable","14":"shipping-taxable","15":"purchasable","16":"product-type-simple"},"jetpack_sharing_enabled":true,"_links":{"self":[{"href":"https:\/\/hwtmart.ch\/index.php?rest_route=\/wp\/v2\/product\/6740","targetHints":{"allow":["GET"]}}],"collection":[{"href":"https:\/\/hwtmart.ch\/index.php?rest_route=\/wp\/v2\/product"}],"about":[{"href":"https:\/\/hwtmart.ch\/index.php?rest_route=\/wp\/v2\/types\/product"}],"replies":[{"embeddable":true,"href":"https:\/\/hwtmart.ch\/index.php?rest_route=%2Fwp%2Fv2%2Fcomments&post=6740"}],"version-history":[{"count":9,"href":"https:\/\/hwtmart.ch\/index.php?rest_route=\/wp\/v2\/product\/6740\/revisions"}],"predecessor-version":[{"id":12316,"href":"https:\/\/hwtmart.ch\/index.php?rest_route=\/wp\/v2\/product\/6740\/revisions\/12316"}],"wp:featuredmedia":[{"embeddable":true,"href":"https:\/\/hwtmart.ch\/index.php?rest_route=\/wp\/v2\/media\/7799"}],"wp:attachment":[{"href":"https:\/\/hwtmart.ch\/index.php?rest_route=%2Fwp%2Fv2%2Fmedia&parent=6740"}],"wp:term":[{"taxonomy":"product_brand","embeddable":true,"href":"https:\/\/hwtmart.ch\/index.php?rest_route=%2Fwp%2Fv2%2Fproduct_brand&post=6740"},{"taxonomy":"product_cat","embeddable":true,"href":"https:\/\/hwtmart.ch\/index.php?rest_route=%2Fwp%2Fv2%2Fproduct_cat&post=6740"},{"taxonomy":"product_tag","embeddable":true,"href":"https:\/\/hwtmart.ch\/index.php?rest_route=%2Fwp%2Fv2%2Fproduct_tag&post=6740"}],"curies":[{"name":"wp","href":"https:\/\/api.w.org\/{rel}","templated":true}]}}