{"id":6778,"date":"2025-04-19T06:20:19","date_gmt":"2025-04-19T06:20:19","guid":{"rendered":"https:\/\/hwtmart.ch\/?post_type=product&#038;p=6778"},"modified":"2026-04-08T04:43:36","modified_gmt":"2026-04-08T03:43:36","slug":"support-pour-telephone-portable-dans-la-voiture%ef%bc%88k11%ef%bc%89","status":"publish","type":"product","link":"https:\/\/hwtmart.ch\/?product=support-pour-telephone-portable-dans-la-voiture%ef%bc%88k11%ef%bc%89","title":{"rendered":"Support de t\u00e9l\u00e9phone portable (K11), support t\u00e9l\u00e9phone r\u00e9glable pliable, support tablette de bureau pour chevet bureau"},"content":{"rendered":"<p><img fetchpriority=\"high\" decoding=\"async\" class=\"alignnone size-medium wp-image-12447\" src=\"https:\/\/hwtmart.ch\/wp-content\/uploads\/2025\/04\/8-6-200x300.jpg\" alt=\"\" width=\"200\" height=\"300\" srcset=\"https:\/\/hwtmart.ch\/wp-content\/uploads\/2025\/04\/8-6-200x300.jpg 200w, https:\/\/hwtmart.ch\/wp-content\/uploads\/2025\/04\/8-6-683x1024.jpg 683w, https:\/\/hwtmart.ch\/wp-content\/uploads\/2025\/04\/8-6-768x1152.jpg 768w, https:\/\/hwtmart.ch\/wp-content\/uploads\/2025\/04\/8-6-36x54.jpg 36w, https:\/\/hwtmart.ch\/wp-content\/uploads\/2025\/04\/8-6.jpg 800w\" sizes=\"(max-width: 200px) 100vw, 200px\" \/> <img decoding=\"async\" class=\"alignnone size-medium wp-image-12448\" src=\"https:\/\/hwtmart.ch\/wp-content\/uploads\/2025\/04\/1-14-200x300.jpg\" alt=\"\" width=\"200\" height=\"300\" srcset=\"https:\/\/hwtmart.ch\/wp-content\/uploads\/2025\/04\/1-14-200x300.jpg 200w, https:\/\/hwtmart.ch\/wp-content\/uploads\/2025\/04\/1-14-683x1024.jpg 683w, https:\/\/hwtmart.ch\/wp-content\/uploads\/2025\/04\/1-14-768x1152.jpg 768w, https:\/\/hwtmart.ch\/wp-content\/uploads\/2025\/04\/1-14-36x54.jpg 36w, https:\/\/hwtmart.ch\/wp-content\/uploads\/2025\/04\/1-14.jpg 800w\" sizes=\"(max-width: 200px) 100vw, 200px\" \/> <img decoding=\"async\" class=\"alignnone size-medium wp-image-12449\" src=\"https:\/\/hwtmart.ch\/wp-content\/uploads\/2025\/04\/2-13-200x300.jpg\" alt=\"\" width=\"200\" height=\"300\" srcset=\"https:\/\/hwtmart.ch\/wp-content\/uploads\/2025\/04\/2-13-200x300.jpg 200w, https:\/\/hwtmart.ch\/wp-content\/uploads\/2025\/04\/2-13-683x1024.jpg 683w, https:\/\/hwtmart.ch\/wp-content\/uploads\/2025\/04\/2-13-768x1152.jpg 768w, https:\/\/hwtmart.ch\/wp-content\/uploads\/2025\/04\/2-13-36x54.jpg 36w, https:\/\/hwtmart.ch\/wp-content\/uploads\/2025\/04\/2-13.jpg 800w\" sizes=\"(max-width: 200px) 100vw, 200px\" \/> <img loading=\"lazy\" decoding=\"async\" class=\"alignnone size-medium wp-image-12450\" src=\"https:\/\/hwtmart.ch\/wp-content\/uploads\/2025\/04\/3-12-200x300.jpg\" alt=\"\" width=\"200\" height=\"300\" srcset=\"https:\/\/hwtmart.ch\/wp-content\/uploads\/2025\/04\/3-12-200x300.jpg 200w, https:\/\/hwtmart.ch\/wp-content\/uploads\/2025\/04\/3-12-683x1024.jpg 683w, https:\/\/hwtmart.ch\/wp-content\/uploads\/2025\/04\/3-12-768x1152.jpg 768w, https:\/\/hwtmart.ch\/wp-content\/uploads\/2025\/04\/3-12-36x54.jpg 36w, https:\/\/hwtmart.ch\/wp-content\/uploads\/2025\/04\/3-12.jpg 800w\" sizes=\"(max-width: 200px) 100vw, 200px\" \/> <img loading=\"lazy\" decoding=\"async\" class=\"alignnone size-medium wp-image-12451\" src=\"https:\/\/hwtmart.ch\/wp-content\/uploads\/2025\/04\/4-12-200x300.jpg\" alt=\"\" width=\"200\" height=\"300\" srcset=\"https:\/\/hwtmart.ch\/wp-content\/uploads\/2025\/04\/4-12-200x300.jpg 200w, https:\/\/hwtmart.ch\/wp-content\/uploads\/2025\/04\/4-12-683x1024.jpg 683w, https:\/\/hwtmart.ch\/wp-content\/uploads\/2025\/04\/4-12-768x1152.jpg 768w, https:\/\/hwtmart.ch\/wp-content\/uploads\/2025\/04\/4-12-36x54.jpg 36w, https:\/\/hwtmart.ch\/wp-content\/uploads\/2025\/04\/4-12.jpg 800w\" sizes=\"(max-width: 200px) 100vw, 200px\" \/> <img loading=\"lazy\" decoding=\"async\" class=\"alignnone size-medium wp-image-12452\" src=\"https:\/\/hwtmart.ch\/wp-content\/uploads\/2025\/04\/5-13-200x300.jpg\" alt=\"\" width=\"200\" height=\"300\" srcset=\"https:\/\/hwtmart.ch\/wp-content\/uploads\/2025\/04\/5-13-200x300.jpg 200w, https:\/\/hwtmart.ch\/wp-content\/uploads\/2025\/04\/5-13-683x1024.jpg 683w, https:\/\/hwtmart.ch\/wp-content\/uploads\/2025\/04\/5-13-768x1152.jpg 768w, https:\/\/hwtmart.ch\/wp-content\/uploads\/2025\/04\/5-13-36x54.jpg 36w, https:\/\/hwtmart.ch\/wp-content\/uploads\/2025\/04\/5-13.jpg 800w\" sizes=\"(max-width: 200px) 100vw, 200px\" \/> <img loading=\"lazy\" decoding=\"async\" class=\"alignnone size-medium wp-image-12453\" src=\"https:\/\/hwtmart.ch\/wp-content\/uploads\/2025\/04\/6-10-200x300.jpg\" alt=\"\" width=\"200\" height=\"300\" srcset=\"https:\/\/hwtmart.ch\/wp-content\/uploads\/2025\/04\/6-10-200x300.jpg 200w, https:\/\/hwtmart.ch\/wp-content\/uploads\/2025\/04\/6-10-683x1024.jpg 683w, https:\/\/hwtmart.ch\/wp-content\/uploads\/2025\/04\/6-10-768x1152.jpg 768w, https:\/\/hwtmart.ch\/wp-content\/uploads\/2025\/04\/6-10-36x54.jpg 36w, https:\/\/hwtmart.ch\/wp-content\/uploads\/2025\/04\/6-10.jpg 800w\" sizes=\"(max-width: 200px) 100vw, 200px\" \/> <img loading=\"lazy\" decoding=\"async\" class=\"alignnone size-medium wp-image-12454\" src=\"https:\/\/hwtmart.ch\/wp-content\/uploads\/2025\/04\/7-10-200x300.jpg\" alt=\"\" width=\"200\" height=\"300\" srcset=\"https:\/\/hwtmart.ch\/wp-content\/uploads\/2025\/04\/7-10-200x300.jpg 200w, https:\/\/hwtmart.ch\/wp-content\/uploads\/2025\/04\/7-10-683x1024.jpg 683w, https:\/\/hwtmart.ch\/wp-content\/uploads\/2025\/04\/7-10-768x1152.jpg 768w, https:\/\/hwtmart.ch\/wp-content\/uploads\/2025\/04\/7-10-36x54.jpg 36w, https:\/\/hwtmart.ch\/wp-content\/uploads\/2025\/04\/7-10.jpg 800w\" sizes=\"(max-width: 200px) 100vw, 200px\" \/><\/p>\n","protected":false},"excerpt":{"rendered":"<p><strong>Support t\u00e9l\u00e9phone pour voiture universel 360\u00b0 \u2014 Navigation s\u00e9curis\u00e9e, compagnie tout au long du trajet<\/strong><\/p>\n","protected":false},"featured_media":10818,"comment_status":"open","ping_status":"closed","template":"","meta":[],"product_brand":[],"product_cat":[793,799],"product_tag":[],"class_list":{"0":"post-6778","1":"product","2":"type-product","3":"status-publish","4":"has-post-thumbnail","6":"product_cat-etui-de-telephone-chargeur-mural-power-bank-support-de-telephone-voiture","7":"product_cat-support-de-telephone-voiture","8":"product_shipping_class-livraison-dans-2-a-5-jours","10":"first","11":"instock","12":"taxable","13":"shipping-taxable","14":"purchasable","15":"product-type-simple"},"jetpack_sharing_enabled":true,"_links":{"self":[{"href":"https:\/\/hwtmart.ch\/index.php?rest_route=\/wp\/v2\/product\/6778","targetHints":{"allow":["GET"]}}],"collection":[{"href":"https:\/\/hwtmart.ch\/index.php?rest_route=\/wp\/v2\/product"}],"about":[{"href":"https:\/\/hwtmart.ch\/index.php?rest_route=\/wp\/v2\/types\/product"}],"replies":[{"embeddable":true,"href":"https:\/\/hwtmart.ch\/index.php?rest_route=%2Fwp%2Fv2%2Fcomments&post=6778"}],"version-history":[{"count":6,"href":"https:\/\/hwtmart.ch\/index.php?rest_route=\/wp\/v2\/product\/6778\/revisions"}],"predecessor-version":[{"id":12455,"href":"https:\/\/hwtmart.ch\/index.php?rest_route=\/wp\/v2\/product\/6778\/revisions\/12455"}],"wp:featuredmedia":[{"embeddable":true,"href":"https:\/\/hwtmart.ch\/index.php?rest_route=\/wp\/v2\/media\/10818"}],"wp:attachment":[{"href":"https:\/\/hwtmart.ch\/index.php?rest_route=%2Fwp%2Fv2%2Fmedia&parent=6778"}],"wp:term":[{"taxonomy":"product_brand","embeddable":true,"href":"https:\/\/hwtmart.ch\/index.php?rest_route=%2Fwp%2Fv2%2Fproduct_brand&post=6778"},{"taxonomy":"product_cat","embeddable":true,"href":"https:\/\/hwtmart.ch\/index.php?rest_route=%2Fwp%2Fv2%2Fproduct_cat&post=6778"},{"taxonomy":"product_tag","embeddable":true,"href":"https:\/\/hwtmart.ch\/index.php?rest_route=%2Fwp%2Fv2%2Fproduct_tag&post=6778"}],"curies":[{"name":"wp","href":"https:\/\/api.w.org\/{rel}","templated":true}]}}