{"id":6784,"date":"2025-04-19T06:57:25","date_gmt":"2025-04-19T06:57:25","guid":{"rendered":"https:\/\/hwtmart.ch\/?post_type=product&#038;p=6784"},"modified":"2026-04-08T04:40:13","modified_gmt":"2026-04-08T03:40:13","slug":"support-pour-telephone-portable-dans-la-voitured1x","status":"publish","type":"product","link":"https:\/\/hwtmart.ch\/?product=support-pour-telephone-portable-dans-la-voitured1x","title":{"rendered":"Support de t\u00e9l\u00e9phone portable (D1X), support t\u00e9l\u00e9phone r\u00e9glable pliable, support tablette de bureau pour chevet bureau"},"content":{"rendered":"<p><img fetchpriority=\"high\" decoding=\"async\" class=\"alignnone size-medium wp-image-12439\" src=\"https:\/\/hwtmart.ch\/wp-content\/uploads\/2025\/04\/1-13-200x300.jpg\" alt=\"\" width=\"200\" height=\"300\" srcset=\"https:\/\/hwtmart.ch\/wp-content\/uploads\/2025\/04\/1-13-200x300.jpg 200w, https:\/\/hwtmart.ch\/wp-content\/uploads\/2025\/04\/1-13-683x1024.jpg 683w, https:\/\/hwtmart.ch\/wp-content\/uploads\/2025\/04\/1-13-768x1152.jpg 768w, https:\/\/hwtmart.ch\/wp-content\/uploads\/2025\/04\/1-13-36x54.jpg 36w, https:\/\/hwtmart.ch\/wp-content\/uploads\/2025\/04\/1-13.jpg 800w\" sizes=\"(max-width: 200px) 100vw, 200px\" \/> <img decoding=\"async\" class=\"alignnone size-medium wp-image-12440\" src=\"https:\/\/hwtmart.ch\/wp-content\/uploads\/2025\/04\/2-12-200x300.jpg\" alt=\"\" width=\"200\" height=\"300\" srcset=\"https:\/\/hwtmart.ch\/wp-content\/uploads\/2025\/04\/2-12-200x300.jpg 200w, https:\/\/hwtmart.ch\/wp-content\/uploads\/2025\/04\/2-12-683x1024.jpg 683w, https:\/\/hwtmart.ch\/wp-content\/uploads\/2025\/04\/2-12-768x1152.jpg 768w, https:\/\/hwtmart.ch\/wp-content\/uploads\/2025\/04\/2-12-36x54.jpg 36w, https:\/\/hwtmart.ch\/wp-content\/uploads\/2025\/04\/2-12.jpg 800w\" sizes=\"(max-width: 200px) 100vw, 200px\" \/> <img decoding=\"async\" class=\"alignnone size-medium wp-image-12441\" src=\"https:\/\/hwtmart.ch\/wp-content\/uploads\/2025\/04\/3-11-200x300.jpg\" alt=\"\" width=\"200\" height=\"300\" srcset=\"https:\/\/hwtmart.ch\/wp-content\/uploads\/2025\/04\/3-11-200x300.jpg 200w, https:\/\/hwtmart.ch\/wp-content\/uploads\/2025\/04\/3-11-683x1024.jpg 683w, https:\/\/hwtmart.ch\/wp-content\/uploads\/2025\/04\/3-11-768x1152.jpg 768w, https:\/\/hwtmart.ch\/wp-content\/uploads\/2025\/04\/3-11-36x54.jpg 36w, https:\/\/hwtmart.ch\/wp-content\/uploads\/2025\/04\/3-11.jpg 800w\" sizes=\"(max-width: 200px) 100vw, 200px\" \/> <img loading=\"lazy\" decoding=\"async\" class=\"alignnone size-medium wp-image-12442\" src=\"https:\/\/hwtmart.ch\/wp-content\/uploads\/2025\/04\/4-11-200x300.jpg\" alt=\"\" width=\"200\" height=\"300\" srcset=\"https:\/\/hwtmart.ch\/wp-content\/uploads\/2025\/04\/4-11-200x300.jpg 200w, https:\/\/hwtmart.ch\/wp-content\/uploads\/2025\/04\/4-11-683x1024.jpg 683w, https:\/\/hwtmart.ch\/wp-content\/uploads\/2025\/04\/4-11-768x1152.jpg 768w, https:\/\/hwtmart.ch\/wp-content\/uploads\/2025\/04\/4-11-36x54.jpg 36w, https:\/\/hwtmart.ch\/wp-content\/uploads\/2025\/04\/4-11.jpg 800w\" sizes=\"(max-width: 200px) 100vw, 200px\" \/> <img loading=\"lazy\" decoding=\"async\" class=\"alignnone size-medium wp-image-12443\" src=\"https:\/\/hwtmart.ch\/wp-content\/uploads\/2025\/04\/5-12-200x300.jpg\" alt=\"\" width=\"200\" height=\"300\" srcset=\"https:\/\/hwtmart.ch\/wp-content\/uploads\/2025\/04\/5-12-200x300.jpg 200w, https:\/\/hwtmart.ch\/wp-content\/uploads\/2025\/04\/5-12-683x1024.jpg 683w, https:\/\/hwtmart.ch\/wp-content\/uploads\/2025\/04\/5-12-768x1152.jpg 768w, https:\/\/hwtmart.ch\/wp-content\/uploads\/2025\/04\/5-12-36x54.jpg 36w, https:\/\/hwtmart.ch\/wp-content\/uploads\/2025\/04\/5-12.jpg 800w\" sizes=\"(max-width: 200px) 100vw, 200px\" \/> <img loading=\"lazy\" decoding=\"async\" class=\"alignnone size-medium wp-image-12444\" src=\"https:\/\/hwtmart.ch\/wp-content\/uploads\/2025\/04\/6-9-200x300.jpg\" alt=\"\" width=\"200\" height=\"300\" srcset=\"https:\/\/hwtmart.ch\/wp-content\/uploads\/2025\/04\/6-9-200x300.jpg 200w, https:\/\/hwtmart.ch\/wp-content\/uploads\/2025\/04\/6-9-683x1024.jpg 683w, https:\/\/hwtmart.ch\/wp-content\/uploads\/2025\/04\/6-9-768x1152.jpg 768w, https:\/\/hwtmart.ch\/wp-content\/uploads\/2025\/04\/6-9-36x54.jpg 36w, https:\/\/hwtmart.ch\/wp-content\/uploads\/2025\/04\/6-9.jpg 800w\" sizes=\"(max-width: 200px) 100vw, 200px\" \/> <img loading=\"lazy\" decoding=\"async\" class=\"alignnone size-medium wp-image-12445\" src=\"https:\/\/hwtmart.ch\/wp-content\/uploads\/2025\/04\/7-9-200x300.jpg\" alt=\"\" width=\"200\" height=\"300\" srcset=\"https:\/\/hwtmart.ch\/wp-content\/uploads\/2025\/04\/7-9-200x300.jpg 200w, https:\/\/hwtmart.ch\/wp-content\/uploads\/2025\/04\/7-9-683x1024.jpg 683w, https:\/\/hwtmart.ch\/wp-content\/uploads\/2025\/04\/7-9-768x1152.jpg 768w, https:\/\/hwtmart.ch\/wp-content\/uploads\/2025\/04\/7-9-36x54.jpg 36w, https:\/\/hwtmart.ch\/wp-content\/uploads\/2025\/04\/7-9.jpg 800w\" sizes=\"(max-width: 200px) 100vw, 200px\" \/> <img loading=\"lazy\" decoding=\"async\" class=\"alignnone size-medium wp-image-12438\" src=\"https:\/\/hwtmart.ch\/wp-content\/uploads\/2025\/04\/8-5-200x300.jpg\" alt=\"\" width=\"200\" height=\"300\" srcset=\"https:\/\/hwtmart.ch\/wp-content\/uploads\/2025\/04\/8-5-200x300.jpg 200w, https:\/\/hwtmart.ch\/wp-content\/uploads\/2025\/04\/8-5-683x1024.jpg 683w, https:\/\/hwtmart.ch\/wp-content\/uploads\/2025\/04\/8-5-768x1152.jpg 768w, https:\/\/hwtmart.ch\/wp-content\/uploads\/2025\/04\/8-5-36x54.jpg 36w, https:\/\/hwtmart.ch\/wp-content\/uploads\/2025\/04\/8-5.jpg 800w\" sizes=\"(max-width: 200px) 100vw, 200px\" \/><\/p>\n","protected":false},"excerpt":{"rendered":"<p><strong>Support t\u00e9l\u00e9phone pour voiture \u00e0 fixation stable \u2014 Partenaire intelligent pour une conduite sereine<\/strong><\/p>\n","protected":false},"featured_media":7914,"comment_status":"open","ping_status":"closed","template":"","meta":[],"product_brand":[],"product_cat":[793,799],"product_tag":[],"class_list":{"0":"post-6784","1":"product","2":"type-product","3":"status-publish","4":"has-post-thumbnail","6":"product_cat-etui-de-telephone-chargeur-mural-power-bank-support-de-telephone-voiture","7":"product_cat-support-de-telephone-voiture","8":"product_shipping_class-livraison-dans-2-a-5-jours","10":"first","11":"instock","12":"taxable","13":"shipping-taxable","14":"purchasable","15":"product-type-simple"},"jetpack_sharing_enabled":true,"_links":{"self":[{"href":"https:\/\/hwtmart.ch\/index.php?rest_route=\/wp\/v2\/product\/6784","targetHints":{"allow":["GET"]}}],"collection":[{"href":"https:\/\/hwtmart.ch\/index.php?rest_route=\/wp\/v2\/product"}],"about":[{"href":"https:\/\/hwtmart.ch\/index.php?rest_route=\/wp\/v2\/types\/product"}],"replies":[{"embeddable":true,"href":"https:\/\/hwtmart.ch\/index.php?rest_route=%2Fwp%2Fv2%2Fcomments&post=6784"}],"version-history":[{"count":6,"href":"https:\/\/hwtmart.ch\/index.php?rest_route=\/wp\/v2\/product\/6784\/revisions"}],"predecessor-version":[{"id":12446,"href":"https:\/\/hwtmart.ch\/index.php?rest_route=\/wp\/v2\/product\/6784\/revisions\/12446"}],"wp:featuredmedia":[{"embeddable":true,"href":"https:\/\/hwtmart.ch\/index.php?rest_route=\/wp\/v2\/media\/7914"}],"wp:attachment":[{"href":"https:\/\/hwtmart.ch\/index.php?rest_route=%2Fwp%2Fv2%2Fmedia&parent=6784"}],"wp:term":[{"taxonomy":"product_brand","embeddable":true,"href":"https:\/\/hwtmart.ch\/index.php?rest_route=%2Fwp%2Fv2%2Fproduct_brand&post=6784"},{"taxonomy":"product_cat","embeddable":true,"href":"https:\/\/hwtmart.ch\/index.php?rest_route=%2Fwp%2Fv2%2Fproduct_cat&post=6784"},{"taxonomy":"product_tag","embeddable":true,"href":"https:\/\/hwtmart.ch\/index.php?rest_route=%2Fwp%2Fv2%2Fproduct_tag&post=6784"}],"curies":[{"name":"wp","href":"https:\/\/api.w.org\/{rel}","templated":true}]}}