{"id":6818,"date":"2025-04-21T07:36:17","date_gmt":"2025-04-21T07:36:17","guid":{"rendered":"https:\/\/hwtmart.ch\/?post_type=product&#038;p=6818"},"modified":"2026-04-08T04:37:16","modified_gmt":"2026-04-08T03:37:16","slug":"appareil-a-bruler-les-graisses-par-vibration","status":"publish","type":"product","link":"https:\/\/hwtmart.ch\/?product=appareil-a-bruler-les-graisses-par-vibration","title":{"rendered":"Machine amincissante par vibration, masseur minceur corporelle, agitateur \u00e9lectrique minceur pour maison gym"},"content":{"rendered":"<p><img decoding=\"async\" class=\"alignnone size-medium wp-image-12127\" src=\"https:\/\/hwtmart.ch\/wp-content\/uploads\/2025\/04\/1-5-300x123.jpg\" alt=\"\" width=\"300\" height=\"123\" srcset=\"https:\/\/hwtmart.ch\/wp-content\/uploads\/2025\/04\/1-5-300x123.jpg 300w, https:\/\/hwtmart.ch\/wp-content\/uploads\/2025\/04\/1-5-1024x420.jpg 1024w, https:\/\/hwtmart.ch\/wp-content\/uploads\/2025\/04\/1-5-768x315.jpg 768w, https:\/\/hwtmart.ch\/wp-content\/uploads\/2025\/04\/1-5-90x37.jpg 90w, https:\/\/hwtmart.ch\/wp-content\/uploads\/2025\/04\/1-5.jpg 1464w\" sizes=\"(max-width: 300px) 100vw, 300px\" \/> <img decoding=\"async\" class=\"alignnone size-medium wp-image-12128\" src=\"https:\/\/hwtmart.ch\/wp-content\/uploads\/2025\/04\/2-4-300x123.jpg\" alt=\"\" width=\"300\" height=\"123\" srcset=\"https:\/\/hwtmart.ch\/wp-content\/uploads\/2025\/04\/2-4-300x123.jpg 300w, https:\/\/hwtmart.ch\/wp-content\/uploads\/2025\/04\/2-4-1024x420.jpg 1024w, https:\/\/hwtmart.ch\/wp-content\/uploads\/2025\/04\/2-4-768x315.jpg 768w, https:\/\/hwtmart.ch\/wp-content\/uploads\/2025\/04\/2-4-90x37.jpg 90w, https:\/\/hwtmart.ch\/wp-content\/uploads\/2025\/04\/2-4.jpg 1464w\" sizes=\"(max-width: 300px) 100vw, 300px\" \/> <img decoding=\"async\" class=\"alignnone size-medium wp-image-12129\" src=\"https:\/\/hwtmart.ch\/wp-content\/uploads\/2025\/04\/3-3-300x123.jpg\" alt=\"\" width=\"300\" height=\"123\" srcset=\"https:\/\/hwtmart.ch\/wp-content\/uploads\/2025\/04\/3-3-300x123.jpg 300w, https:\/\/hwtmart.ch\/wp-content\/uploads\/2025\/04\/3-3-1024x420.jpg 1024w, https:\/\/hwtmart.ch\/wp-content\/uploads\/2025\/04\/3-3-768x315.jpg 768w, https:\/\/hwtmart.ch\/wp-content\/uploads\/2025\/04\/3-3-90x37.jpg 90w, https:\/\/hwtmart.ch\/wp-content\/uploads\/2025\/04\/3-3.jpg 1464w\" sizes=\"(max-width: 300px) 100vw, 300px\" \/> <img loading=\"lazy\" decoding=\"async\" class=\"alignnone size-medium wp-image-12130\" src=\"https:\/\/hwtmart.ch\/wp-content\/uploads\/2025\/04\/4-3-300x123.jpg\" alt=\"\" width=\"300\" height=\"123\" srcset=\"https:\/\/hwtmart.ch\/wp-content\/uploads\/2025\/04\/4-3-300x123.jpg 300w, https:\/\/hwtmart.ch\/wp-content\/uploads\/2025\/04\/4-3-1024x420.jpg 1024w, https:\/\/hwtmart.ch\/wp-content\/uploads\/2025\/04\/4-3-768x315.jpg 768w, https:\/\/hwtmart.ch\/wp-content\/uploads\/2025\/04\/4-3-90x37.jpg 90w, https:\/\/hwtmart.ch\/wp-content\/uploads\/2025\/04\/4-3.jpg 1464w\" sizes=\"(max-width: 300px) 100vw, 300px\" \/> <img loading=\"lazy\" decoding=\"async\" class=\"alignnone size-medium wp-image-12126\" src=\"https:\/\/hwtmart.ch\/wp-content\/uploads\/2025\/04\/5-4-300x123.jpg\" alt=\"\" width=\"300\" height=\"123\" srcset=\"https:\/\/hwtmart.ch\/wp-content\/uploads\/2025\/04\/5-4-300x123.jpg 300w, https:\/\/hwtmart.ch\/wp-content\/uploads\/2025\/04\/5-4-1024x420.jpg 1024w, https:\/\/hwtmart.ch\/wp-content\/uploads\/2025\/04\/5-4-768x315.jpg 768w, https:\/\/hwtmart.ch\/wp-content\/uploads\/2025\/04\/5-4-90x37.jpg 90w, https:\/\/hwtmart.ch\/wp-content\/uploads\/2025\/04\/5-4.jpg 1464w\" sizes=\"(max-width: 300px) 100vw, 300px\" \/><\/p>\n","protected":false},"excerpt":{"rendered":"<p><strong>Appareil minceur intelligent \u2014 Br\u00fblage des graisses par vibration scientifique, sculptage du corps en toute facilit\u00e9 allong\u00e9<\/strong><\/p>\n","protected":false},"featured_media":8214,"comment_status":"open","ping_status":"closed","template":"","meta":[],"product_brand":[],"product_cat":[802,809],"product_tag":[],"class_list":{"0":"post-6818","1":"product","2":"type-product","3":"status-publish","4":"has-post-thumbnail","6":"product_cat-oreiller-de-massage-pistolet-de-massage-fascia-appareil-minceur-vibratoire-appareil-de-massage-cou-epaule","7":"product_cat-appareil-minceur-vibratoire","8":"product_shipping_class-livraison-dans-2-a-5-jours","10":"first","11":"instock","12":"taxable","13":"shipping-taxable","14":"purchasable","15":"product-type-simple"},"jetpack_sharing_enabled":true,"_links":{"self":[{"href":"https:\/\/hwtmart.ch\/index.php?rest_route=\/wp\/v2\/product\/6818","targetHints":{"allow":["GET"]}}],"collection":[{"href":"https:\/\/hwtmart.ch\/index.php?rest_route=\/wp\/v2\/product"}],"about":[{"href":"https:\/\/hwtmart.ch\/index.php?rest_route=\/wp\/v2\/types\/product"}],"replies":[{"embeddable":true,"href":"https:\/\/hwtmart.ch\/index.php?rest_route=%2Fwp%2Fv2%2Fcomments&post=6818"}],"version-history":[{"count":8,"href":"https:\/\/hwtmart.ch\/index.php?rest_route=\/wp\/v2\/product\/6818\/revisions"}],"predecessor-version":[{"id":8218,"href":"https:\/\/hwtmart.ch\/index.php?rest_route=\/wp\/v2\/product\/6818\/revisions\/8218"}],"wp:featuredmedia":[{"embeddable":true,"href":"https:\/\/hwtmart.ch\/index.php?rest_route=\/wp\/v2\/media\/8214"}],"wp:attachment":[{"href":"https:\/\/hwtmart.ch\/index.php?rest_route=%2Fwp%2Fv2%2Fmedia&parent=6818"}],"wp:term":[{"taxonomy":"product_brand","embeddable":true,"href":"https:\/\/hwtmart.ch\/index.php?rest_route=%2Fwp%2Fv2%2Fproduct_brand&post=6818"},{"taxonomy":"product_cat","embeddable":true,"href":"https:\/\/hwtmart.ch\/index.php?rest_route=%2Fwp%2Fv2%2Fproduct_cat&post=6818"},{"taxonomy":"product_tag","embeddable":true,"href":"https:\/\/hwtmart.ch\/index.php?rest_route=%2Fwp%2Fv2%2Fproduct_tag&post=6818"}],"curies":[{"name":"wp","href":"https:\/\/api.w.org\/{rel}","templated":true}]}}