{"id":6821,"date":"2025-04-21T08:40:56","date_gmt":"2025-04-21T08:40:56","guid":{"rendered":"https:\/\/hwtmart.ch\/?post_type=product&#038;p=6821"},"modified":"2026-04-08T04:37:02","modified_gmt":"2026-04-08T03:37:02","slug":"pistolet-de-fascia-a-tete-coudee","status":"publish","type":"product","link":"https:\/\/hwtmart.ch\/?product=pistolet-de-fascia-a-tete-coudee","title":{"rendered":"Pistolet de fascia coud\u00e9 sans balai, masseur musculaire en profondeur, pistolet de massage par percussion \u00e9lectrique soulagement douleur"},"content":{"rendered":"<p><img fetchpriority=\"high\" decoding=\"async\" class=\"alignnone size-medium wp-image-12118\" src=\"https:\/\/hwtmart.ch\/wp-content\/uploads\/2025\/04\/1-4-225x300.jpg\" alt=\"\" width=\"225\" height=\"300\" srcset=\"https:\/\/hwtmart.ch\/wp-content\/uploads\/2025\/04\/1-4-225x300.jpg 225w, https:\/\/hwtmart.ch\/wp-content\/uploads\/2025\/04\/1-4-768x1024.jpg 768w, https:\/\/hwtmart.ch\/wp-content\/uploads\/2025\/04\/1-4-41x54.jpg 41w, https:\/\/hwtmart.ch\/wp-content\/uploads\/2025\/04\/1-4.jpg 900w\" sizes=\"(max-width: 225px) 100vw, 225px\" \/> <img decoding=\"async\" class=\"alignnone size-medium wp-image-12119\" src=\"https:\/\/hwtmart.ch\/wp-content\/uploads\/2025\/04\/2-3-225x300.jpg\" alt=\"\" width=\"225\" height=\"300\" srcset=\"https:\/\/hwtmart.ch\/wp-content\/uploads\/2025\/04\/2-3-225x300.jpg 225w, https:\/\/hwtmart.ch\/wp-content\/uploads\/2025\/04\/2-3-768x1024.jpg 768w, https:\/\/hwtmart.ch\/wp-content\/uploads\/2025\/04\/2-3-41x54.jpg 41w, https:\/\/hwtmart.ch\/wp-content\/uploads\/2025\/04\/2-3.jpg 900w\" sizes=\"(max-width: 225px) 100vw, 225px\" \/> <img decoding=\"async\" class=\"alignnone size-medium wp-image-12120\" src=\"https:\/\/hwtmart.ch\/wp-content\/uploads\/2025\/04\/3-2-225x300.jpg\" alt=\"\" width=\"225\" height=\"300\" srcset=\"https:\/\/hwtmart.ch\/wp-content\/uploads\/2025\/04\/3-2-225x300.jpg 225w, https:\/\/hwtmart.ch\/wp-content\/uploads\/2025\/04\/3-2-768x1024.jpg 768w, https:\/\/hwtmart.ch\/wp-content\/uploads\/2025\/04\/3-2-41x54.jpg 41w, https:\/\/hwtmart.ch\/wp-content\/uploads\/2025\/04\/3-2.jpg 900w\" sizes=\"(max-width: 225px) 100vw, 225px\" \/> <img loading=\"lazy\" decoding=\"async\" class=\"alignnone size-medium wp-image-12121\" src=\"https:\/\/hwtmart.ch\/wp-content\/uploads\/2025\/04\/4-2-225x300.jpg\" alt=\"\" width=\"225\" height=\"300\" srcset=\"https:\/\/hwtmart.ch\/wp-content\/uploads\/2025\/04\/4-2-225x300.jpg 225w, https:\/\/hwtmart.ch\/wp-content\/uploads\/2025\/04\/4-2-768x1024.jpg 768w, https:\/\/hwtmart.ch\/wp-content\/uploads\/2025\/04\/4-2-41x54.jpg 41w, https:\/\/hwtmart.ch\/wp-content\/uploads\/2025\/04\/4-2.jpg 900w\" sizes=\"(max-width: 225px) 100vw, 225px\" \/> <img loading=\"lazy\" decoding=\"async\" class=\"alignnone size-medium wp-image-12122\" src=\"https:\/\/hwtmart.ch\/wp-content\/uploads\/2025\/04\/5-3-225x300.jpg\" alt=\"\" width=\"225\" height=\"300\" srcset=\"https:\/\/hwtmart.ch\/wp-content\/uploads\/2025\/04\/5-3-225x300.jpg 225w, https:\/\/hwtmart.ch\/wp-content\/uploads\/2025\/04\/5-3-768x1024.jpg 768w, https:\/\/hwtmart.ch\/wp-content\/uploads\/2025\/04\/5-3-41x54.jpg 41w, https:\/\/hwtmart.ch\/wp-content\/uploads\/2025\/04\/5-3.jpg 900w\" sizes=\"(max-width: 225px) 100vw, 225px\" \/> <img loading=\"lazy\" decoding=\"async\" class=\"alignnone size-medium wp-image-12123\" src=\"https:\/\/hwtmart.ch\/wp-content\/uploads\/2025\/04\/6-1-225x300.jpg\" alt=\"\" width=\"225\" height=\"300\" srcset=\"https:\/\/hwtmart.ch\/wp-content\/uploads\/2025\/04\/6-1-225x300.jpg 225w, https:\/\/hwtmart.ch\/wp-content\/uploads\/2025\/04\/6-1-768x1024.jpg 768w, https:\/\/hwtmart.ch\/wp-content\/uploads\/2025\/04\/6-1-41x54.jpg 41w, https:\/\/hwtmart.ch\/wp-content\/uploads\/2025\/04\/6-1.jpg 900w\" sizes=\"(max-width: 225px) 100vw, 225px\" \/> <img loading=\"lazy\" decoding=\"async\" class=\"alignnone size-medium wp-image-12124\" src=\"https:\/\/hwtmart.ch\/wp-content\/uploads\/2025\/04\/7-1-225x300.jpg\" alt=\"\" width=\"225\" height=\"300\" srcset=\"https:\/\/hwtmart.ch\/wp-content\/uploads\/2025\/04\/7-1-225x300.jpg 225w, https:\/\/hwtmart.ch\/wp-content\/uploads\/2025\/04\/7-1-768x1024.jpg 768w, https:\/\/hwtmart.ch\/wp-content\/uploads\/2025\/04\/7-1-41x54.jpg 41w, https:\/\/hwtmart.ch\/wp-content\/uploads\/2025\/04\/7-1.jpg 900w\" sizes=\"(max-width: 225px) 100vw, 225px\" \/> <img loading=\"lazy\" decoding=\"async\" class=\"alignnone size-medium wp-image-12117\" src=\"https:\/\/hwtmart.ch\/wp-content\/uploads\/2025\/04\/8-1-225x300.jpg\" alt=\"\" width=\"225\" height=\"300\" srcset=\"https:\/\/hwtmart.ch\/wp-content\/uploads\/2025\/04\/8-1-225x300.jpg 225w, https:\/\/hwtmart.ch\/wp-content\/uploads\/2025\/04\/8-1-768x1024.jpg 768w, https:\/\/hwtmart.ch\/wp-content\/uploads\/2025\/04\/8-1-41x54.jpg 41w, https:\/\/hwtmart.ch\/wp-content\/uploads\/2025\/04\/8-1.jpg 900w\" sizes=\"(max-width: 225px) 100vw, 225px\" \/><\/p>\n","protected":false},"excerpt":{"rendered":"<p><strong>Massageur \u00e0 fascia \u00e0 t\u00eate articul\u00e9e \u2014 Conception \u00e0 t\u00eate incurv\u00e9e pour une relaxation cibl\u00e9e, relaxation musculaire profonde et nouvelle exp\u00e9rience de massage pr\u00e9cis<\/strong><\/p>\n","protected":false},"featured_media":7791,"comment_status":"open","ping_status":"closed","template":"","meta":[],"product_brand":[],"product_cat":[802,808],"product_tag":[],"class_list":{"0":"post-6821","1":"product","2":"type-product","3":"status-publish","4":"has-post-thumbnail","6":"product_cat-oreiller-de-massage-pistolet-de-massage-fascia-appareil-minceur-vibratoire-appareil-de-massage-cou-epaule","7":"product_cat-pistolet-de-massage-fascia","8":"product_shipping_class-livraison-dans-2-a-5-jours","10":"first","11":"instock","12":"taxable","13":"shipping-taxable","14":"purchasable","15":"product-type-simple"},"jetpack_sharing_enabled":true,"_links":{"self":[{"href":"https:\/\/hwtmart.ch\/index.php?rest_route=\/wp\/v2\/product\/6821","targetHints":{"allow":["GET"]}}],"collection":[{"href":"https:\/\/hwtmart.ch\/index.php?rest_route=\/wp\/v2\/product"}],"about":[{"href":"https:\/\/hwtmart.ch\/index.php?rest_route=\/wp\/v2\/types\/product"}],"replies":[{"embeddable":true,"href":"https:\/\/hwtmart.ch\/index.php?rest_route=%2Fwp%2Fv2%2Fcomments&post=6821"}],"version-history":[{"count":8,"href":"https:\/\/hwtmart.ch\/index.php?rest_route=\/wp\/v2\/product\/6821\/revisions"}],"predecessor-version":[{"id":11137,"href":"https:\/\/hwtmart.ch\/index.php?rest_route=\/wp\/v2\/product\/6821\/revisions\/11137"}],"wp:featuredmedia":[{"embeddable":true,"href":"https:\/\/hwtmart.ch\/index.php?rest_route=\/wp\/v2\/media\/7791"}],"wp:attachment":[{"href":"https:\/\/hwtmart.ch\/index.php?rest_route=%2Fwp%2Fv2%2Fmedia&parent=6821"}],"wp:term":[{"taxonomy":"product_brand","embeddable":true,"href":"https:\/\/hwtmart.ch\/index.php?rest_route=%2Fwp%2Fv2%2Fproduct_brand&post=6821"},{"taxonomy":"product_cat","embeddable":true,"href":"https:\/\/hwtmart.ch\/index.php?rest_route=%2Fwp%2Fv2%2Fproduct_cat&post=6821"},{"taxonomy":"product_tag","embeddable":true,"href":"https:\/\/hwtmart.ch\/index.php?rest_route=%2Fwp%2Fv2%2Fproduct_tag&post=6821"}],"curies":[{"name":"wp","href":"https:\/\/api.w.org\/{rel}","templated":true}]}}