{"id":6829,"date":"2025-04-21T08:55:45","date_gmt":"2025-04-21T08:55:45","guid":{"rendered":"https:\/\/hwtmart.ch\/?post_type=product&#038;p=6829"},"modified":"2026-04-08T04:36:42","modified_gmt":"2026-04-08T03:36:42","slug":"masseur-pour-les-epaules-et-le-cou","status":"publish","type":"product","link":"https:\/\/hwtmart.ch\/?product=masseur-pour-les-epaules-et-le-cou","title":{"rendered":"Masseur de \u00e9paule et cou, coussin de massage shiatsu \u00e9lectrique, masseur cervical chauffant dos pour maison bureau"},"content":{"rendered":"<p><img fetchpriority=\"high\" decoding=\"async\" class=\"alignnone size-medium wp-image-12110\" src=\"https:\/\/hwtmart.ch\/wp-content\/uploads\/2025\/04\/1-3-225x300.jpg\" alt=\"\" width=\"225\" height=\"300\" srcset=\"https:\/\/hwtmart.ch\/wp-content\/uploads\/2025\/04\/1-3-225x300.jpg 225w, https:\/\/hwtmart.ch\/wp-content\/uploads\/2025\/04\/1-3-768x1024.jpg 768w, https:\/\/hwtmart.ch\/wp-content\/uploads\/2025\/04\/1-3-41x54.jpg 41w, https:\/\/hwtmart.ch\/wp-content\/uploads\/2025\/04\/1-3.jpg 900w\" sizes=\"(max-width: 225px) 100vw, 225px\" \/> <img decoding=\"async\" class=\"alignnone size-medium wp-image-12111\" src=\"https:\/\/hwtmart.ch\/wp-content\/uploads\/2025\/04\/2-2-225x300.jpg\" alt=\"\" width=\"225\" height=\"300\" srcset=\"https:\/\/hwtmart.ch\/wp-content\/uploads\/2025\/04\/2-2-225x300.jpg 225w, https:\/\/hwtmart.ch\/wp-content\/uploads\/2025\/04\/2-2-768x1024.jpg 768w, https:\/\/hwtmart.ch\/wp-content\/uploads\/2025\/04\/2-2-41x54.jpg 41w, https:\/\/hwtmart.ch\/wp-content\/uploads\/2025\/04\/2-2.jpg 900w\" sizes=\"(max-width: 225px) 100vw, 225px\" \/> <img decoding=\"async\" class=\"alignnone size-medium wp-image-12112\" src=\"https:\/\/hwtmart.ch\/wp-content\/uploads\/2025\/04\/3-1-225x300.jpg\" alt=\"\" width=\"225\" height=\"300\" srcset=\"https:\/\/hwtmart.ch\/wp-content\/uploads\/2025\/04\/3-1-225x300.jpg 225w, https:\/\/hwtmart.ch\/wp-content\/uploads\/2025\/04\/3-1-768x1024.jpg 768w, https:\/\/hwtmart.ch\/wp-content\/uploads\/2025\/04\/3-1-41x54.jpg 41w, https:\/\/hwtmart.ch\/wp-content\/uploads\/2025\/04\/3-1.jpg 900w\" sizes=\"(max-width: 225px) 100vw, 225px\" \/> <img loading=\"lazy\" decoding=\"async\" class=\"alignnone size-medium wp-image-12113\" src=\"https:\/\/hwtmart.ch\/wp-content\/uploads\/2025\/04\/4-1-225x300.jpg\" alt=\"\" width=\"225\" height=\"300\" srcset=\"https:\/\/hwtmart.ch\/wp-content\/uploads\/2025\/04\/4-1-225x300.jpg 225w, https:\/\/hwtmart.ch\/wp-content\/uploads\/2025\/04\/4-1-768x1024.jpg 768w, https:\/\/hwtmart.ch\/wp-content\/uploads\/2025\/04\/4-1-41x54.jpg 41w, https:\/\/hwtmart.ch\/wp-content\/uploads\/2025\/04\/4-1.jpg 900w\" sizes=\"(max-width: 225px) 100vw, 225px\" \/> <img loading=\"lazy\" decoding=\"async\" class=\"alignnone size-medium wp-image-12114\" src=\"https:\/\/hwtmart.ch\/wp-content\/uploads\/2025\/04\/5-2-225x300.jpg\" alt=\"\" width=\"225\" height=\"300\" srcset=\"https:\/\/hwtmart.ch\/wp-content\/uploads\/2025\/04\/5-2-225x300.jpg 225w, https:\/\/hwtmart.ch\/wp-content\/uploads\/2025\/04\/5-2-768x1024.jpg 768w, https:\/\/hwtmart.ch\/wp-content\/uploads\/2025\/04\/5-2-41x54.jpg 41w, https:\/\/hwtmart.ch\/wp-content\/uploads\/2025\/04\/5-2.jpg 900w\" sizes=\"(max-width: 225px) 100vw, 225px\" \/> <img loading=\"lazy\" decoding=\"async\" class=\"alignnone size-medium wp-image-12115\" src=\"https:\/\/hwtmart.ch\/wp-content\/uploads\/2025\/04\/6-225x300.jpg\" alt=\"\" width=\"225\" height=\"300\" srcset=\"https:\/\/hwtmart.ch\/wp-content\/uploads\/2025\/04\/6-225x300.jpg 225w, https:\/\/hwtmart.ch\/wp-content\/uploads\/2025\/04\/6-768x1024.jpg 768w, https:\/\/hwtmart.ch\/wp-content\/uploads\/2025\/04\/6-41x54.jpg 41w, https:\/\/hwtmart.ch\/wp-content\/uploads\/2025\/04\/6.jpg 900w\" sizes=\"(max-width: 225px) 100vw, 225px\" \/> <img loading=\"lazy\" decoding=\"async\" class=\"alignnone size-medium wp-image-12108\" src=\"https:\/\/hwtmart.ch\/wp-content\/uploads\/2025\/04\/7-225x300.jpg\" alt=\"\" width=\"225\" height=\"300\" srcset=\"https:\/\/hwtmart.ch\/wp-content\/uploads\/2025\/04\/7-225x300.jpg 225w, https:\/\/hwtmart.ch\/wp-content\/uploads\/2025\/04\/7-768x1024.jpg 768w, https:\/\/hwtmart.ch\/wp-content\/uploads\/2025\/04\/7-41x54.jpg 41w, https:\/\/hwtmart.ch\/wp-content\/uploads\/2025\/04\/7.jpg 900w\" sizes=\"(max-width: 225px) 100vw, 225px\" \/> <img loading=\"lazy\" decoding=\"async\" class=\"alignnone size-medium wp-image-12109\" src=\"https:\/\/hwtmart.ch\/wp-content\/uploads\/2025\/04\/8-225x300.jpg\" alt=\"\" width=\"225\" height=\"300\" srcset=\"https:\/\/hwtmart.ch\/wp-content\/uploads\/2025\/04\/8-225x300.jpg 225w, https:\/\/hwtmart.ch\/wp-content\/uploads\/2025\/04\/8-768x1024.jpg 768w, https:\/\/hwtmart.ch\/wp-content\/uploads\/2025\/04\/8-41x54.jpg 41w, https:\/\/hwtmart.ch\/wp-content\/uploads\/2025\/04\/8.jpg 900w\" sizes=\"(max-width: 225px) 100vw, 225px\" \/><\/p>\n","protected":false},"excerpt":{"rendered":"<p><strong>Massageur intelligent pour \u00e9paule et cou \u2014 Apaiser la fatigue, d\u00e9charger la pression cervicale, technologie biomim\u00e9tique pour soulager pr\u00e9cis\u00e9ment les douleurs et les tensions<\/strong><\/p>\n","protected":false},"featured_media":7759,"comment_status":"open","ping_status":"closed","template":"","meta":[],"product_brand":[],"product_cat":[802,810],"product_tag":[],"class_list":{"0":"post-6829","1":"product","2":"type-product","3":"status-publish","4":"has-post-thumbnail","6":"product_cat-oreiller-de-massage-pistolet-de-massage-fascia-appareil-minceur-vibratoire-appareil-de-massage-cou-epaule","7":"product_cat-appareil-de-massage-cou-epaule","8":"product_shipping_class-livraison-dans-2-a-5-jours","10":"first","11":"instock","12":"taxable","13":"shipping-taxable","14":"purchasable","15":"product-type-simple"},"jetpack_sharing_enabled":true,"_links":{"self":[{"href":"https:\/\/hwtmart.ch\/index.php?rest_route=\/wp\/v2\/product\/6829","targetHints":{"allow":["GET"]}}],"collection":[{"href":"https:\/\/hwtmart.ch\/index.php?rest_route=\/wp\/v2\/product"}],"about":[{"href":"https:\/\/hwtmart.ch\/index.php?rest_route=\/wp\/v2\/types\/product"}],"replies":[{"embeddable":true,"href":"https:\/\/hwtmart.ch\/index.php?rest_route=%2Fwp%2Fv2%2Fcomments&post=6829"}],"version-history":[{"count":8,"href":"https:\/\/hwtmart.ch\/index.php?rest_route=\/wp\/v2\/product\/6829\/revisions"}],"predecessor-version":[{"id":11135,"href":"https:\/\/hwtmart.ch\/index.php?rest_route=\/wp\/v2\/product\/6829\/revisions\/11135"}],"wp:featuredmedia":[{"embeddable":true,"href":"https:\/\/hwtmart.ch\/index.php?rest_route=\/wp\/v2\/media\/7759"}],"wp:attachment":[{"href":"https:\/\/hwtmart.ch\/index.php?rest_route=%2Fwp%2Fv2%2Fmedia&parent=6829"}],"wp:term":[{"taxonomy":"product_brand","embeddable":true,"href":"https:\/\/hwtmart.ch\/index.php?rest_route=%2Fwp%2Fv2%2Fproduct_brand&post=6829"},{"taxonomy":"product_cat","embeddable":true,"href":"https:\/\/hwtmart.ch\/index.php?rest_route=%2Fwp%2Fv2%2Fproduct_cat&post=6829"},{"taxonomy":"product_tag","embeddable":true,"href":"https:\/\/hwtmart.ch\/index.php?rest_route=%2Fwp%2Fv2%2Fproduct_tag&post=6829"}],"curies":[{"name":"wp","href":"https:\/\/api.w.org\/{rel}","templated":true}]}}