{"id":6836,"date":"2025-04-23T07:04:28","date_gmt":"2025-04-23T07:04:28","guid":{"rendered":"https:\/\/hwtmart.ch\/?post_type=product&#038;p=6836"},"modified":"2026-04-08T04:36:33","modified_gmt":"2026-04-08T03:36:33","slug":"lampe-anti-moustiques","status":"publish","type":"product","link":"https:\/\/hwtmart.ch\/?product=lampe-anti-moustiques","title":{"rendered":"Lampe anti-moustiques, r\u00e9pulsif \u00e0 insectes \u00e0 lumi\u00e8re UV, pi\u00e8ge \u00e0 moustiques \u00e9lectrique pour maison ext\u00e9rieur"},"content":{"rendered":"<p><img fetchpriority=\"high\" decoding=\"async\" class=\"alignnone size-medium wp-image-12282\" src=\"https:\/\/hwtmart.ch\/wp-content\/uploads\/2025\/04\/1-7-200x300.jpg\" alt=\"\" width=\"200\" height=\"300\" srcset=\"https:\/\/hwtmart.ch\/wp-content\/uploads\/2025\/04\/1-7-200x300.jpg 200w, https:\/\/hwtmart.ch\/wp-content\/uploads\/2025\/04\/1-7-683x1024.jpg 683w, https:\/\/hwtmart.ch\/wp-content\/uploads\/2025\/04\/1-7-768x1152.jpg 768w, https:\/\/hwtmart.ch\/wp-content\/uploads\/2025\/04\/1-7-36x54.jpg 36w, https:\/\/hwtmart.ch\/wp-content\/uploads\/2025\/04\/1-7.jpg 800w\" sizes=\"(max-width: 200px) 100vw, 200px\" \/> <img decoding=\"async\" class=\"alignnone size-medium wp-image-12283\" src=\"https:\/\/hwtmart.ch\/wp-content\/uploads\/2025\/04\/2-6-200x300.jpg\" alt=\"\" width=\"200\" height=\"300\" srcset=\"https:\/\/hwtmart.ch\/wp-content\/uploads\/2025\/04\/2-6-200x300.jpg 200w, https:\/\/hwtmart.ch\/wp-content\/uploads\/2025\/04\/2-6-683x1024.jpg 683w, https:\/\/hwtmart.ch\/wp-content\/uploads\/2025\/04\/2-6-768x1152.jpg 768w, https:\/\/hwtmart.ch\/wp-content\/uploads\/2025\/04\/2-6-36x54.jpg 36w, https:\/\/hwtmart.ch\/wp-content\/uploads\/2025\/04\/2-6.jpg 800w\" sizes=\"(max-width: 200px) 100vw, 200px\" \/> <img decoding=\"async\" class=\"alignnone size-medium wp-image-12284\" src=\"https:\/\/hwtmart.ch\/wp-content\/uploads\/2025\/04\/3-5-200x300.jpg\" alt=\"\" width=\"200\" height=\"300\" srcset=\"https:\/\/hwtmart.ch\/wp-content\/uploads\/2025\/04\/3-5-200x300.jpg 200w, https:\/\/hwtmart.ch\/wp-content\/uploads\/2025\/04\/3-5-683x1024.jpg 683w, https:\/\/hwtmart.ch\/wp-content\/uploads\/2025\/04\/3-5-768x1152.jpg 768w, https:\/\/hwtmart.ch\/wp-content\/uploads\/2025\/04\/3-5-36x54.jpg 36w, https:\/\/hwtmart.ch\/wp-content\/uploads\/2025\/04\/3-5.jpg 800w\" sizes=\"(max-width: 200px) 100vw, 200px\" \/> <img loading=\"lazy\" decoding=\"async\" class=\"alignnone size-medium wp-image-12285\" src=\"https:\/\/hwtmart.ch\/wp-content\/uploads\/2025\/04\/4-5-200x300.jpg\" alt=\"\" width=\"200\" height=\"300\" srcset=\"https:\/\/hwtmart.ch\/wp-content\/uploads\/2025\/04\/4-5-200x300.jpg 200w, https:\/\/hwtmart.ch\/wp-content\/uploads\/2025\/04\/4-5-683x1024.jpg 683w, https:\/\/hwtmart.ch\/wp-content\/uploads\/2025\/04\/4-5-768x1152.jpg 768w, https:\/\/hwtmart.ch\/wp-content\/uploads\/2025\/04\/4-5-36x54.jpg 36w, https:\/\/hwtmart.ch\/wp-content\/uploads\/2025\/04\/4-5.jpg 800w\" sizes=\"(max-width: 200px) 100vw, 200px\" \/> <img loading=\"lazy\" decoding=\"async\" class=\"alignnone size-medium wp-image-12286\" src=\"https:\/\/hwtmart.ch\/wp-content\/uploads\/2025\/04\/5-6-200x300.jpg\" alt=\"\" width=\"200\" height=\"300\" srcset=\"https:\/\/hwtmart.ch\/wp-content\/uploads\/2025\/04\/5-6-200x300.jpg 200w, https:\/\/hwtmart.ch\/wp-content\/uploads\/2025\/04\/5-6-683x1024.jpg 683w, https:\/\/hwtmart.ch\/wp-content\/uploads\/2025\/04\/5-6-768x1152.jpg 768w, https:\/\/hwtmart.ch\/wp-content\/uploads\/2025\/04\/5-6-36x54.jpg 36w, https:\/\/hwtmart.ch\/wp-content\/uploads\/2025\/04\/5-6.jpg 800w\" sizes=\"(max-width: 200px) 100vw, 200px\" \/> <img loading=\"lazy\" decoding=\"async\" class=\"alignnone size-medium wp-image-12287\" src=\"https:\/\/hwtmart.ch\/wp-content\/uploads\/2025\/04\/6-3-200x300.jpg\" alt=\"\" width=\"200\" height=\"300\" srcset=\"https:\/\/hwtmart.ch\/wp-content\/uploads\/2025\/04\/6-3-200x300.jpg 200w, https:\/\/hwtmart.ch\/wp-content\/uploads\/2025\/04\/6-3-683x1024.jpg 683w, https:\/\/hwtmart.ch\/wp-content\/uploads\/2025\/04\/6-3-768x1152.jpg 768w, https:\/\/hwtmart.ch\/wp-content\/uploads\/2025\/04\/6-3-36x54.jpg 36w, https:\/\/hwtmart.ch\/wp-content\/uploads\/2025\/04\/6-3.jpg 800w\" sizes=\"(max-width: 200px) 100vw, 200px\" \/> <img loading=\"lazy\" decoding=\"async\" class=\"alignnone size-medium wp-image-12288\" src=\"https:\/\/hwtmart.ch\/wp-content\/uploads\/2025\/04\/7-3-200x300.jpg\" alt=\"\" width=\"200\" height=\"300\" srcset=\"https:\/\/hwtmart.ch\/wp-content\/uploads\/2025\/04\/7-3-200x300.jpg 200w, https:\/\/hwtmart.ch\/wp-content\/uploads\/2025\/04\/7-3-683x1024.jpg 683w, https:\/\/hwtmart.ch\/wp-content\/uploads\/2025\/04\/7-3-768x1152.jpg 768w, https:\/\/hwtmart.ch\/wp-content\/uploads\/2025\/04\/7-3-36x54.jpg 36w, https:\/\/hwtmart.ch\/wp-content\/uploads\/2025\/04\/7-3.jpg 800w\" sizes=\"(max-width: 200px) 100vw, 200px\" \/> <img loading=\"lazy\" decoding=\"async\" class=\"alignnone size-medium wp-image-12281\" src=\"https:\/\/hwtmart.ch\/wp-content\/uploads\/2025\/04\/8-3-200x300.jpg\" alt=\"\" width=\"200\" height=\"300\" srcset=\"https:\/\/hwtmart.ch\/wp-content\/uploads\/2025\/04\/8-3-200x300.jpg 200w, https:\/\/hwtmart.ch\/wp-content\/uploads\/2025\/04\/8-3-683x1024.jpg 683w, https:\/\/hwtmart.ch\/wp-content\/uploads\/2025\/04\/8-3-768x1152.jpg 768w, https:\/\/hwtmart.ch\/wp-content\/uploads\/2025\/04\/8-3-36x54.jpg 36w, https:\/\/hwtmart.ch\/wp-content\/uploads\/2025\/04\/8-3.jpg 800w\" sizes=\"(max-width: 200px) 100vw, 200px\" \/><\/p>\n","protected":false},"excerpt":{"rendered":"<p><strong>Appareil intelligent anti-moustiques \u2014 \u00c9limination des moustiques par technologie physique avanc\u00e9e, profitez tranquillement d\u2019une vie exempte de moustiques en toute s\u00e9curit\u00e9<\/strong><\/p>\n","protected":false},"featured_media":7758,"comment_status":"open","ping_status":"closed","template":"","meta":[],"product_brand":[],"product_cat":[800,813],"product_tag":[],"class_list":{"0":"post-6836","1":"product","2":"type-product","3":"status-publish","4":"has-post-thumbnail","6":"product_cat-nettoyeur-de-vitres-lampe-anti-moustiques-tondeuse-a-cheveux-gobelet","7":"product_cat-lampe-anti-moustiques","9":"first","10":"instock","11":"taxable","12":"shipping-taxable","13":"purchasable","14":"product-type-variable"},"jetpack_sharing_enabled":true,"_links":{"self":[{"href":"https:\/\/hwtmart.ch\/index.php?rest_route=\/wp\/v2\/product\/6836","targetHints":{"allow":["GET"]}}],"collection":[{"href":"https:\/\/hwtmart.ch\/index.php?rest_route=\/wp\/v2\/product"}],"about":[{"href":"https:\/\/hwtmart.ch\/index.php?rest_route=\/wp\/v2\/types\/product"}],"replies":[{"embeddable":true,"href":"https:\/\/hwtmart.ch\/index.php?rest_route=%2Fwp%2Fv2%2Fcomments&post=6836"}],"version-history":[{"count":7,"href":"https:\/\/hwtmart.ch\/index.php?rest_route=\/wp\/v2\/product\/6836\/revisions"}],"predecessor-version":[{"id":12289,"href":"https:\/\/hwtmart.ch\/index.php?rest_route=\/wp\/v2\/product\/6836\/revisions\/12289"}],"wp:featuredmedia":[{"embeddable":true,"href":"https:\/\/hwtmart.ch\/index.php?rest_route=\/wp\/v2\/media\/7758"}],"wp:attachment":[{"href":"https:\/\/hwtmart.ch\/index.php?rest_route=%2Fwp%2Fv2%2Fmedia&parent=6836"}],"wp:term":[{"taxonomy":"product_brand","embeddable":true,"href":"https:\/\/hwtmart.ch\/index.php?rest_route=%2Fwp%2Fv2%2Fproduct_brand&post=6836"},{"taxonomy":"product_cat","embeddable":true,"href":"https:\/\/hwtmart.ch\/index.php?rest_route=%2Fwp%2Fv2%2Fproduct_cat&post=6836"},{"taxonomy":"product_tag","embeddable":true,"href":"https:\/\/hwtmart.ch\/index.php?rest_route=%2Fwp%2Fv2%2Fproduct_tag&post=6836"}],"curies":[{"name":"wp","href":"https:\/\/api.w.org\/{rel}","templated":true}]}}