{"id":7094,"date":"2025-05-16T05:47:43","date_gmt":"2025-05-16T05:47:43","guid":{"rendered":"https:\/\/hwtmart.ch\/?post_type=product&#038;p=7094"},"modified":"2026-04-08T04:36:11","modified_gmt":"2026-04-08T03:36:11","slug":"bluetooth-headseta28","status":"publish","type":"product","link":"https:\/\/hwtmart.ch\/?product=bluetooth-headseta28","title":{"rendered":"Casque Bluetooth (A28), \u00e9couteurs st\u00e9r\u00e9o intra-auriculaires sans fil, \u00e9couteurs de sport r\u00e9duction de bruit"},"content":{"rendered":"<p><img fetchpriority=\"high\" decoding=\"async\" class=\"alignnone size-medium wp-image-12190\" src=\"https:\/\/hwtmart.ch\/wp-content\/uploads\/2025\/05\/1-11-237x300.jpg\" alt=\"\" width=\"237\" height=\"300\" srcset=\"https:\/\/hwtmart.ch\/wp-content\/uploads\/2025\/05\/1-11-237x300.jpg 237w, https:\/\/hwtmart.ch\/wp-content\/uploads\/2025\/05\/1-11-768x972.jpg 768w, https:\/\/hwtmart.ch\/wp-content\/uploads\/2025\/05\/1-11-43x54.jpg 43w, https:\/\/hwtmart.ch\/wp-content\/uploads\/2025\/05\/1-11.jpg 790w\" sizes=\"(max-width: 237px) 100vw, 237px\" \/> <img decoding=\"async\" class=\"alignnone size-medium wp-image-12191\" src=\"https:\/\/hwtmart.ch\/wp-content\/uploads\/2025\/05\/2-11-237x300.jpg\" alt=\"\" width=\"237\" height=\"300\" srcset=\"https:\/\/hwtmart.ch\/wp-content\/uploads\/2025\/05\/2-11-237x300.jpg 237w, https:\/\/hwtmart.ch\/wp-content\/uploads\/2025\/05\/2-11-768x972.jpg 768w, https:\/\/hwtmart.ch\/wp-content\/uploads\/2025\/05\/2-11-43x54.jpg 43w, https:\/\/hwtmart.ch\/wp-content\/uploads\/2025\/05\/2-11.jpg 790w\" sizes=\"(max-width: 237px) 100vw, 237px\" \/> <img decoding=\"async\" class=\"alignnone size-medium wp-image-12192\" src=\"https:\/\/hwtmart.ch\/wp-content\/uploads\/2025\/05\/3-10-237x300.jpg\" alt=\"\" width=\"237\" height=\"300\" srcset=\"https:\/\/hwtmart.ch\/wp-content\/uploads\/2025\/05\/3-10-237x300.jpg 237w, https:\/\/hwtmart.ch\/wp-content\/uploads\/2025\/05\/3-10-768x972.jpg 768w, https:\/\/hwtmart.ch\/wp-content\/uploads\/2025\/05\/3-10-43x54.jpg 43w, https:\/\/hwtmart.ch\/wp-content\/uploads\/2025\/05\/3-10.jpg 790w\" sizes=\"(max-width: 237px) 100vw, 237px\" \/> <img loading=\"lazy\" decoding=\"async\" class=\"alignnone size-medium wp-image-12193\" src=\"https:\/\/hwtmart.ch\/wp-content\/uploads\/2025\/05\/4-9-237x300.jpg\" alt=\"\" width=\"237\" height=\"300\" srcset=\"https:\/\/hwtmart.ch\/wp-content\/uploads\/2025\/05\/4-9-237x300.jpg 237w, https:\/\/hwtmart.ch\/wp-content\/uploads\/2025\/05\/4-9-768x972.jpg 768w, https:\/\/hwtmart.ch\/wp-content\/uploads\/2025\/05\/4-9-43x54.jpg 43w, https:\/\/hwtmart.ch\/wp-content\/uploads\/2025\/05\/4-9.jpg 790w\" sizes=\"(max-width: 237px) 100vw, 237px\" \/> <img loading=\"lazy\" decoding=\"async\" class=\"alignnone size-medium wp-image-12194\" src=\"https:\/\/hwtmart.ch\/wp-content\/uploads\/2025\/05\/5-9-237x300.jpg\" alt=\"\" width=\"237\" height=\"300\" srcset=\"https:\/\/hwtmart.ch\/wp-content\/uploads\/2025\/05\/5-9-237x300.jpg 237w, https:\/\/hwtmart.ch\/wp-content\/uploads\/2025\/05\/5-9-768x972.jpg 768w, https:\/\/hwtmart.ch\/wp-content\/uploads\/2025\/05\/5-9-43x54.jpg 43w, https:\/\/hwtmart.ch\/wp-content\/uploads\/2025\/05\/5-9.jpg 790w\" sizes=\"(max-width: 237px) 100vw, 237px\" \/> <img loading=\"lazy\" decoding=\"async\" class=\"alignnone size-medium wp-image-12195\" src=\"https:\/\/hwtmart.ch\/wp-content\/uploads\/2025\/05\/6-8-237x300.jpg\" alt=\"\" width=\"237\" height=\"300\" srcset=\"https:\/\/hwtmart.ch\/wp-content\/uploads\/2025\/05\/6-8-237x300.jpg 237w, https:\/\/hwtmart.ch\/wp-content\/uploads\/2025\/05\/6-8-768x972.jpg 768w, https:\/\/hwtmart.ch\/wp-content\/uploads\/2025\/05\/6-8-43x54.jpg 43w, https:\/\/hwtmart.ch\/wp-content\/uploads\/2025\/05\/6-8.jpg 790w\" sizes=\"(max-width: 237px) 100vw, 237px\" \/> <img loading=\"lazy\" decoding=\"async\" class=\"alignnone size-medium wp-image-12196\" src=\"https:\/\/hwtmart.ch\/wp-content\/uploads\/2025\/05\/7-7-237x300.jpg\" alt=\"\" width=\"237\" height=\"300\" srcset=\"https:\/\/hwtmart.ch\/wp-content\/uploads\/2025\/05\/7-7-237x300.jpg 237w, https:\/\/hwtmart.ch\/wp-content\/uploads\/2025\/05\/7-7-768x972.jpg 768w, https:\/\/hwtmart.ch\/wp-content\/uploads\/2025\/05\/7-7-43x54.jpg 43w, https:\/\/hwtmart.ch\/wp-content\/uploads\/2025\/05\/7-7.jpg 790w\" sizes=\"(max-width: 237px) 100vw, 237px\" \/> <img loading=\"lazy\" decoding=\"async\" class=\"alignnone size-medium wp-image-12197\" src=\"https:\/\/hwtmart.ch\/wp-content\/uploads\/2025\/05\/8-7-237x300.jpg\" alt=\"\" width=\"237\" height=\"300\" srcset=\"https:\/\/hwtmart.ch\/wp-content\/uploads\/2025\/05\/8-7-237x300.jpg 237w, https:\/\/hwtmart.ch\/wp-content\/uploads\/2025\/05\/8-7-768x972.jpg 768w, https:\/\/hwtmart.ch\/wp-content\/uploads\/2025\/05\/8-7-43x54.jpg 43w, https:\/\/hwtmart.ch\/wp-content\/uploads\/2025\/05\/8-7.jpg 790w\" sizes=\"(max-width: 237px) 100vw, 237px\" \/><\/p>\n","protected":false},"excerpt":{"rendered":"<p>Bluetooth Earbuds,\u00c9couteurs Bluetooth A28, Recharge Rapide USB-C, Appel Clair, Bureau &amp; Voyage<\/p>\n<p>Bluetooth headset(A28) ABS\u00a0 Puissance : 0,104\u00a0 Wh\u00a0 Tension : 3,7 V\u00a0 \u00a0Vitesse de sortie :\u00a0DC 5V-0,2A<\/p>\n","protected":false},"featured_media":7749,"comment_status":"open","ping_status":"closed","template":"","meta":[],"product_brand":[],"product_cat":[796,815],"product_tag":[],"class_list":{"0":"post-7094","1":"product","2":"type-product","3":"status-publish","4":"has-post-thumbnail","6":"product_cat-ecouteurs-bluetooth","7":"product_cat-ecouteurs-bluetooth-enceinte-bluetooth-projecteur-camera-de-sport","8":"product_shipping_class-livraison-dans-2-a-5-jours","10":"first","11":"instock","12":"taxable","13":"shipping-taxable","14":"purchasable","15":"product-type-variable"},"jetpack_sharing_enabled":true,"_links":{"self":[{"href":"https:\/\/hwtmart.ch\/index.php?rest_route=\/wp\/v2\/product\/7094","targetHints":{"allow":["GET"]}}],"collection":[{"href":"https:\/\/hwtmart.ch\/index.php?rest_route=\/wp\/v2\/product"}],"about":[{"href":"https:\/\/hwtmart.ch\/index.php?rest_route=\/wp\/v2\/types\/product"}],"replies":[{"embeddable":true,"href":"https:\/\/hwtmart.ch\/index.php?rest_route=%2Fwp%2Fv2%2Fcomments&post=7094"}],"version-history":[{"count":7,"href":"https:\/\/hwtmart.ch\/index.php?rest_route=\/wp\/v2\/product\/7094\/revisions"}],"predecessor-version":[{"id":11131,"href":"https:\/\/hwtmart.ch\/index.php?rest_route=\/wp\/v2\/product\/7094\/revisions\/11131"}],"wp:featuredmedia":[{"embeddable":true,"href":"https:\/\/hwtmart.ch\/index.php?rest_route=\/wp\/v2\/media\/7749"}],"wp:attachment":[{"href":"https:\/\/hwtmart.ch\/index.php?rest_route=%2Fwp%2Fv2%2Fmedia&parent=7094"}],"wp:term":[{"taxonomy":"product_brand","embeddable":true,"href":"https:\/\/hwtmart.ch\/index.php?rest_route=%2Fwp%2Fv2%2Fproduct_brand&post=7094"},{"taxonomy":"product_cat","embeddable":true,"href":"https:\/\/hwtmart.ch\/index.php?rest_route=%2Fwp%2Fv2%2Fproduct_cat&post=7094"},{"taxonomy":"product_tag","embeddable":true,"href":"https:\/\/hwtmart.ch\/index.php?rest_route=%2Fwp%2Fv2%2Fproduct_tag&post=7094"}],"curies":[{"name":"wp","href":"https:\/\/api.w.org\/{rel}","templated":true}]}}