{"id":7159,"date":"2025-05-17T03:16:18","date_gmt":"2025-05-17T03:16:18","guid":{"rendered":"https:\/\/hwtmart.ch\/?post_type=product&#038;p=7159"},"modified":"2026-04-08T04:21:52","modified_gmt":"2026-04-08T03:21:52","slug":"enceinte-bluetoothp50-mini","status":"publish","type":"product","link":"https:\/\/hwtmart.ch\/?product=enceinte-bluetoothp50-mini","title":{"rendered":"Haut-parleur multim\u00e9dia (P50-MINI), mini haut-parleur Bluetooth sans fil, lecteur audio st\u00e9r\u00e9o HiFi portable"},"content":{"rendered":"<p><img fetchpriority=\"high\" decoding=\"async\" class=\"alignnone size-medium wp-image-12134\" src=\"https:\/\/hwtmart.ch\/wp-content\/uploads\/2025\/05\/1-8-225x300.jpg\" alt=\"\" width=\"225\" height=\"300\" srcset=\"https:\/\/hwtmart.ch\/wp-content\/uploads\/2025\/05\/1-8-225x300.jpg 225w, https:\/\/hwtmart.ch\/wp-content\/uploads\/2025\/05\/1-8-768x1024.jpg 768w, https:\/\/hwtmart.ch\/wp-content\/uploads\/2025\/05\/1-8-41x54.jpg 41w, https:\/\/hwtmart.ch\/wp-content\/uploads\/2025\/05\/1-8.jpg 900w\" sizes=\"(max-width: 225px) 100vw, 225px\" \/> <img decoding=\"async\" class=\"alignnone size-medium wp-image-12135\" src=\"https:\/\/hwtmart.ch\/wp-content\/uploads\/2025\/05\/2-8-225x300.jpg\" alt=\"\" width=\"225\" height=\"300\" srcset=\"https:\/\/hwtmart.ch\/wp-content\/uploads\/2025\/05\/2-8-225x300.jpg 225w, https:\/\/hwtmart.ch\/wp-content\/uploads\/2025\/05\/2-8-768x1024.jpg 768w, https:\/\/hwtmart.ch\/wp-content\/uploads\/2025\/05\/2-8-41x54.jpg 41w, https:\/\/hwtmart.ch\/wp-content\/uploads\/2025\/05\/2-8.jpg 900w\" sizes=\"(max-width: 225px) 100vw, 225px\" \/> <img decoding=\"async\" class=\"alignnone size-medium wp-image-12136\" src=\"https:\/\/hwtmart.ch\/wp-content\/uploads\/2025\/05\/3-7-225x300.jpg\" alt=\"\" width=\"225\" height=\"300\" srcset=\"https:\/\/hwtmart.ch\/wp-content\/uploads\/2025\/05\/3-7-225x300.jpg 225w, https:\/\/hwtmart.ch\/wp-content\/uploads\/2025\/05\/3-7-768x1024.jpg 768w, https:\/\/hwtmart.ch\/wp-content\/uploads\/2025\/05\/3-7-41x54.jpg 41w, https:\/\/hwtmart.ch\/wp-content\/uploads\/2025\/05\/3-7.jpg 900w\" sizes=\"(max-width: 225px) 100vw, 225px\" \/> <img loading=\"lazy\" decoding=\"async\" class=\"alignnone size-medium wp-image-12137\" src=\"https:\/\/hwtmart.ch\/wp-content\/uploads\/2025\/05\/4-6-225x300.jpg\" alt=\"\" width=\"225\" height=\"300\" srcset=\"https:\/\/hwtmart.ch\/wp-content\/uploads\/2025\/05\/4-6-225x300.jpg 225w, https:\/\/hwtmart.ch\/wp-content\/uploads\/2025\/05\/4-6-768x1024.jpg 768w, https:\/\/hwtmart.ch\/wp-content\/uploads\/2025\/05\/4-6-41x54.jpg 41w, https:\/\/hwtmart.ch\/wp-content\/uploads\/2025\/05\/4-6.jpg 900w\" sizes=\"(max-width: 225px) 100vw, 225px\" \/> <img loading=\"lazy\" decoding=\"async\" class=\"alignnone size-medium wp-image-12138\" src=\"https:\/\/hwtmart.ch\/wp-content\/uploads\/2025\/05\/5-6-225x300.jpg\" alt=\"\" width=\"225\" height=\"300\" srcset=\"https:\/\/hwtmart.ch\/wp-content\/uploads\/2025\/05\/5-6-225x300.jpg 225w, https:\/\/hwtmart.ch\/wp-content\/uploads\/2025\/05\/5-6-768x1024.jpg 768w, https:\/\/hwtmart.ch\/wp-content\/uploads\/2025\/05\/5-6-41x54.jpg 41w, https:\/\/hwtmart.ch\/wp-content\/uploads\/2025\/05\/5-6.jpg 900w\" sizes=\"(max-width: 225px) 100vw, 225px\" \/> <img loading=\"lazy\" decoding=\"async\" class=\"alignnone size-medium wp-image-12139\" src=\"https:\/\/hwtmart.ch\/wp-content\/uploads\/2025\/05\/6-5-225x300.jpg\" alt=\"\" width=\"225\" height=\"300\" srcset=\"https:\/\/hwtmart.ch\/wp-content\/uploads\/2025\/05\/6-5-225x300.jpg 225w, https:\/\/hwtmart.ch\/wp-content\/uploads\/2025\/05\/6-5-768x1024.jpg 768w, https:\/\/hwtmart.ch\/wp-content\/uploads\/2025\/05\/6-5-41x54.jpg 41w, https:\/\/hwtmart.ch\/wp-content\/uploads\/2025\/05\/6-5.jpg 900w\" sizes=\"(max-width: 225px) 100vw, 225px\" \/> <img loading=\"lazy\" decoding=\"async\" class=\"alignnone size-medium wp-image-12140\" src=\"https:\/\/hwtmart.ch\/wp-content\/uploads\/2025\/05\/7-5-225x300.jpg\" alt=\"\" width=\"225\" height=\"300\" srcset=\"https:\/\/hwtmart.ch\/wp-content\/uploads\/2025\/05\/7-5-225x300.jpg 225w, https:\/\/hwtmart.ch\/wp-content\/uploads\/2025\/05\/7-5-768x1024.jpg 768w, https:\/\/hwtmart.ch\/wp-content\/uploads\/2025\/05\/7-5-41x54.jpg 41w, https:\/\/hwtmart.ch\/wp-content\/uploads\/2025\/05\/7-5.jpg 900w\" sizes=\"(max-width: 225px) 100vw, 225px\" \/> <img loading=\"lazy\" decoding=\"async\" class=\"alignnone size-medium wp-image-12133\" src=\"https:\/\/hwtmart.ch\/wp-content\/uploads\/2025\/05\/8-5-225x300.jpg\" alt=\"\" width=\"225\" height=\"300\" srcset=\"https:\/\/hwtmart.ch\/wp-content\/uploads\/2025\/05\/8-5-225x300.jpg 225w, https:\/\/hwtmart.ch\/wp-content\/uploads\/2025\/05\/8-5-768x1024.jpg 768w, https:\/\/hwtmart.ch\/wp-content\/uploads\/2025\/05\/8-5-41x54.jpg 41w, https:\/\/hwtmart.ch\/wp-content\/uploads\/2025\/05\/8-5.jpg 900w\" sizes=\"(max-width: 225px) 100vw, 225px\" \/><\/p>\n","protected":false},"excerpt":{"rendered":"<p>Enceinte Bluetooth(P50 MINI)<strong> Carcasse en plastique\u00a0 <\/strong>Bluetooth 5.0<\/p>\n","protected":false},"featured_media":7782,"comment_status":"open","ping_status":"closed","template":"","meta":[],"product_brand":[],"product_cat":[797,815],"product_tag":[],"class_list":{"0":"post-7159","1":"product","2":"type-product","3":"status-publish","4":"has-post-thumbnail","6":"product_cat-enceinte-bluetooth","7":"product_cat-ecouteurs-bluetooth-enceinte-bluetooth-projecteur-camera-de-sport","8":"product_shipping_class-livraison-dans-2-a-5-jours","10":"first","11":"instock","12":"taxable","13":"shipping-taxable","14":"purchasable","15":"product-type-variable"},"jetpack_sharing_enabled":true,"_links":{"self":[{"href":"https:\/\/hwtmart.ch\/index.php?rest_route=\/wp\/v2\/product\/7159","targetHints":{"allow":["GET"]}}],"collection":[{"href":"https:\/\/hwtmart.ch\/index.php?rest_route=\/wp\/v2\/product"}],"about":[{"href":"https:\/\/hwtmart.ch\/index.php?rest_route=\/wp\/v2\/types\/product"}],"replies":[{"embeddable":true,"href":"https:\/\/hwtmart.ch\/index.php?rest_route=%2Fwp%2Fv2%2Fcomments&post=7159"}],"version-history":[{"count":8,"href":"https:\/\/hwtmart.ch\/index.php?rest_route=\/wp\/v2\/product\/7159\/revisions"}],"predecessor-version":[{"id":8537,"href":"https:\/\/hwtmart.ch\/index.php?rest_route=\/wp\/v2\/product\/7159\/revisions\/8537"}],"wp:featuredmedia":[{"embeddable":true,"href":"https:\/\/hwtmart.ch\/index.php?rest_route=\/wp\/v2\/media\/7782"}],"wp:attachment":[{"href":"https:\/\/hwtmart.ch\/index.php?rest_route=%2Fwp%2Fv2%2Fmedia&parent=7159"}],"wp:term":[{"taxonomy":"product_brand","embeddable":true,"href":"https:\/\/hwtmart.ch\/index.php?rest_route=%2Fwp%2Fv2%2Fproduct_brand&post=7159"},{"taxonomy":"product_cat","embeddable":true,"href":"https:\/\/hwtmart.ch\/index.php?rest_route=%2Fwp%2Fv2%2Fproduct_cat&post=7159"},{"taxonomy":"product_tag","embeddable":true,"href":"https:\/\/hwtmart.ch\/index.php?rest_route=%2Fwp%2Fv2%2Fproduct_tag&post=7159"}],"curies":[{"name":"wp","href":"https:\/\/api.w.org\/{rel}","templated":true}]}}