{"id":7162,"date":"2025-05-17T03:23:42","date_gmt":"2025-05-17T03:23:42","guid":{"rendered":"https:\/\/hwtmart.ch\/?post_type=product&#038;p=7162"},"modified":"2026-04-08T04:21:23","modified_gmt":"2026-04-08T03:21:23","slug":"enceinte-bluetoothp58-2","status":"publish","type":"product","link":"https:\/\/hwtmart.ch\/?product=enceinte-bluetoothp58-2","title":{"rendered":"Haut-parleur multim\u00e9dia (H61), haut-parleur son HiFi Bluetooth sans fil, lecteur audio st\u00e9r\u00e9o portable"},"content":{"rendered":"<p><img fetchpriority=\"high\" decoding=\"async\" class=\"alignnone size-medium wp-image-12429\" src=\"https:\/\/hwtmart.ch\/wp-content\/uploads\/2025\/05\/1-15-300x231.jpg\" alt=\"\" width=\"300\" height=\"231\" srcset=\"https:\/\/hwtmart.ch\/wp-content\/uploads\/2025\/05\/1-15-300x231.jpg 300w, https:\/\/hwtmart.ch\/wp-content\/uploads\/2025\/05\/1-15-1024x788.jpg 1024w, https:\/\/hwtmart.ch\/wp-content\/uploads\/2025\/05\/1-15-768x591.jpg 768w, https:\/\/hwtmart.ch\/wp-content\/uploads\/2025\/05\/1-15-70x54.jpg 70w, https:\/\/hwtmart.ch\/wp-content\/uploads\/2025\/05\/1-15.jpg 1200w\" sizes=\"(max-width: 300px) 100vw, 300px\" \/> <img decoding=\"async\" class=\"alignnone size-medium wp-image-12430\" src=\"https:\/\/hwtmart.ch\/wp-content\/uploads\/2025\/05\/2-15-300x231.jpg\" alt=\"\" width=\"300\" height=\"231\" srcset=\"https:\/\/hwtmart.ch\/wp-content\/uploads\/2025\/05\/2-15-300x231.jpg 300w, https:\/\/hwtmart.ch\/wp-content\/uploads\/2025\/05\/2-15-1024x788.jpg 1024w, https:\/\/hwtmart.ch\/wp-content\/uploads\/2025\/05\/2-15-768x591.jpg 768w, https:\/\/hwtmart.ch\/wp-content\/uploads\/2025\/05\/2-15-70x54.jpg 70w, https:\/\/hwtmart.ch\/wp-content\/uploads\/2025\/05\/2-15.jpg 1200w\" sizes=\"(max-width: 300px) 100vw, 300px\" \/> <img decoding=\"async\" class=\"alignnone size-medium wp-image-12431\" src=\"https:\/\/hwtmart.ch\/wp-content\/uploads\/2025\/05\/3-14-300x231.jpg\" alt=\"\" width=\"300\" height=\"231\" srcset=\"https:\/\/hwtmart.ch\/wp-content\/uploads\/2025\/05\/3-14-300x231.jpg 300w, https:\/\/hwtmart.ch\/wp-content\/uploads\/2025\/05\/3-14-1024x788.jpg 1024w, https:\/\/hwtmart.ch\/wp-content\/uploads\/2025\/05\/3-14-768x591.jpg 768w, https:\/\/hwtmart.ch\/wp-content\/uploads\/2025\/05\/3-14-70x54.jpg 70w, https:\/\/hwtmart.ch\/wp-content\/uploads\/2025\/05\/3-14.jpg 1200w\" sizes=\"(max-width: 300px) 100vw, 300px\" \/> <img loading=\"lazy\" decoding=\"async\" class=\"alignnone size-medium wp-image-12432\" src=\"https:\/\/hwtmart.ch\/wp-content\/uploads\/2025\/05\/4-13-300x231.jpg\" alt=\"\" width=\"300\" height=\"231\" srcset=\"https:\/\/hwtmart.ch\/wp-content\/uploads\/2025\/05\/4-13-300x231.jpg 300w, https:\/\/hwtmart.ch\/wp-content\/uploads\/2025\/05\/4-13-1024x788.jpg 1024w, https:\/\/hwtmart.ch\/wp-content\/uploads\/2025\/05\/4-13-768x591.jpg 768w, https:\/\/hwtmart.ch\/wp-content\/uploads\/2025\/05\/4-13-70x54.jpg 70w, https:\/\/hwtmart.ch\/wp-content\/uploads\/2025\/05\/4-13.jpg 1200w\" sizes=\"(max-width: 300px) 100vw, 300px\" \/> <img loading=\"lazy\" decoding=\"async\" class=\"alignnone size-medium wp-image-12433\" src=\"https:\/\/hwtmart.ch\/wp-content\/uploads\/2025\/05\/5-13-300x231.jpg\" alt=\"\" width=\"300\" height=\"231\" srcset=\"https:\/\/hwtmart.ch\/wp-content\/uploads\/2025\/05\/5-13-300x231.jpg 300w, https:\/\/hwtmart.ch\/wp-content\/uploads\/2025\/05\/5-13-1024x788.jpg 1024w, https:\/\/hwtmart.ch\/wp-content\/uploads\/2025\/05\/5-13-768x591.jpg 768w, https:\/\/hwtmart.ch\/wp-content\/uploads\/2025\/05\/5-13-70x54.jpg 70w, https:\/\/hwtmart.ch\/wp-content\/uploads\/2025\/05\/5-13.jpg 1200w\" sizes=\"(max-width: 300px) 100vw, 300px\" \/> <img loading=\"lazy\" decoding=\"async\" class=\"alignnone size-medium wp-image-12434\" src=\"https:\/\/hwtmart.ch\/wp-content\/uploads\/2025\/05\/6-12-300x231.jpg\" alt=\"\" width=\"300\" height=\"231\" srcset=\"https:\/\/hwtmart.ch\/wp-content\/uploads\/2025\/05\/6-12-300x231.jpg 300w, https:\/\/hwtmart.ch\/wp-content\/uploads\/2025\/05\/6-12-1024x788.jpg 1024w, https:\/\/hwtmart.ch\/wp-content\/uploads\/2025\/05\/6-12-768x591.jpg 768w, https:\/\/hwtmart.ch\/wp-content\/uploads\/2025\/05\/6-12-70x54.jpg 70w, https:\/\/hwtmart.ch\/wp-content\/uploads\/2025\/05\/6-12.jpg 1200w\" sizes=\"(max-width: 300px) 100vw, 300px\" \/> <img loading=\"lazy\" decoding=\"async\" class=\"alignnone size-medium wp-image-12435\" src=\"https:\/\/hwtmart.ch\/wp-content\/uploads\/2025\/05\/7-11-300x231.jpg\" alt=\"\" width=\"300\" height=\"231\" srcset=\"https:\/\/hwtmart.ch\/wp-content\/uploads\/2025\/05\/7-11-300x231.jpg 300w, https:\/\/hwtmart.ch\/wp-content\/uploads\/2025\/05\/7-11-1024x788.jpg 1024w, https:\/\/hwtmart.ch\/wp-content\/uploads\/2025\/05\/7-11-768x591.jpg 768w, https:\/\/hwtmart.ch\/wp-content\/uploads\/2025\/05\/7-11-70x54.jpg 70w, https:\/\/hwtmart.ch\/wp-content\/uploads\/2025\/05\/7-11.jpg 1200w\" sizes=\"(max-width: 300px) 100vw, 300px\" \/> <img loading=\"lazy\" decoding=\"async\" class=\"alignnone size-medium wp-image-12436\" src=\"https:\/\/hwtmart.ch\/wp-content\/uploads\/2025\/05\/8-11-300x231.jpg\" alt=\"\" width=\"300\" height=\"231\" srcset=\"https:\/\/hwtmart.ch\/wp-content\/uploads\/2025\/05\/8-11-300x231.jpg 300w, https:\/\/hwtmart.ch\/wp-content\/uploads\/2025\/05\/8-11-1024x788.jpg 1024w, https:\/\/hwtmart.ch\/wp-content\/uploads\/2025\/05\/8-11-768x591.jpg 768w, https:\/\/hwtmart.ch\/wp-content\/uploads\/2025\/05\/8-11-70x54.jpg 70w, https:\/\/hwtmart.ch\/wp-content\/uploads\/2025\/05\/8-11.jpg 1200w\" sizes=\"(max-width: 300px) 100vw, 300px\" \/><\/p>\n","protected":false},"excerpt":{"rendered":"<p>Enceinte Bluetooth(H61)<strong> Carcasse en plastique\u00a0 <\/strong>Bluetooth 5.0<\/p>\n","protected":false},"featured_media":7780,"comment_status":"open","ping_status":"closed","template":"","meta":[],"product_brand":[],"product_cat":[797,815],"product_tag":[],"class_list":{"0":"post-7162","1":"product","2":"type-product","3":"status-publish","4":"has-post-thumbnail","6":"product_cat-enceinte-bluetooth","7":"product_cat-ecouteurs-bluetooth-enceinte-bluetooth-projecteur-camera-de-sport","8":"product_shipping_class-livraison-dans-2-a-5-jours","10":"first","11":"instock","12":"taxable","13":"shipping-taxable","14":"purchasable","15":"product-type-simple"},"jetpack_sharing_enabled":true,"_links":{"self":[{"href":"https:\/\/hwtmart.ch\/index.php?rest_route=\/wp\/v2\/product\/7162","targetHints":{"allow":["GET"]}}],"collection":[{"href":"https:\/\/hwtmart.ch\/index.php?rest_route=\/wp\/v2\/product"}],"about":[{"href":"https:\/\/hwtmart.ch\/index.php?rest_route=\/wp\/v2\/types\/product"}],"replies":[{"embeddable":true,"href":"https:\/\/hwtmart.ch\/index.php?rest_route=%2Fwp%2Fv2%2Fcomments&post=7162"}],"version-history":[{"count":7,"href":"https:\/\/hwtmart.ch\/index.php?rest_route=\/wp\/v2\/product\/7162\/revisions"}],"predecessor-version":[{"id":12437,"href":"https:\/\/hwtmart.ch\/index.php?rest_route=\/wp\/v2\/product\/7162\/revisions\/12437"}],"wp:featuredmedia":[{"embeddable":true,"href":"https:\/\/hwtmart.ch\/index.php?rest_route=\/wp\/v2\/media\/7780"}],"wp:attachment":[{"href":"https:\/\/hwtmart.ch\/index.php?rest_route=%2Fwp%2Fv2%2Fmedia&parent=7162"}],"wp:term":[{"taxonomy":"product_brand","embeddable":true,"href":"https:\/\/hwtmart.ch\/index.php?rest_route=%2Fwp%2Fv2%2Fproduct_brand&post=7162"},{"taxonomy":"product_cat","embeddable":true,"href":"https:\/\/hwtmart.ch\/index.php?rest_route=%2Fwp%2Fv2%2Fproduct_cat&post=7162"},{"taxonomy":"product_tag","embeddable":true,"href":"https:\/\/hwtmart.ch\/index.php?rest_route=%2Fwp%2Fv2%2Fproduct_tag&post=7162"}],"curies":[{"name":"wp","href":"https:\/\/api.w.org\/{rel}","templated":true}]}}