{"id":9209,"date":"2025-09-30T12:28:14","date_gmt":"2025-09-30T12:28:14","guid":{"rendered":"https:\/\/hwtmart.ch\/?post_type=product&#038;p=9209"},"modified":"2026-04-08T04:17:25","modified_gmt":"2026-04-08T03:17:25","slug":"coque-pour-iphone-17","status":"publish","type":"product","link":"https:\/\/hwtmart.ch\/?product=coque-pour-iphone-17","title":{"rendered":"Coque standard pour iPhone 17, coque anti-rayures antichoc, coque mince en TPU souple"},"content":{"rendered":"<h2>Protection Exceptionnelle pour Votre iPhone 17<\/h2>\n<p>Offrez \u00e0 votre iPhone 17 la protection qu&rsquo;il m\u00e9rite avec cette coque anti-rayures et antichoc. Con\u00e7ue sp\u00e9cifiquement pour pr\u00e9server l\u2019\u00e9l\u00e9gance et la durabilit\u00e9 de votre appareil, cette coque combine mat\u00e9riaux de qualit\u00e9 et design fonctionnel. Prot\u00e9gez votre t\u00e9l\u00e9phone contre les chocs, les rayures, et l&rsquo;usure quotidienne sans sacrifier le style ou la commodit\u00e9.<\/p>\n<h2>Design Mince et \u00c9l\u00e9gant<\/h2>\n<p>Cette coque mince en TPU souple est id\u00e9ale pour ceux qui recherchent une solution discr\u00e8te mais efficace. Sa conception l\u00e9g\u00e8re n&rsquo;ajoute pas de volume inutile \u00e0 votre t\u00e9l\u00e9phone tout en maintenant une prise en main confortable. De plus, ses d\u00e9coupes pr\u00e9cises garantissent un acc\u00e8s parfait \u00e0 tous les ports, boutons, et fonctionnalit\u00e9s de votre iPhone 17.<\/p>\n<h2>Mat\u00e9riaux de Qualit\u00e9 Sup\u00e9rieure<\/h2>\n<p>Fabriqu\u00e9e en TPU souple, cette coque offre une flexibilit\u00e9 optimis\u00e9e qui simplifie son installation et son retrait. Non seulement le mat\u00e9riau est durable, mais il est \u00e9galement r\u00e9sistant aux traces de doigts, gardant votre appareil propre et impeccable. Ce produit allie robustesse et esth\u00e9tisme, cr\u00e9ant une solution id\u00e9ale pour votre quotidien.<\/p>\n<p>Cette coque standard pour iPhone 17 est parfaite pour les utilisateurs souhaitant prot\u00e9ger leur appareil sans compromettre son look moderne et sa praticit\u00e9. Investissez dans une protection fiable et un design pens\u00e9 pour accompagner votre mode de vie dynamique.<\/p>\n","protected":false},"excerpt":{"rendered":"<p>Protection Exceptionnelle pour Votre iPhone 17 Offrez \u00e0 votre iPhone 17 la protection qu&rsquo;il m\u00e9rite avec cette coque anti-rayures et antichoc. Con\u00e7ue sp\u00e9cifiquement pour pr\u00e9server l\u2019\u00e9l\u00e9gance et la durabilit\u00e9 de votre appareil, cette coque combine mat\u00e9riaux de qualit\u00e9 et design fonctionnel. Prot\u00e9gez votre t\u00e9l\u00e9phone contre les chocs, les rayures, et l&rsquo;usure quotidienne sans sacrifier le<\/p>\n<div class=\"klb-readmore entry-button\"><a class=\"btn link\" href=\"https:\/\/hwtmart.ch\/?product=coque-pour-iphone-17\">Read More <i class=\"klbth-icon-right-arrow\"><\/i><\/a><\/div>\n","protected":false},"featured_media":9457,"comment_status":"open","ping_status":"closed","template":"","meta":[],"product_brand":[],"product_cat":[793,794,817],"product_tag":[],"class_list":{"0":"post-9209","1":"product","2":"type-product","3":"status-publish","4":"has-post-thumbnail","6":"product_cat-etui-de-telephone-chargeur-mural-power-bank-support-de-telephone-voiture","7":"product_cat-etui-de-telephone","8":"product_cat-soldes","9":"product_shipping_class-livraison-dans-2-a-5-jours","11":"first","12":"instock","13":"sale","14":"taxable","15":"shipping-taxable","16":"purchasable","17":"product-type-variable"},"jetpack_sharing_enabled":true,"_links":{"self":[{"href":"https:\/\/hwtmart.ch\/index.php?rest_route=\/wp\/v2\/product\/9209","targetHints":{"allow":["GET"]}}],"collection":[{"href":"https:\/\/hwtmart.ch\/index.php?rest_route=\/wp\/v2\/product"}],"about":[{"href":"https:\/\/hwtmart.ch\/index.php?rest_route=\/wp\/v2\/types\/product"}],"replies":[{"embeddable":true,"href":"https:\/\/hwtmart.ch\/index.php?rest_route=%2Fwp%2Fv2%2Fcomments&post=9209"}],"version-history":[{"count":3,"href":"https:\/\/hwtmart.ch\/index.php?rest_route=\/wp\/v2\/product\/9209\/revisions"}],"predecessor-version":[{"id":11591,"href":"https:\/\/hwtmart.ch\/index.php?rest_route=\/wp\/v2\/product\/9209\/revisions\/11591"}],"wp:featuredmedia":[{"embeddable":true,"href":"https:\/\/hwtmart.ch\/index.php?rest_route=\/wp\/v2\/media\/9457"}],"wp:attachment":[{"href":"https:\/\/hwtmart.ch\/index.php?rest_route=%2Fwp%2Fv2%2Fmedia&parent=9209"}],"wp:term":[{"taxonomy":"product_brand","embeddable":true,"href":"https:\/\/hwtmart.ch\/index.php?rest_route=%2Fwp%2Fv2%2Fproduct_brand&post=9209"},{"taxonomy":"product_cat","embeddable":true,"href":"https:\/\/hwtmart.ch\/index.php?rest_route=%2Fwp%2Fv2%2Fproduct_cat&post=9209"},{"taxonomy":"product_tag","embeddable":true,"href":"https:\/\/hwtmart.ch\/index.php?rest_route=%2Fwp%2Fv2%2Fproduct_tag&post=9209"}],"curies":[{"name":"wp","href":"https:\/\/api.w.org\/{rel}","templated":true}]}}