{"id":9215,"date":"2025-09-30T12:39:36","date_gmt":"2025-09-30T12:39:36","guid":{"rendered":"https:\/\/hwtmart.ch\/?post_type=product&#038;p=9215"},"modified":"2026-04-08T04:16:52","modified_gmt":"2026-04-08T03:16:52","slug":"coque-pour-iphone-17-air","status":"publish","type":"product","link":"https:\/\/hwtmart.ch\/?product=coque-pour-iphone-17-air","title":{"rendered":"Coque standard pour iPhone 17AIR, coque anti-rayures antichoc, coque mince en TPU souple"},"content":{"rendered":"<h2>Conception \u00e9l\u00e9gante et profil mince<\/h2>\n<p>D\u00e9couvrez la coque standard pour iPhone 17AIR, un \u00e9tui alliant style et praticit\u00e9 pour garder votre appareil prot\u00e9g\u00e9 au quotidien. Con\u00e7ue en TPU souple de haute qualit\u00e9, cette coque ultra-mince \u00e9pouse parfaitement les contours de votre iPhone 17AIR, tout en pr\u00e9servant sa forme et son design \u00e9l\u00e9gant. Si vous aimez les accessoires qui allient minimalisme et fonctionnalit\u00e9, cette coque est faite pour vous.<\/p>\n<h2>Protection anti-rayures et antichoc<\/h2>\n<p>Votre iPhone m\u00e9rite une protection fiable contre les incidents du quotidien. Cette coque anti-rayures et antichoc agit comme une armure l\u00e9g\u00e8re pour votre appareil, absorbant les chocs en cas de chute et emp\u00eachant les \u00e9raflures qui pourraient ternir son apparence brillante. Gr\u00e2ce \u00e0 ses rebords sur\u00e9lev\u00e9s, elle offre une protection suppl\u00e9mentaire \u00e0 votre \u00e9cran et \u00e0 votre appareil photo, assurant une tranquillit\u00e9 d&rsquo;esprit maximale.<\/p>\n<h2>Mat\u00e9riaux durables et adh\u00e9rence optimale<\/h2>\n<p>Fabriqu\u00e9e \u00e0 partir de TPU souple et r\u00e9sistant, cette coque pour iPhone 17AIR est con\u00e7ue pour durer. Les mat\u00e9riaux de haute qualit\u00e9 garantissent une excellente tenue face \u00e0 l&rsquo;usure quotidienne, \u00e9vitant les d\u00e9formations ou la d\u00e9coloration. De plus, la texture l\u00e9g\u00e8rement mate offre une surface confortable et antid\u00e9rapante, permettant une prise en main s\u00e9curis\u00e9e et agr\u00e9able.<\/p>\n<h2>Acc\u00e8s facile et compatibilit\u00e9 id\u00e9ale<\/h2>\n<p>Outre sa solidit\u00e9 et son design pratique, cette coque a \u00e9t\u00e9 fabriqu\u00e9e sur mesure pour garantir un ajustement parfait avec l&rsquo;iPhone 17AIR. Tous les ports, boutons et fonctionnalit\u00e9s restent parfaitement accessibles, vous permettant de profiter pleinement de votre t\u00e9l\u00e9phone sans jamais retirer la coque. L&rsquo;installation et le retrait sont simples, rendant cette coque aussi pratique qu\u2019efficace.<\/p>\n<h2>Pourquoi choisir cette coque standard pour iPhone 17AIR ?<\/h2>\n<p>En r\u00e9sum\u00e9, elle offre le combo parfait de protection, durabilit\u00e9 et \u00e9l\u00e9gance. Que vous soyez un utilisateur en d\u00e9placement ou un amateur de design \u00e9pur\u00e9, cette coque allie fonctionnalit\u00e9 et esth\u00e9tique pour accompagner votre iPhone 17AIR au quotidien. Prenez la d\u00e9cision qui combine style et performance et gardez votre appareil comme neuf pendant longtemps.<\/p>\n","protected":false},"excerpt":{"rendered":"<p>Conception \u00e9l\u00e9gante et profil mince D\u00e9couvrez la coque standard pour iPhone 17AIR, un \u00e9tui alliant style et praticit\u00e9 pour garder votre appareil prot\u00e9g\u00e9 au quotidien. Con\u00e7ue en TPU souple de haute qualit\u00e9, cette coque ultra-mince \u00e9pouse parfaitement les contours de votre iPhone 17AIR, tout en pr\u00e9servant sa forme et son design \u00e9l\u00e9gant. Si vous aimez<\/p>\n<div class=\"klb-readmore entry-button\"><a class=\"btn link\" href=\"https:\/\/hwtmart.ch\/?product=coque-pour-iphone-17-air\">Read More <i class=\"klbth-icon-right-arrow\"><\/i><\/a><\/div>\n","protected":false},"featured_media":9472,"comment_status":"open","ping_status":"closed","template":"","meta":[],"product_brand":[],"product_cat":[793,794,817],"product_tag":[],"class_list":{"0":"post-9215","1":"product","2":"type-product","3":"status-publish","4":"has-post-thumbnail","6":"product_cat-etui-de-telephone-chargeur-mural-power-bank-support-de-telephone-voiture","7":"product_cat-etui-de-telephone","8":"product_cat-soldes","9":"product_shipping_class-livraison-dans-2-a-5-jours","11":"first","12":"instock","13":"sale","14":"taxable","15":"shipping-taxable","16":"purchasable","17":"product-type-variable"},"jetpack_sharing_enabled":true,"_links":{"self":[{"href":"https:\/\/hwtmart.ch\/index.php?rest_route=\/wp\/v2\/product\/9215","targetHints":{"allow":["GET"]}}],"collection":[{"href":"https:\/\/hwtmart.ch\/index.php?rest_route=\/wp\/v2\/product"}],"about":[{"href":"https:\/\/hwtmart.ch\/index.php?rest_route=\/wp\/v2\/types\/product"}],"replies":[{"embeddable":true,"href":"https:\/\/hwtmart.ch\/index.php?rest_route=%2Fwp%2Fv2%2Fcomments&post=9215"}],"version-history":[{"count":4,"href":"https:\/\/hwtmart.ch\/index.php?rest_route=\/wp\/v2\/product\/9215\/revisions"}],"predecessor-version":[{"id":9673,"href":"https:\/\/hwtmart.ch\/index.php?rest_route=\/wp\/v2\/product\/9215\/revisions\/9673"}],"wp:featuredmedia":[{"embeddable":true,"href":"https:\/\/hwtmart.ch\/index.php?rest_route=\/wp\/v2\/media\/9472"}],"wp:attachment":[{"href":"https:\/\/hwtmart.ch\/index.php?rest_route=%2Fwp%2Fv2%2Fmedia&parent=9215"}],"wp:term":[{"taxonomy":"product_brand","embeddable":true,"href":"https:\/\/hwtmart.ch\/index.php?rest_route=%2Fwp%2Fv2%2Fproduct_brand&post=9215"},{"taxonomy":"product_cat","embeddable":true,"href":"https:\/\/hwtmart.ch\/index.php?rest_route=%2Fwp%2Fv2%2Fproduct_cat&post=9215"},{"taxonomy":"product_tag","embeddable":true,"href":"https:\/\/hwtmart.ch\/index.php?rest_route=%2Fwp%2Fv2%2Fproduct_tag&post=9215"}],"curies":[{"name":"wp","href":"https:\/\/api.w.org\/{rel}","templated":true}]}}