{"id":9243,"date":"2025-09-30T12:53:17","date_gmt":"2025-09-30T12:53:17","guid":{"rendered":"https:\/\/hwtmart.ch\/?post_type=product&#038;p=9243"},"modified":"2026-04-08T04:16:34","modified_gmt":"2026-04-08T03:16:34","slug":"coque-pour-iphone-17-pro-max","status":"publish","type":"product","link":"https:\/\/hwtmart.ch\/?product=coque-pour-iphone-17-pro-max","title":{"rendered":"Coque standard pour iPhone 17PM, coque anti-rayures antichoc, coque mince en TPU souple"},"content":{"rendered":"<h2>Prot\u00e9gez votre iPhone 17PM avec pr\u00e9cision<\/h2>\n<p>Offrez \u00e0 votre iPhone 17PM la protection qu&rsquo;il m\u00e9rite gr\u00e2ce \u00e0 cette coque standard, con\u00e7ue pour allier fonctionnalit\u00e9 et design. Que vous cherchiez \u00e0 pr\u00e9server votre t\u00e9l\u00e9phone des rayures ou des petits chocs du quotidien, cette coque est id\u00e9ale. Fabriqu\u00e9e en TPU souple, elle offre une d\u00e9fense efficace sans ajout inutile de volume.<\/p>\n<h2>Un design mince et \u00e9l\u00e9gant<\/h2>\n<p>L&rsquo;une des caract\u00e9ristiques les plus appr\u00e9ci\u00e9es de cette coque est son profil mince. Elle \u00e9pouse parfaitement les courbes de votre iPhone 17PM, garantissant une esth\u00e9tique \u00e9pur\u00e9e et moderne. Sa composition en mat\u00e9riaux TPU de haute qualit\u00e9 ajoute une touche de souplesse tout en maintenant une excellente durabilit\u00e9. Cette coque antichoc est l\u00e9g\u00e8re et s&rsquo;adapte parfaitement \u00e0 votre appareil, vous permettant de le glisser facilement dans votre poche ou sac sans encombre.<\/p>\n<h2>Des caract\u00e9ristiques anti-rayures avanc\u00e9es<\/h2>\n<p>Prot\u00e9gez l&rsquo;apparence impeccable de votre iPhone gr\u00e2ce \u00e0 sa propri\u00e9t\u00e9 anti-rayures. La surface de la coque est con\u00e7ue pour r\u00e9sister aux \u00e9raflures et rayures, tout en offrant un toucher agr\u00e9able et une prise en main confortable. Ainsi, votre appareil demeure \u00e9l\u00e9gant et fonctionnel, m\u00eame apr\u00e8s des mois d&rsquo;utilisation.<\/p>\n<p>Que vous soyez en d\u00e9placement ou que vous utilisiez votre t\u00e9l\u00e9phone intensivement dans la vie quotidienne, cette coque standard garantit une protection fiable et une exp\u00e9rience utilisateur optimale. Optez pour une coque qui combine style, protection et praticit\u00e9 pour sublimer votre iPhone 17PM.<\/p>\n","protected":false},"excerpt":{"rendered":"<p>Prot\u00e9gez votre iPhone 17PM avec pr\u00e9cision Offrez \u00e0 votre iPhone 17PM la protection qu&rsquo;il m\u00e9rite gr\u00e2ce \u00e0 cette coque standard, con\u00e7ue pour allier fonctionnalit\u00e9 et design. Que vous cherchiez \u00e0 pr\u00e9server votre t\u00e9l\u00e9phone des rayures ou des petits chocs du quotidien, cette coque est id\u00e9ale. Fabriqu\u00e9e en TPU souple, elle offre une d\u00e9fense efficace sans<\/p>\n<div class=\"klb-readmore entry-button\"><a class=\"btn link\" href=\"https:\/\/hwtmart.ch\/?product=coque-pour-iphone-17-pro-max\">Read More <i class=\"klbth-icon-right-arrow\"><\/i><\/a><\/div>\n","protected":false},"featured_media":9509,"comment_status":"open","ping_status":"closed","template":"","meta":[],"product_brand":[],"product_cat":[793,794,817],"product_tag":[],"class_list":{"0":"post-9243","1":"product","2":"type-product","3":"status-publish","4":"has-post-thumbnail","6":"product_cat-etui-de-telephone-chargeur-mural-power-bank-support-de-telephone-voiture","7":"product_cat-etui-de-telephone","8":"product_cat-soldes","9":"product_shipping_class-livraison-dans-2-a-5-jours","11":"first","12":"instock","13":"sale","14":"taxable","15":"shipping-taxable","16":"purchasable","17":"product-type-variable"},"jetpack_sharing_enabled":true,"_links":{"self":[{"href":"https:\/\/hwtmart.ch\/index.php?rest_route=\/wp\/v2\/product\/9243","targetHints":{"allow":["GET"]}}],"collection":[{"href":"https:\/\/hwtmart.ch\/index.php?rest_route=\/wp\/v2\/product"}],"about":[{"href":"https:\/\/hwtmart.ch\/index.php?rest_route=\/wp\/v2\/types\/product"}],"replies":[{"embeddable":true,"href":"https:\/\/hwtmart.ch\/index.php?rest_route=%2Fwp%2Fv2%2Fcomments&post=9243"}],"version-history":[{"count":4,"href":"https:\/\/hwtmart.ch\/index.php?rest_route=\/wp\/v2\/product\/9243\/revisions"}],"predecessor-version":[{"id":9672,"href":"https:\/\/hwtmart.ch\/index.php?rest_route=\/wp\/v2\/product\/9243\/revisions\/9672"}],"wp:featuredmedia":[{"embeddable":true,"href":"https:\/\/hwtmart.ch\/index.php?rest_route=\/wp\/v2\/media\/9509"}],"wp:attachment":[{"href":"https:\/\/hwtmart.ch\/index.php?rest_route=%2Fwp%2Fv2%2Fmedia&parent=9243"}],"wp:term":[{"taxonomy":"product_brand","embeddable":true,"href":"https:\/\/hwtmart.ch\/index.php?rest_route=%2Fwp%2Fv2%2Fproduct_brand&post=9243"},{"taxonomy":"product_cat","embeddable":true,"href":"https:\/\/hwtmart.ch\/index.php?rest_route=%2Fwp%2Fv2%2Fproduct_cat&post=9243"},{"taxonomy":"product_tag","embeddable":true,"href":"https:\/\/hwtmart.ch\/index.php?rest_route=%2Fwp%2Fv2%2Fproduct_tag&post=9243"}],"curies":[{"name":"wp","href":"https:\/\/api.w.org\/{rel}","templated":true}]}}