{"id":9633,"date":"2025-11-03T08:01:47","date_gmt":"2025-11-03T08:01:47","guid":{"rendered":"https:\/\/hwtmart.ch\/?post_type=product&#038;p=9633"},"modified":"2026-04-08T04:04:28","modified_gmt":"2026-04-08T03:04:28","slug":"etui-a-ventouses-pour-iphone-17","status":"publish","type":"product","link":"https:\/\/hwtmart.ch\/?product=etui-a-ventouses-pour-iphone-17","title":{"rendered":"Coque de t\u00e9l\u00e9phone \u00e0 ventouse pour iPhone s\u00e9rie 17, coque antid\u00e9rapante antichoc, poign\u00e9e adh\u00e9sive"},"content":{"rendered":"<h2>Des performances de s\u00e9curit\u00e9 optimales<\/h2>\n<p>D\u00e9couvrez la coque de t\u00e9l\u00e9phone \u00e0 ventouse sp\u00e9cialement con\u00e7ue pour la s\u00e9rie iPhone 17. Sa conception antid\u00e9rapante et antichoc garantit \u00e0 votre appareil une protection sans compromis, tout en offrant une prise en main pratique. Offrez \u00e0 votre iPhone un partenaire de confiance pour braver les al\u00e9as du quotidien.<\/p>\n<h2>Une adh\u00e9rence exceptionnelle gr\u00e2ce \u00e0 la poign\u00e9e ventouse<\/h2>\n<p>Ce produit se distingue par son syst\u00e8me innovant de poign\u00e9e adh\u00e9sive. La ventouse assure un maintien ferme de votre t\u00e9l\u00e9phone, r\u00e9duisant les risques de glissade, m\u00eame dans vos activit\u00e9s les plus dynamiques. Que vous soyez en d\u00e9placement, en appel, ou simplement en train de naviguer sur votre t\u00e9l\u00e9phone, cette fonctionnalit\u00e9 assure un confort accru.<\/p>\n<h2>Design moderne et durable<\/h2>\n<p>Fabriqu\u00e9e avec des mat\u00e9riaux de haute qualit\u00e9, la coque antichoc offre \u00e0 la fois durabilit\u00e9 et style. Sa finition \u00e9l\u00e9gante s&rsquo;adapte parfaitement \u00e0 l&rsquo;esth\u00e9tique d&rsquo;un iPhone s\u00e9rie 17, tout en ajoutant une couche protectrice essentielle. Avec cette coque, vous combinez protection renforc\u00e9e et design attractif.<\/p>\n<p>Que vous recherchiez une coque fiable pour les d\u00e9placements ou une solution pratique pour am\u00e9liorer votre prise en main, notre coque de t\u00e9l\u00e9phone \u00e0 ventouse pour iPhone s\u00e9rie 17 est le choix id\u00e9al. Saisissez l\u2019opportunit\u00e9 de prot\u00e9ger votre appareil tout en facilitant son utilisation quotidienne.<\/p>\n","protected":false},"excerpt":{"rendered":"<p>Des performances de s\u00e9curit\u00e9 optimales D\u00e9couvrez la coque de t\u00e9l\u00e9phone \u00e0 ventouse sp\u00e9cialement con\u00e7ue pour la s\u00e9rie iPhone 17. Sa conception antid\u00e9rapante et antichoc garantit \u00e0 votre appareil une protection sans compromis, tout en offrant une prise en main pratique. Offrez \u00e0 votre iPhone un partenaire de confiance pour braver les al\u00e9as du quotidien. Une<\/p>\n<div class=\"klb-readmore entry-button\"><a class=\"btn link\" href=\"https:\/\/hwtmart.ch\/?product=etui-a-ventouses-pour-iphone-17\">Read More <i class=\"klbth-icon-right-arrow\"><\/i><\/a><\/div>\n","protected":false},"featured_media":9651,"comment_status":"open","ping_status":"closed","template":"","meta":[],"product_brand":[],"product_cat":[817,793,794],"product_tag":[],"class_list":{"0":"post-9633","1":"product","2":"type-product","3":"status-publish","4":"has-post-thumbnail","6":"product_cat-soldes","7":"product_cat-etui-de-telephone-chargeur-mural-power-bank-support-de-telephone-voiture","8":"product_cat-etui-de-telephone","9":"product_shipping_class-livraison-dans-2-a-5-jours","11":"first","12":"instock","13":"sale","14":"taxable","15":"shipping-taxable","16":"purchasable","17":"product-type-variable"},"jetpack_sharing_enabled":true,"_links":{"self":[{"href":"https:\/\/hwtmart.ch\/index.php?rest_route=\/wp\/v2\/product\/9633","targetHints":{"allow":["GET"]}}],"collection":[{"href":"https:\/\/hwtmart.ch\/index.php?rest_route=\/wp\/v2\/product"}],"about":[{"href":"https:\/\/hwtmart.ch\/index.php?rest_route=\/wp\/v2\/types\/product"}],"replies":[{"embeddable":true,"href":"https:\/\/hwtmart.ch\/index.php?rest_route=%2Fwp%2Fv2%2Fcomments&post=9633"}],"version-history":[{"count":6,"href":"https:\/\/hwtmart.ch\/index.php?rest_route=\/wp\/v2\/product\/9633\/revisions"}],"predecessor-version":[{"id":10592,"href":"https:\/\/hwtmart.ch\/index.php?rest_route=\/wp\/v2\/product\/9633\/revisions\/10592"}],"wp:featuredmedia":[{"embeddable":true,"href":"https:\/\/hwtmart.ch\/index.php?rest_route=\/wp\/v2\/media\/9651"}],"wp:attachment":[{"href":"https:\/\/hwtmart.ch\/index.php?rest_route=%2Fwp%2Fv2%2Fmedia&parent=9633"}],"wp:term":[{"taxonomy":"product_brand","embeddable":true,"href":"https:\/\/hwtmart.ch\/index.php?rest_route=%2Fwp%2Fv2%2Fproduct_brand&post=9633"},{"taxonomy":"product_cat","embeddable":true,"href":"https:\/\/hwtmart.ch\/index.php?rest_route=%2Fwp%2Fv2%2Fproduct_cat&post=9633"},{"taxonomy":"product_tag","embeddable":true,"href":"https:\/\/hwtmart.ch\/index.php?rest_route=%2Fwp%2Fv2%2Fproduct_tag&post=9633"}],"curies":[{"name":"wp","href":"https:\/\/api.w.org\/{rel}","templated":true}]}}